{"id":1411,"date":"2025-10-29T23:26:57","date_gmt":"2025-10-29T23:26:57","guid":{"rendered":"https:\/\/mythkeyjewelry.com\/?post_type=product&#038;p=1411"},"modified":"2025-11-01T00:25:03","modified_gmt":"2025-11-01T00:25:03","slug":"mythkey-pear-cut-cluster-spiral-ring","status":"publish","type":"product","link":"https:\/\/mythkeyjewelry.com\/es_es\/producto\/mythkey-pear-cut-cluster-spiral-ring\/","title":{"rendered":"MYTHKEY Anillo en espiral con racimo talla pera"},"content":{"rendered":"<p>El anillo MYTHKEY Celestial Flow encarna la gracia del movimiento capturado en la luz. Su silueta en espiral est\u00e1 adornada con cristales engastados en pav\u00e9 que se deslizan alrededor de una pieza central en forma de pera, un dise\u00f1o que refleja elegancia y arte moderno. Radiante desde todos los \u00e1ngulos, evoca el resplandeciente camino de la luz de las estrellas a trav\u00e9s del cielo nocturno: atemporal, fluido y cautivador.<\/p>","protected":false},"excerpt":{"rendered":"<p>Nombre: Flujo Celeste<br \/>\nMaterial: Plata 925<br \/>\nTipo de piedra: Cristal sint\u00e9tico<br \/>\nPeso total: 4 g<br \/>\nA\u00f1o\/temporada de lanzamiento: Primavera 2024<br \/>\nC\u00f3digo del producto: 24R02<\/p>","protected":false},"featured_media":1412,"comment_status":"open","ping_status":"closed","template":"","meta":{"_acf_changed":false},"product_brand":[],"product_cat":[30],"product_tag":[],"class_list":{"0":"post-1411","1":"product","2":"type-product","3":"status-publish","4":"has-post-thumbnail","6":"product_cat-rings","8":"first","9":"instock","10":"shipping-taxable","11":"purchasable","12":"product-type-simple","13":"wpzoom-wc-spi-has-enabled"},"acf":[],"_links":{"self":[{"href":"https:\/\/mythkeyjewelry.com\/es_es\/wp-json\/wp\/v2\/product\/1411","targetHints":{"allow":["GET"]}}],"collection":[{"href":"https:\/\/mythkeyjewelry.com\/es_es\/wp-json\/wp\/v2\/product"}],"about":[{"href":"https:\/\/mythkeyjewelry.com\/es_es\/wp-json\/wp\/v2\/types\/product"}],"replies":[{"embeddable":true,"href":"https:\/\/mythkeyjewelry.com\/es_es\/wp-json\/wp\/v2\/comments?post=1411"}],"version-history":[{"count":2,"href":"https:\/\/mythkeyjewelry.com\/es_es\/wp-json\/wp\/v2\/product\/1411\/revisions"}],"predecessor-version":[{"id":1436,"href":"https:\/\/mythkeyjewelry.com\/es_es\/wp-json\/wp\/v2\/product\/1411\/revisions\/1436"}],"wp:featuredmedia":[{"embeddable":true,"href":"https:\/\/mythkeyjewelry.com\/es_es\/wp-json\/wp\/v2\/media\/1412"}],"wp:attachment":[{"href":"https:\/\/mythkeyjewelry.com\/es_es\/wp-json\/wp\/v2\/media?parent=1411"}],"wp:term":[{"taxonomy":"product_brand","embeddable":true,"href":"https:\/\/mythkeyjewelry.com\/es_es\/wp-json\/wp\/v2\/product_brand?post=1411"},{"taxonomy":"product_cat","embeddable":true,"href":"https:\/\/mythkeyjewelry.com\/es_es\/wp-json\/wp\/v2\/product_cat?post=1411"},{"taxonomy":"product_tag","embeddable":true,"href":"https:\/\/mythkeyjewelry.com\/es_es\/wp-json\/wp\/v2\/product_tag?post=1411"}],"curies":[{"name":"wp","href":"https:\/\/api.w.org\/{rel}","templated":true}]}}