{"id":1442,"date":"2025-10-30T06:15:45","date_gmt":"2025-10-30T06:15:45","guid":{"rendered":"https:\/\/mythkeyjewelry.com\/?post_type=product&#038;p=1442"},"modified":"2025-11-01T00:24:10","modified_gmt":"2025-11-01T00:24:10","slug":"mythkey-5-5-carat-pink-pear-crystal-wing-halo-ring","status":"publish","type":"product","link":"https:\/\/mythkeyjewelry.com\/es_es\/producto\/mythkey-5-5-carat-pink-pear-crystal-wing-halo-ring\/","title":{"rendered":"MYTHKEY Anillo Halo de Cristal de Pera Rosa de 5.5 Quilates"},"content":{"rendered":"<p>El anillo MYTHKEY Aurora Winged Tear evoca la belleza de la primera luz del amanecer. Un luminoso cristal rosa talla pera descansa sobre un abanico de piedras talla marquesa, formando unas alas en forma de pluma que irradian brillo desde todos los \u00e1ngulos. Este dise\u00f1o simboliza la luz, la esperanza y los nuevos comienzos: una pieza que brilla con encanto et\u00e9reo, tanto para ocasiones especiales como para elevar la elegancia cotidiana.<\/p>","protected":false},"excerpt":{"rendered":"<p>Nombre: Aurora Rosa<br \/>\nMaterial: Plata 925<br \/>\nPiedra principal: Cristal sint\u00e9tico de 5,5 quilates<br \/>\nTama\u00f1o de la piedra: 10*15 mm<br \/>\nPeso total: 8 g<br \/>\nA\u00f1o\/temporada de lanzamiento: Primavera 2025<br \/>\nC\u00f3digo del producto: 25SR6<\/p>","protected":false},"featured_media":1443,"comment_status":"open","ping_status":"closed","template":"","meta":{"_acf_changed":false},"product_brand":[],"product_cat":[30],"product_tag":[],"class_list":{"0":"post-1442","1":"product","2":"type-product","3":"status-publish","4":"has-post-thumbnail","6":"product_cat-rings","8":"first","9":"instock","10":"shipping-taxable","11":"purchasable","12":"product-type-simple","13":"wpzoom-wc-spi-has-enabled"},"acf":[],"_links":{"self":[{"href":"https:\/\/mythkeyjewelry.com\/es_es\/wp-json\/wp\/v2\/product\/1442","targetHints":{"allow":["GET"]}}],"collection":[{"href":"https:\/\/mythkeyjewelry.com\/es_es\/wp-json\/wp\/v2\/product"}],"about":[{"href":"https:\/\/mythkeyjewelry.com\/es_es\/wp-json\/wp\/v2\/types\/product"}],"replies":[{"embeddable":true,"href":"https:\/\/mythkeyjewelry.com\/es_es\/wp-json\/wp\/v2\/comments?post=1442"}],"version-history":[{"count":1,"href":"https:\/\/mythkeyjewelry.com\/es_es\/wp-json\/wp\/v2\/product\/1442\/revisions"}],"predecessor-version":[{"id":1448,"href":"https:\/\/mythkeyjewelry.com\/es_es\/wp-json\/wp\/v2\/product\/1442\/revisions\/1448"}],"wp:featuredmedia":[{"embeddable":true,"href":"https:\/\/mythkeyjewelry.com\/es_es\/wp-json\/wp\/v2\/media\/1443"}],"wp:attachment":[{"href":"https:\/\/mythkeyjewelry.com\/es_es\/wp-json\/wp\/v2\/media?parent=1442"}],"wp:term":[{"taxonomy":"product_brand","embeddable":true,"href":"https:\/\/mythkeyjewelry.com\/es_es\/wp-json\/wp\/v2\/product_brand?post=1442"},{"taxonomy":"product_cat","embeddable":true,"href":"https:\/\/mythkeyjewelry.com\/es_es\/wp-json\/wp\/v2\/product_cat?post=1442"},{"taxonomy":"product_tag","embeddable":true,"href":"https:\/\/mythkeyjewelry.com\/es_es\/wp-json\/wp\/v2\/product_tag?post=1442"}],"curies":[{"name":"wp","href":"https:\/\/api.w.org\/{rel}","templated":true}]}}