{"id":1449,"date":"2025-10-30T21:10:25","date_gmt":"2025-10-30T21:10:25","guid":{"rendered":"https:\/\/mythkeyjewelry.com\/?post_type=product&#038;p=1449"},"modified":"2025-11-01T00:23:16","modified_gmt":"2025-11-01T00:23:16","slug":"mythkey-marquise-multi-row-crystal-ring","status":"publish","type":"product","link":"https:\/\/mythkeyjewelry.com\/es_es\/producto\/mythkey-marquise-multi-row-crystal-ring\/","title":{"rendered":"MYTHKEY Anillo de cristal marquesa de varias filas"},"content":{"rendered":"<p>El anillo MYTHKEY Silver Leaf Symphony captura el movimiento po\u00e9tico de la luz en cascada. Filas de cristales talla marquesa envuelven con gracia el dedo, formando una silueta fluida inspirada en hojas en capas y suaves texturas aladas.Engarzado a mano para garantizar un brillo duradero, cada piedra refleja el resplandor desde todos los \u00e1ngulos, haciendo que este dise\u00f1o sea radiante sin esfuerzo tanto para el brillo diario como para el glamour nocturno. Ll\u00e9velo como una celebraci\u00f3n del movimiento, la gracia y el arte del lujo tranquilo.<\/p>","protected":false},"excerpt":{"rendered":"<p>Nombre: Sinfon\u00eda Hoja de Plata<br \/>\nMaterial: Plata 925<br \/>\nPiedra principal: Cristal sint\u00e9tico<br \/>\nPeso total: 4,3 g<br \/>\nA\u00f1o\/temporada de lanzamiento: Primavera 2025<br \/>\nC\u00f3digo del producto: 25SR7<\/p>","protected":false},"featured_media":1456,"comment_status":"open","ping_status":"closed","template":"","meta":{"_acf_changed":false},"product_brand":[],"product_cat":[30],"product_tag":[],"class_list":{"0":"post-1449","1":"product","2":"type-product","3":"status-publish","4":"has-post-thumbnail","6":"product_cat-rings","8":"first","9":"instock","10":"shipping-taxable","11":"purchasable","12":"product-type-simple","13":"wpzoom-wc-spi-has-enabled"},"acf":[],"_links":{"self":[{"href":"https:\/\/mythkeyjewelry.com\/es_es\/wp-json\/wp\/v2\/product\/1449","targetHints":{"allow":["GET"]}}],"collection":[{"href":"https:\/\/mythkeyjewelry.com\/es_es\/wp-json\/wp\/v2\/product"}],"about":[{"href":"https:\/\/mythkeyjewelry.com\/es_es\/wp-json\/wp\/v2\/types\/product"}],"replies":[{"embeddable":true,"href":"https:\/\/mythkeyjewelry.com\/es_es\/wp-json\/wp\/v2\/comments?post=1449"}],"version-history":[{"count":1,"href":"https:\/\/mythkeyjewelry.com\/es_es\/wp-json\/wp\/v2\/product\/1449\/revisions"}],"predecessor-version":[{"id":1454,"href":"https:\/\/mythkeyjewelry.com\/es_es\/wp-json\/wp\/v2\/product\/1449\/revisions\/1454"}],"wp:featuredmedia":[{"embeddable":true,"href":"https:\/\/mythkeyjewelry.com\/es_es\/wp-json\/wp\/v2\/media\/1456"}],"wp:attachment":[{"href":"https:\/\/mythkeyjewelry.com\/es_es\/wp-json\/wp\/v2\/media?parent=1449"}],"wp:term":[{"taxonomy":"product_brand","embeddable":true,"href":"https:\/\/mythkeyjewelry.com\/es_es\/wp-json\/wp\/v2\/product_brand?post=1449"},{"taxonomy":"product_cat","embeddable":true,"href":"https:\/\/mythkeyjewelry.com\/es_es\/wp-json\/wp\/v2\/product_cat?post=1449"},{"taxonomy":"product_tag","embeddable":true,"href":"https:\/\/mythkeyjewelry.com\/es_es\/wp-json\/wp\/v2\/product_tag?post=1449"}],"curies":[{"name":"wp","href":"https:\/\/api.w.org\/{rel}","templated":true}]}}