{"id":1457,"date":"2025-10-31T01:28:51","date_gmt":"2025-10-31T01:28:51","guid":{"rendered":"https:\/\/mythkeyjewelry.com\/?post_type=product&#038;p=1457"},"modified":"2025-11-01T00:22:58","modified_gmt":"2025-11-01T00:22:58","slug":"mythkey-baguette-round-multi-row-crystal-ring","status":"publish","type":"product","link":"https:\/\/mythkeyjewelry.com\/es_es\/producto\/mythkey-baguette-round-multi-row-crystal-ring\/","title":{"rendered":"MYTHKEY Anillo de Cristal Baguette y Redondo de Varias Filas"},"content":{"rendered":"<p>El anillo Crystal City Skyline de MYTHKEY se inspira en los rascacielos iluminados que se elevan en la noche. Un lujoso juego de cristales talla baguette y talla redonda forma un refinado ritmo geom\u00e9trico, reflejando la luz con cada giro. Esculpida en plata reluciente, esta banda ofrece una elegancia arquitect\u00f3nica: atrevida pero pulida, radiante pero sin esfuerzo. Ll\u00e9vala para llamar la atenci\u00f3n con una sofisticaci\u00f3n moderna y un brillo atemporal.<\/p>","protected":false},"excerpt":{"rendered":"<p>Nombre: Horizonte de Crystal City<br \/>\nMaterial: Plata 925<br \/>\nPiedra principal: Cristal sint\u00e9tico<br \/>\nPeso total: 8,5 g<br \/>\nA\u00f1o\/temporada de lanzamiento: Primavera 2025<br \/>\nC\u00f3digo del producto: 25SR8<\/p>","protected":false},"featured_media":1458,"comment_status":"open","ping_status":"closed","template":"","meta":{"_acf_changed":false},"product_brand":[],"product_cat":[30],"product_tag":[],"class_list":{"0":"post-1457","1":"product","2":"type-product","3":"status-publish","4":"has-post-thumbnail","6":"product_cat-rings","8":"first","9":"instock","10":"shipping-taxable","11":"purchasable","12":"product-type-simple","13":"wpzoom-wc-spi-has-enabled"},"acf":[],"_links":{"self":[{"href":"https:\/\/mythkeyjewelry.com\/es_es\/wp-json\/wp\/v2\/product\/1457","targetHints":{"allow":["GET"]}}],"collection":[{"href":"https:\/\/mythkeyjewelry.com\/es_es\/wp-json\/wp\/v2\/product"}],"about":[{"href":"https:\/\/mythkeyjewelry.com\/es_es\/wp-json\/wp\/v2\/types\/product"}],"replies":[{"embeddable":true,"href":"https:\/\/mythkeyjewelry.com\/es_es\/wp-json\/wp\/v2\/comments?post=1457"}],"version-history":[{"count":2,"href":"https:\/\/mythkeyjewelry.com\/es_es\/wp-json\/wp\/v2\/product\/1457\/revisions"}],"predecessor-version":[{"id":1463,"href":"https:\/\/mythkeyjewelry.com\/es_es\/wp-json\/wp\/v2\/product\/1457\/revisions\/1463"}],"wp:featuredmedia":[{"embeddable":true,"href":"https:\/\/mythkeyjewelry.com\/es_es\/wp-json\/wp\/v2\/media\/1458"}],"wp:attachment":[{"href":"https:\/\/mythkeyjewelry.com\/es_es\/wp-json\/wp\/v2\/media?parent=1457"}],"wp:term":[{"taxonomy":"product_brand","embeddable":true,"href":"https:\/\/mythkeyjewelry.com\/es_es\/wp-json\/wp\/v2\/product_brand?post=1457"},{"taxonomy":"product_cat","embeddable":true,"href":"https:\/\/mythkeyjewelry.com\/es_es\/wp-json\/wp\/v2\/product_cat?post=1457"},{"taxonomy":"product_tag","embeddable":true,"href":"https:\/\/mythkeyjewelry.com\/es_es\/wp-json\/wp\/v2\/product_tag?post=1457"}],"curies":[{"name":"wp","href":"https:\/\/api.w.org\/{rel}","templated":true}]}}