{"id":1474,"date":"2025-10-31T02:37:10","date_gmt":"2025-10-31T02:37:10","guid":{"rendered":"https:\/\/mythkeyjewelry.com\/?post_type=product&#038;p=1474"},"modified":"2025-11-01T00:22:45","modified_gmt":"2025-11-01T00:22:45","slug":"mythkey-2-5-carat-white-cabochon-crystal-halo-ring","status":"publish","type":"product","link":"https:\/\/mythkeyjewelry.com\/es_es\/producto\/mythkey-2-5-carat-white-cabochon-crystal-halo-ring\/","title":{"rendered":"MYTHKEY Anillo Halo de Cristal Cabuj\u00f3n Blanco de 2,5 Quilates"},"content":{"rendered":"<p>El anillo MYTHKEY Eternal White encarna la pureza y la serena luminosidad: un luminoso cabuj\u00f3n de cristal blanco descansa en el centro, rodeado de un halo de piedras talladas con precisi\u00f3n que brillan como la escarcha. Engarzado en plata pulida, este dise\u00f1o combina la elegancia suave con el brillo celestial, creando un resplandor sereno que complementa tanto la gracia cotidiana como la sofisticaci\u00f3n nocturna. Ll\u00e9velo como un toque de luz de luna: tranquilo, luminoso y eterno.<\/p>","protected":false},"excerpt":{"rendered":"<p>Nombre: Blanco Eterno<br \/>\nMaterial: Plata 925<br \/>\nTipo de Piedra: Cristal sint\u00e9tico de 2,5 quilates<br \/>\nTama\u00f1o de la piedra: 8*10 mm<br \/>\nPeso total: 5,3 g<br \/>\nA\u00f1o\/temporada de lanzamiento: Primavera 2025<br \/>\nC\u00f3digo del producto: 25R02<\/p>","protected":false},"featured_media":1479,"comment_status":"open","ping_status":"closed","template":"","meta":{"_acf_changed":false},"product_brand":[],"product_cat":[30],"product_tag":[],"class_list":{"0":"post-1474","1":"product","2":"type-product","3":"status-publish","4":"has-post-thumbnail","6":"product_cat-rings","8":"first","9":"instock","10":"shipping-taxable","11":"purchasable","12":"product-type-simple","13":"wpzoom-wc-spi-has-enabled"},"acf":[],"_links":{"self":[{"href":"https:\/\/mythkeyjewelry.com\/es_es\/wp-json\/wp\/v2\/product\/1474","targetHints":{"allow":["GET"]}}],"collection":[{"href":"https:\/\/mythkeyjewelry.com\/es_es\/wp-json\/wp\/v2\/product"}],"about":[{"href":"https:\/\/mythkeyjewelry.com\/es_es\/wp-json\/wp\/v2\/types\/product"}],"replies":[{"embeddable":true,"href":"https:\/\/mythkeyjewelry.com\/es_es\/wp-json\/wp\/v2\/comments?post=1474"}],"version-history":[{"count":1,"href":"https:\/\/mythkeyjewelry.com\/es_es\/wp-json\/wp\/v2\/product\/1474\/revisions"}],"predecessor-version":[{"id":1480,"href":"https:\/\/mythkeyjewelry.com\/es_es\/wp-json\/wp\/v2\/product\/1474\/revisions\/1480"}],"wp:featuredmedia":[{"embeddable":true,"href":"https:\/\/mythkeyjewelry.com\/es_es\/wp-json\/wp\/v2\/media\/1479"}],"wp:attachment":[{"href":"https:\/\/mythkeyjewelry.com\/es_es\/wp-json\/wp\/v2\/media?parent=1474"}],"wp:term":[{"taxonomy":"product_brand","embeddable":true,"href":"https:\/\/mythkeyjewelry.com\/es_es\/wp-json\/wp\/v2\/product_brand?post=1474"},{"taxonomy":"product_cat","embeddable":true,"href":"https:\/\/mythkeyjewelry.com\/es_es\/wp-json\/wp\/v2\/product_cat?post=1474"},{"taxonomy":"product_tag","embeddable":true,"href":"https:\/\/mythkeyjewelry.com\/es_es\/wp-json\/wp\/v2\/product_tag?post=1474"}],"curies":[{"name":"wp","href":"https:\/\/api.w.org\/{rel}","templated":true}]}}