{"id":1481,"date":"2025-10-31T03:14:42","date_gmt":"2025-10-31T03:14:42","guid":{"rendered":"https:\/\/mythkeyjewelry.com\/?post_type=product&#038;p=1481"},"modified":"2025-11-25T05:52:58","modified_gmt":"2025-11-25T05:52:58","slug":"mythkey-4-8-carat-green-round-crystal-lotus-halo-ring","status":"publish","type":"product","link":"https:\/\/mythkeyjewelry.com\/es_es\/producto\/mythkey-4-8-carat-green-round-crystal-lotus-halo-ring\/","title":{"rendered":"MYTHKEY Anillo Halo Loto Cristal Redondo Verde 4.8 Quilates"},"content":{"rendered":"<p>El anillo MYTHKEY Verdant Radiance celebra el vivo resplandor de la naturaleza en plena floraci\u00f3n. En su coraz\u00f3n yace un vibrante cristal verde, que brilla como la luz del sol a trav\u00e9s de las frescas hojas de primavera. Rodeado por un halo de piedras talladas con precisi\u00f3n, forma una luminosa silueta floral que parpadea con cada movimiento. Ll\u00e9velo como un toque de luz viva, donde la elegancia se une al pulso de la naturaleza.<\/p>","protected":false},"excerpt":{"rendered":"<p>Nombre: Resplandor verde<br \/>\nMaterial: Plata 925<br \/>\nPiedra principal: Cristal sint\u00e9tico de 4,8 quilates<br \/>\nTama\u00f1o de la piedra: 10*12 mm<br \/>\nPeso total: 8,5 g<br \/>\nA\u00f1o\/temporada de lanzamiento: Oto\u00f1o 2025<br \/>\nC\u00f3digo del producto: 25AR04<\/p>","protected":false},"featured_media":1498,"comment_status":"open","ping_status":"closed","template":"","meta":{"_acf_changed":false},"product_brand":[],"product_cat":[30],"product_tag":[],"class_list":{"0":"post-1481","1":"product","2":"type-product","3":"status-publish","4":"has-post-thumbnail","6":"product_cat-rings","8":"first","9":"instock","10":"shipping-taxable","11":"purchasable","12":"product-type-simple","13":"wpzoom-wc-spi-has-enabled"},"acf":[],"_links":{"self":[{"href":"https:\/\/mythkeyjewelry.com\/es_es\/wp-json\/wp\/v2\/product\/1481","targetHints":{"allow":["GET"]}}],"collection":[{"href":"https:\/\/mythkeyjewelry.com\/es_es\/wp-json\/wp\/v2\/product"}],"about":[{"href":"https:\/\/mythkeyjewelry.com\/es_es\/wp-json\/wp\/v2\/types\/product"}],"replies":[{"embeddable":true,"href":"https:\/\/mythkeyjewelry.com\/es_es\/wp-json\/wp\/v2\/comments?post=1481"}],"version-history":[{"count":2,"href":"https:\/\/mythkeyjewelry.com\/es_es\/wp-json\/wp\/v2\/product\/1481\/revisions"}],"predecessor-version":[{"id":1641,"href":"https:\/\/mythkeyjewelry.com\/es_es\/wp-json\/wp\/v2\/product\/1481\/revisions\/1641"}],"wp:featuredmedia":[{"embeddable":true,"href":"https:\/\/mythkeyjewelry.com\/es_es\/wp-json\/wp\/v2\/media\/1498"}],"wp:attachment":[{"href":"https:\/\/mythkeyjewelry.com\/es_es\/wp-json\/wp\/v2\/media?parent=1481"}],"wp:term":[{"taxonomy":"product_brand","embeddable":true,"href":"https:\/\/mythkeyjewelry.com\/es_es\/wp-json\/wp\/v2\/product_brand?post=1481"},{"taxonomy":"product_cat","embeddable":true,"href":"https:\/\/mythkeyjewelry.com\/es_es\/wp-json\/wp\/v2\/product_cat?post=1481"},{"taxonomy":"product_tag","embeddable":true,"href":"https:\/\/mythkeyjewelry.com\/es_es\/wp-json\/wp\/v2\/product_tag?post=1481"}],"curies":[{"name":"wp","href":"https:\/\/api.w.org\/{rel}","templated":true}]}}