{"id":1488,"date":"2025-10-31T03:44:12","date_gmt":"2025-10-31T03:44:12","guid":{"rendered":"https:\/\/mythkeyjewelry.com\/?post_type=product&#038;p=1488"},"modified":"2025-11-24T05:41:08","modified_gmt":"2025-11-24T05:41:08","slug":"mythkey-4-8-carat-oval-teal-crystal-halo-ring","status":"publish","type":"product","link":"https:\/\/mythkeyjewelry.com\/es_es\/producto\/mythkey-4-8-carat-oval-teal-crystal-halo-ring\/","title":{"rendered":"MYTHKEY Anillo Halo Ovalado de Cristal Teal de 4,8 Quilates"},"content":{"rendered":"<p>El anillo Aqua Grace de MYTHKEY encarna el resplandor sereno con un toque cl\u00e1sico moderno. En su centro brilla un v\u00edvido cristal verde azulado de talla oval, que recuerda a las aguas tranquilas besadas por la luz de la ma\u00f1ana. Rodeado por un halo de piedras talladas con precisi\u00f3n, brilla desde todos los \u00e1ngulos, ofreciendo un destello atemporal y una refinada sofisticaci\u00f3n. Elaborada en plata de ley, esta pieza aporta un susurro de elegancia tanto a los momentos cotidianos como a las veladas formales: elegante, fresca y siempre luminosa.<\/p>","protected":false},"excerpt":{"rendered":"<p>Nombre: Aqua Grace<br \/>\nMaterial: Plata 925<br \/>\nPiedra principal: Cristal sint\u00e9tico de 4,8 quilates<br \/>\nTama\u00f1o de la piedra: 10*12 mm<br \/>\nPeso total: 8,3 g<br \/>\nA\u00f1o\/temporada de lanzamiento: Oto\u00f1o 2025<br \/>\nC\u00f3digo del producto: 25AR03<\/p>","protected":false},"featured_media":1491,"comment_status":"open","ping_status":"closed","template":"","meta":{"_acf_changed":false},"product_brand":[],"product_cat":[30],"product_tag":[],"class_list":{"0":"post-1488","1":"product","2":"type-product","3":"status-publish","4":"has-post-thumbnail","6":"product_cat-rings","8":"first","9":"instock","10":"shipping-taxable","11":"purchasable","12":"product-type-simple","13":"wpzoom-wc-spi-has-enabled"},"acf":[],"_links":{"self":[{"href":"https:\/\/mythkeyjewelry.com\/es_es\/wp-json\/wp\/v2\/product\/1488","targetHints":{"allow":["GET"]}}],"collection":[{"href":"https:\/\/mythkeyjewelry.com\/es_es\/wp-json\/wp\/v2\/product"}],"about":[{"href":"https:\/\/mythkeyjewelry.com\/es_es\/wp-json\/wp\/v2\/types\/product"}],"replies":[{"embeddable":true,"href":"https:\/\/mythkeyjewelry.com\/es_es\/wp-json\/wp\/v2\/comments?post=1488"}],"version-history":[{"count":1,"href":"https:\/\/mythkeyjewelry.com\/es_es\/wp-json\/wp\/v2\/product\/1488\/revisions"}],"predecessor-version":[{"id":1494,"href":"https:\/\/mythkeyjewelry.com\/es_es\/wp-json\/wp\/v2\/product\/1488\/revisions\/1494"}],"wp:featuredmedia":[{"embeddable":true,"href":"https:\/\/mythkeyjewelry.com\/es_es\/wp-json\/wp\/v2\/media\/1491"}],"wp:attachment":[{"href":"https:\/\/mythkeyjewelry.com\/es_es\/wp-json\/wp\/v2\/media?parent=1488"}],"wp:term":[{"taxonomy":"product_brand","embeddable":true,"href":"https:\/\/mythkeyjewelry.com\/es_es\/wp-json\/wp\/v2\/product_brand?post=1488"},{"taxonomy":"product_cat","embeddable":true,"href":"https:\/\/mythkeyjewelry.com\/es_es\/wp-json\/wp\/v2\/product_cat?post=1488"},{"taxonomy":"product_tag","embeddable":true,"href":"https:\/\/mythkeyjewelry.com\/es_es\/wp-json\/wp\/v2\/product_tag?post=1488"}],"curies":[{"name":"wp","href":"https:\/\/api.w.org\/{rel}","templated":true}]}}