{"id":531,"date":"2025-10-16T01:33:05","date_gmt":"2025-10-16T01:33:05","guid":{"rendered":"https:\/\/mythkeyjewelry.com\/?post_type=product&#038;p=531"},"modified":"2025-10-27T22:42:18","modified_gmt":"2025-10-27T22:42:18","slug":"mythkey-5-caratgreen-chalcedony-cabochon-diamond-halo-pendant-necklace","status":"publish","type":"product","link":"https:\/\/mythkeyjewelry.com\/es_es\/producto\/mythkey-5-caratgreen-chalcedony-cabochon-diamond-halo-pendant-necklace\/","title":{"rendered":"MYTHKEY Collar Colgante Halo Diamante Cabuj\u00f3n Calcedonia Verde 5 Quilates"},"content":{"rendered":"<p>Irradiando elegancia atemporal, el MYTHKEY Eternal Green captura la armon\u00eda de la naturaleza y la luz. Un luminoso cabuj\u00f3n de calcedonia verde de 5 quilates descansa bajo un brillante cristal sint\u00e9tico, ambos enmarcados por un resplandeciente halo de finas piedras pav\u00e9. El binomio evoca el equilibrio: la serenidad de la verde calcedonia y el brillo del diamante.<\/p>","protected":false},"excerpt":{"rendered":"<p>Nombre: Verde Eterno<br \/>\nMaterial: Plata 925<br \/>\nPiedra principal: Calcedonia verde de 5 quilates, Cristal sint\u00e9tico<br \/>\nTama\u00f1o de la piedra: 12 mm Calcedonia verde<br \/>\nLongitud de la cadena: 40 cm - 45 cm<br \/>\nPeso total: 7,8 g<br \/>\nA\u00f1o\/temporada de lanzamiento: Primavera 2025<br \/>\nC\u00f3digo del producto: 25SN01<\/p>","protected":false},"featured_media":532,"comment_status":"open","ping_status":"closed","template":"","meta":{"_acf_changed":false},"product_brand":[],"product_cat":[31],"product_tag":[],"class_list":{"0":"post-531","1":"product","2":"type-product","3":"status-publish","4":"has-post-thumbnail","6":"product_cat-necklaces","8":"first","9":"instock","10":"shipping-taxable","11":"purchasable","12":"product-type-simple","13":"wpzoom-wc-spi-has-enabled"},"acf":[],"_links":{"self":[{"href":"https:\/\/mythkeyjewelry.com\/es_es\/wp-json\/wp\/v2\/product\/531","targetHints":{"allow":["GET"]}}],"collection":[{"href":"https:\/\/mythkeyjewelry.com\/es_es\/wp-json\/wp\/v2\/product"}],"about":[{"href":"https:\/\/mythkeyjewelry.com\/es_es\/wp-json\/wp\/v2\/types\/product"}],"replies":[{"embeddable":true,"href":"https:\/\/mythkeyjewelry.com\/es_es\/wp-json\/wp\/v2\/comments?post=531"}],"version-history":[{"count":14,"href":"https:\/\/mythkeyjewelry.com\/es_es\/wp-json\/wp\/v2\/product\/531\/revisions"}],"predecessor-version":[{"id":1353,"href":"https:\/\/mythkeyjewelry.com\/es_es\/wp-json\/wp\/v2\/product\/531\/revisions\/1353"}],"wp:featuredmedia":[{"embeddable":true,"href":"https:\/\/mythkeyjewelry.com\/es_es\/wp-json\/wp\/v2\/media\/532"}],"wp:attachment":[{"href":"https:\/\/mythkeyjewelry.com\/es_es\/wp-json\/wp\/v2\/media?parent=531"}],"wp:term":[{"taxonomy":"product_brand","embeddable":true,"href":"https:\/\/mythkeyjewelry.com\/es_es\/wp-json\/wp\/v2\/product_brand?post=531"},{"taxonomy":"product_cat","embeddable":true,"href":"https:\/\/mythkeyjewelry.com\/es_es\/wp-json\/wp\/v2\/product_cat?post=531"},{"taxonomy":"product_tag","embeddable":true,"href":"https:\/\/mythkeyjewelry.com\/es_es\/wp-json\/wp\/v2\/product_tag?post=531"}],"curies":[{"name":"wp","href":"https:\/\/api.w.org\/{rel}","templated":true}]}}