{"id":645,"date":"2025-10-16T05:54:41","date_gmt":"2025-10-16T05:54:41","guid":{"rendered":"https:\/\/mythkeyjewelry.com\/?post_type=product&#038;p=645"},"modified":"2025-10-20T23:08:29","modified_gmt":"2025-10-20T23:08:29","slug":"mythkey-diamond-snowflake-cluster-pendant-necklace","status":"publish","type":"product","link":"https:\/\/mythkeyjewelry.com\/es_es\/producto\/mythkey-diamond-snowflake-cluster-pendant-necklace\/","title":{"rendered":"MYTHKEY Diamond Snowflake Cluster Collar Colgante"},"content":{"rendered":"<p>El MYTHKEY Ice Blossom captura el silencioso brillo de las primeras nieves del invierno. Inspirado en la simetr\u00eda natural de un copo de nieve, este colgante cuenta con un cristal sint\u00e9tico de 2 quilates en su centro, rodeado por un delicado racimo de piedras m\u00e1s peque\u00f1as que brillan desde todos los \u00e1ngulos.<\/p>","protected":false},"excerpt":{"rendered":"<p>Nombre: Flor de Hielo<br \/>\nMaterial: Plata 925<br \/>\nPiedra principal: Cristal sint\u00e9tico de 2 quilates<br \/>\nTama\u00f1o de la piedra: 8 mm<br \/>\nLongitud de la cadena: 40 cm - 45 cm<br \/>\nPeso total: 4,6 g<br \/>\nA\u00f1o\/temporada de lanzamiento: Invierno 2024<br \/>\nC\u00f3digo del producto: 24WN01<\/p>","protected":false},"featured_media":646,"comment_status":"open","ping_status":"closed","template":"","meta":{"_acf_changed":false},"product_brand":[],"product_cat":[31],"product_tag":[],"class_list":{"0":"post-645","1":"product","2":"type-product","3":"status-publish","4":"has-post-thumbnail","6":"product_cat-necklaces","8":"first","9":"instock","10":"shipping-taxable","11":"purchasable","12":"product-type-simple","13":"wpzoom-wc-spi-has-enabled"},"acf":[],"_links":{"self":[{"href":"https:\/\/mythkeyjewelry.com\/es_es\/wp-json\/wp\/v2\/product\/645","targetHints":{"allow":["GET"]}}],"collection":[{"href":"https:\/\/mythkeyjewelry.com\/es_es\/wp-json\/wp\/v2\/product"}],"about":[{"href":"https:\/\/mythkeyjewelry.com\/es_es\/wp-json\/wp\/v2\/types\/product"}],"replies":[{"embeddable":true,"href":"https:\/\/mythkeyjewelry.com\/es_es\/wp-json\/wp\/v2\/comments?post=645"}],"version-history":[{"count":4,"href":"https:\/\/mythkeyjewelry.com\/es_es\/wp-json\/wp\/v2\/product\/645\/revisions"}],"predecessor-version":[{"id":766,"href":"https:\/\/mythkeyjewelry.com\/es_es\/wp-json\/wp\/v2\/product\/645\/revisions\/766"}],"wp:featuredmedia":[{"embeddable":true,"href":"https:\/\/mythkeyjewelry.com\/es_es\/wp-json\/wp\/v2\/media\/646"}],"wp:attachment":[{"href":"https:\/\/mythkeyjewelry.com\/es_es\/wp-json\/wp\/v2\/media?parent=645"}],"wp:term":[{"taxonomy":"product_brand","embeddable":true,"href":"https:\/\/mythkeyjewelry.com\/es_es\/wp-json\/wp\/v2\/product_brand?post=645"},{"taxonomy":"product_cat","embeddable":true,"href":"https:\/\/mythkeyjewelry.com\/es_es\/wp-json\/wp\/v2\/product_cat?post=645"},{"taxonomy":"product_tag","embeddable":true,"href":"https:\/\/mythkeyjewelry.com\/es_es\/wp-json\/wp\/v2\/product_tag?post=645"}],"curies":[{"name":"wp","href":"https:\/\/api.w.org\/{rel}","templated":true}]}}