{"id":700,"date":"2025-10-17T03:46:45","date_gmt":"2025-10-17T03:46:45","guid":{"rendered":"https:\/\/mythkeyjewelry.com\/?post_type=product&#038;p=700"},"modified":"2025-10-24T22:38:10","modified_gmt":"2025-10-24T22:38:10","slug":"mythkey-4-carat-padparadscha-lotus-pendant-necklace","status":"publish","type":"product","link":"https:\/\/mythkeyjewelry.com\/es_es\/producto\/mythkey-4-carat-padparadscha-lotus-pendant-necklace\/","title":{"rendered":"MYTHKEY Collar Colgante Loto Padparadscha 4 Quilates"},"content":{"rendered":"<p>El collar MYTHKEY con colgante de loto Padparadscha de 4 quilates encarna una elegancia \u00fanica a trav\u00e9s de su suave piedra preciosa rosa. La piedra principal de 11 mm brilla bajo la luz dorada, irradiando tanto ternura como brillo. Con su delicado dise\u00f1o de cadena que se apoya ligeramente sobre la piel, complementa cualquier estilo, ya sea para el d\u00eda a d\u00eda, vestidos de noche o conjuntos de vacaciones, aportando un toque de elegante brillo a cada look.<\/p>","protected":false},"excerpt":{"rendered":"<p>Nombre: Aura radiante<br \/>\nMaterial: Plata 925<br \/>\nPiedra principal: Padparadscha de 4 quilates<br \/>\nTama\u00f1o de la piedra: 11 mm<br \/>\nLongitud de la cadena: 40 cm - 45 cm<br \/>\nPeso total: 7,5 g<br \/>\nA\u00f1o\/temporada de lanzamiento: Verano de 2025<br \/>\nC\u00f3digo del producto: 25SSN02<\/p>","protected":false},"featured_media":1248,"comment_status":"open","ping_status":"closed","template":"","meta":{"_acf_changed":false},"product_brand":[],"product_cat":[31],"product_tag":[],"class_list":{"0":"post-700","1":"product","2":"type-product","3":"status-publish","4":"has-post-thumbnail","6":"product_cat-necklaces","8":"first","9":"instock","10":"shipping-taxable","11":"purchasable","12":"product-type-simple","13":"wpzoom-wc-spi-has-enabled"},"acf":[],"_links":{"self":[{"href":"https:\/\/mythkeyjewelry.com\/es_es\/wp-json\/wp\/v2\/product\/700","targetHints":{"allow":["GET"]}}],"collection":[{"href":"https:\/\/mythkeyjewelry.com\/es_es\/wp-json\/wp\/v2\/product"}],"about":[{"href":"https:\/\/mythkeyjewelry.com\/es_es\/wp-json\/wp\/v2\/types\/product"}],"replies":[{"embeddable":true,"href":"https:\/\/mythkeyjewelry.com\/es_es\/wp-json\/wp\/v2\/comments?post=700"}],"version-history":[{"count":2,"href":"https:\/\/mythkeyjewelry.com\/es_es\/wp-json\/wp\/v2\/product\/700\/revisions"}],"predecessor-version":[{"id":754,"href":"https:\/\/mythkeyjewelry.com\/es_es\/wp-json\/wp\/v2\/product\/700\/revisions\/754"}],"wp:featuredmedia":[{"embeddable":true,"href":"https:\/\/mythkeyjewelry.com\/es_es\/wp-json\/wp\/v2\/media\/1248"}],"wp:attachment":[{"href":"https:\/\/mythkeyjewelry.com\/es_es\/wp-json\/wp\/v2\/media?parent=700"}],"wp:term":[{"taxonomy":"product_brand","embeddable":true,"href":"https:\/\/mythkeyjewelry.com\/es_es\/wp-json\/wp\/v2\/product_brand?post=700"},{"taxonomy":"product_cat","embeddable":true,"href":"https:\/\/mythkeyjewelry.com\/es_es\/wp-json\/wp\/v2\/product_cat?post=700"},{"taxonomy":"product_tag","embeddable":true,"href":"https:\/\/mythkeyjewelry.com\/es_es\/wp-json\/wp\/v2\/product_tag?post=700"}],"curies":[{"name":"wp","href":"https:\/\/api.w.org\/{rel}","templated":true}]}}