{"id":707,"date":"2025-10-17T03:49:03","date_gmt":"2025-10-17T03:49:03","guid":{"rendered":"https:\/\/mythkeyjewelry.com\/?post_type=product&#038;p=707"},"modified":"2025-10-20T23:10:35","modified_gmt":"2025-10-20T23:10:35","slug":"mythkey-rectangular-blue-topaz-necklace","status":"publish","type":"product","link":"https:\/\/mythkeyjewelry.com\/es_es\/producto\/mythkey-rectangular-blue-topaz-necklace\/","title":{"rendered":"MYTHKEY Collar rectangular de topacio azul"},"content":{"rendered":"<p>El MYTHKEY Gate of Azure refleja serena sofisticaci\u00f3n y gracia moderna. Un elegante topacio azul de talla rectangular captura la claridad del cielo estival, acentuado por una fina barra de plata con delicados diamantes. Elegante pero discreto, este collar es perfecto para el d\u00eda a d\u00eda o para ocasiones especiales, a\u00f1adiendo un encanto atemporal a cualquier look.<\/p>","protected":false},"excerpt":{"rendered":"<p>Nombre: Puerta de Azur<br \/>\nMaterial: Plata 925<br \/>\nPiedra principal: Topacio azul<br \/>\nTama\u00f1o de la piedra: 10*5 mm<br \/>\nLongitud de la cadena: 40 cm - 45 cm<br \/>\nPeso total: 3,9 g<br \/>\nA\u00f1o\/temporada de lanzamiento: Verano de 2024<br \/>\nC\u00f3digo del producto: 23SSN01<\/p>","protected":false},"featured_media":708,"comment_status":"open","ping_status":"closed","template":"","meta":{"_acf_changed":false},"product_brand":[],"product_cat":[31],"product_tag":[],"class_list":{"0":"post-707","1":"product","2":"type-product","3":"status-publish","4":"has-post-thumbnail","6":"product_cat-necklaces","8":"first","9":"instock","10":"shipping-taxable","11":"purchasable","12":"product-type-simple","13":"wpzoom-wc-spi-has-enabled"},"acf":[],"_links":{"self":[{"href":"https:\/\/mythkeyjewelry.com\/es_es\/wp-json\/wp\/v2\/product\/707","targetHints":{"allow":["GET"]}}],"collection":[{"href":"https:\/\/mythkeyjewelry.com\/es_es\/wp-json\/wp\/v2\/product"}],"about":[{"href":"https:\/\/mythkeyjewelry.com\/es_es\/wp-json\/wp\/v2\/types\/product"}],"replies":[{"embeddable":true,"href":"https:\/\/mythkeyjewelry.com\/es_es\/wp-json\/wp\/v2\/comments?post=707"}],"version-history":[{"count":3,"href":"https:\/\/mythkeyjewelry.com\/es_es\/wp-json\/wp\/v2\/product\/707\/revisions"}],"predecessor-version":[{"id":986,"href":"https:\/\/mythkeyjewelry.com\/es_es\/wp-json\/wp\/v2\/product\/707\/revisions\/986"}],"wp:featuredmedia":[{"embeddable":true,"href":"https:\/\/mythkeyjewelry.com\/es_es\/wp-json\/wp\/v2\/media\/708"}],"wp:attachment":[{"href":"https:\/\/mythkeyjewelry.com\/es_es\/wp-json\/wp\/v2\/media?parent=707"}],"wp:term":[{"taxonomy":"product_brand","embeddable":true,"href":"https:\/\/mythkeyjewelry.com\/es_es\/wp-json\/wp\/v2\/product_brand?post=707"},{"taxonomy":"product_cat","embeddable":true,"href":"https:\/\/mythkeyjewelry.com\/es_es\/wp-json\/wp\/v2\/product_cat?post=707"},{"taxonomy":"product_tag","embeddable":true,"href":"https:\/\/mythkeyjewelry.com\/es_es\/wp-json\/wp\/v2\/product_tag?post=707"}],"curies":[{"name":"wp","href":"https:\/\/api.w.org\/{rel}","templated":true}]}}