{"id":769,"date":"2025-10-19T22:09:41","date_gmt":"2025-10-19T22:09:41","guid":{"rendered":"https:\/\/mythkeyjewelry.com\/?post_type=product&#038;p=769"},"modified":"2025-10-19T22:15:41","modified_gmt":"2025-10-19T22:15:41","slug":"mythkey","status":"publish","type":"product","link":"https:\/\/mythkeyjewelry.com\/es_es\/producto\/mythkey\/","title":{"rendered":"MYTHKEY Collar Ovalado Zafiro Azul Diamante"},"content":{"rendered":"<p style=\"text-align: left;\">La Corona de Zafiro MYTHKEY irradia elegancia atemporal. Un cautivador cristal azul intenso de 2 quilates est\u00e1 engastado en el centro, rodeado por un brillante halo de diamantes. La rica tonalidad del zafiro contrasta maravillosamente con el brillo circundante, creando un aspecto de refinada elegancia. Mezcla de artesan\u00eda cl\u00e1sica con gracia moderna, esta pieza transiciones sin esfuerzo del d\u00eda a la noche, por lo que es perfecto para el uso diario y ocasiones especiales por igual.<\/p>","protected":false},"excerpt":{"rendered":"<p>Nombre: Corona de Zafiro<br \/>\nMaterial: Plata 925<br \/>\nPiedra principal: Cristal sint\u00e9tico de 2 quilates<br \/>\nTama\u00f1o de la piedra: 7*9mm<br \/>\nLongitud de la cadena: 40 cm - 50 cm<br \/>\nPeso total: 3,6 g<br \/>\nA\u00f1o\/temporada de lanzamiento:Oto\u00f1o de 2025<br \/>\nC\u00f3digo del producto: 25AN02<\/p>","protected":false},"featured_media":772,"comment_status":"open","ping_status":"closed","template":"","meta":{"_acf_changed":false},"product_brand":[],"product_cat":[31],"product_tag":[],"class_list":{"0":"post-769","1":"product","2":"type-product","3":"status-publish","4":"has-post-thumbnail","6":"product_cat-necklaces","8":"first","9":"instock","10":"shipping-taxable","11":"purchasable","12":"product-type-simple","13":"wpzoom-wc-spi-has-enabled"},"acf":[],"_links":{"self":[{"href":"https:\/\/mythkeyjewelry.com\/es_es\/wp-json\/wp\/v2\/product\/769","targetHints":{"allow":["GET"]}}],"collection":[{"href":"https:\/\/mythkeyjewelry.com\/es_es\/wp-json\/wp\/v2\/product"}],"about":[{"href":"https:\/\/mythkeyjewelry.com\/es_es\/wp-json\/wp\/v2\/types\/product"}],"replies":[{"embeddable":true,"href":"https:\/\/mythkeyjewelry.com\/es_es\/wp-json\/wp\/v2\/comments?post=769"}],"version-history":[{"count":3,"href":"https:\/\/mythkeyjewelry.com\/es_es\/wp-json\/wp\/v2\/product\/769\/revisions"}],"predecessor-version":[{"id":777,"href":"https:\/\/mythkeyjewelry.com\/es_es\/wp-json\/wp\/v2\/product\/769\/revisions\/777"}],"wp:featuredmedia":[{"embeddable":true,"href":"https:\/\/mythkeyjewelry.com\/es_es\/wp-json\/wp\/v2\/media\/772"}],"wp:attachment":[{"href":"https:\/\/mythkeyjewelry.com\/es_es\/wp-json\/wp\/v2\/media?parent=769"}],"wp:term":[{"taxonomy":"product_brand","embeddable":true,"href":"https:\/\/mythkeyjewelry.com\/es_es\/wp-json\/wp\/v2\/product_brand?post=769"},{"taxonomy":"product_cat","embeddable":true,"href":"https:\/\/mythkeyjewelry.com\/es_es\/wp-json\/wp\/v2\/product_cat?post=769"},{"taxonomy":"product_tag","embeddable":true,"href":"https:\/\/mythkeyjewelry.com\/es_es\/wp-json\/wp\/v2\/product_tag?post=769"}],"curies":[{"name":"wp","href":"https:\/\/api.w.org\/{rel}","templated":true}]}}