{"id":997,"date":"2025-10-20T23:22:31","date_gmt":"2025-10-20T23:22:31","guid":{"rendered":"https:\/\/mythkeyjewelry.com\/?post_type=product&#038;p=997"},"modified":"2025-10-24T02:11:53","modified_gmt":"2025-10-24T02:11:53","slug":"mythkey-oval-ruby-halo-bracelet","status":"publish","type":"product","link":"https:\/\/mythkeyjewelry.com\/es_es\/producto\/mythkey-oval-ruby-halo-bracelet\/","title":{"rendered":"MYTHKEY Pulsera Halo Rub\u00ed Ovalado"},"content":{"rendered":"<p>La pulsera MYTHKEY Oval Ruby Halo presenta vibrantes rub\u00edes de talla oval rodeados de brillantes halos de diamantes, en un equilibrio perfecto de pasi\u00f3n y elegancia. Elaborada con cristal sint\u00e9tico tallado con precisi\u00f3n, ofrece un brillo y una durabilidad comparables a los de las gemas naturales, con una claridad excepcional, un color estable y una sostenibilidad respetuosa con el medio ambiente, lo que pone el lujo y la sofisticaci\u00f3n al alcance de la mano.<\/p>","protected":false},"excerpt":{"rendered":"<p>Nombre: Llama de la Eternidad<br \/>\nMaterial: Plata 925<br \/>\nTipo de piedra: Cristal sint\u00e9tico<br \/>\nTama\u00f1o de la piedra: 3*4mm<br \/>\nPeso total: 7 g<br \/>\nA\u00f1o\/temporada de lanzamiento:Invierno de 2024<br \/>\nC\u00f3digo del producto: 24WB02<\/p>","protected":false},"featured_media":1026,"comment_status":"open","ping_status":"closed","template":"","meta":{"_acf_changed":false},"product_brand":[],"product_cat":[32],"product_tag":[],"class_list":{"0":"post-997","1":"product","2":"type-product","3":"status-publish","4":"has-post-thumbnail","6":"product_cat-bracelets","8":"first","9":"instock","10":"shipping-taxable","11":"purchasable","12":"product-type-simple","13":"wpzoom-wc-spi-has-enabled"},"acf":[],"_links":{"self":[{"href":"https:\/\/mythkeyjewelry.com\/es_es\/wp-json\/wp\/v2\/product\/997","targetHints":{"allow":["GET"]}}],"collection":[{"href":"https:\/\/mythkeyjewelry.com\/es_es\/wp-json\/wp\/v2\/product"}],"about":[{"href":"https:\/\/mythkeyjewelry.com\/es_es\/wp-json\/wp\/v2\/types\/product"}],"replies":[{"embeddable":true,"href":"https:\/\/mythkeyjewelry.com\/es_es\/wp-json\/wp\/v2\/comments?post=997"}],"version-history":[{"count":2,"href":"https:\/\/mythkeyjewelry.com\/es_es\/wp-json\/wp\/v2\/product\/997\/revisions"}],"predecessor-version":[{"id":1225,"href":"https:\/\/mythkeyjewelry.com\/es_es\/wp-json\/wp\/v2\/product\/997\/revisions\/1225"}],"wp:featuredmedia":[{"embeddable":true,"href":"https:\/\/mythkeyjewelry.com\/es_es\/wp-json\/wp\/v2\/media\/1026"}],"wp:attachment":[{"href":"https:\/\/mythkeyjewelry.com\/es_es\/wp-json\/wp\/v2\/media?parent=997"}],"wp:term":[{"taxonomy":"product_brand","embeddable":true,"href":"https:\/\/mythkeyjewelry.com\/es_es\/wp-json\/wp\/v2\/product_brand?post=997"},{"taxonomy":"product_cat","embeddable":true,"href":"https:\/\/mythkeyjewelry.com\/es_es\/wp-json\/wp\/v2\/product_cat?post=997"},{"taxonomy":"product_tag","embeddable":true,"href":"https:\/\/mythkeyjewelry.com\/es_es\/wp-json\/wp\/v2\/product_tag?post=997"}],"curies":[{"name":"wp","href":"https:\/\/api.w.org\/{rel}","templated":true}]}}