{"id":778,"date":"2025-10-20T01:22:21","date_gmt":"2025-10-20T01:22:21","guid":{"rendered":"https:\/\/mythkeyjewelry.com\/?page_id=778"},"modified":"2025-10-21T02:21:28","modified_gmt":"2025-10-21T02:21:28","slug":"our-story","status":"publish","type":"page","link":"https:\/\/mythkeyjewelry.com\/fr\/our-story\/","title":{"rendered":"Notre histoire"},"content":{"rendered":"<div data-elementor-type=\"wp-page\" data-elementor-id=\"778\" class=\"elementor elementor-778\" data-elementor-post-type=\"page\">\n\t\t\t\t<div class=\"elementor-element elementor-element-76db39b e-flex e-con-boxed e-con e-parent\" data-id=\"76db39b\" data-element_type=\"container\" data-settings=\"{&quot;ekit_has_onepagescroll_dot&quot;:&quot;yes&quot;}\">\n\t\t\t\t\t<div class=\"e-con-inner\">\n\t\t\t\t<div class=\"elementor-element elementor-element-b04c349 color-scheme-inherit text-left elementor-widget elementor-widget-text-editor\" data-id=\"b04c349\" data-element_type=\"widget\" data-settings=\"{&quot;ekit_we_effect_on&quot;:&quot;none&quot;}\" data-widget_type=\"text-editor.default\">\n\t\t\t\t<div class=\"elementor-widget-container\">\n\t\t\t\t\t\t\t\t\t<p>La toute premi\u00e8re \u00e9tincelle de Mythkey est n\u00e9e il y a dix ans, lorsque notre fondatrice Myra a accompagn\u00e9 une amie dans un magasin de bijoux. Son amie \u00e9tait attir\u00e9e par l'\u00e9clat des pierres pr\u00e9cieuses naturelles, mais h\u00e9sitait : \"Elles semblent trop formelles pour \u00eatre port\u00e9es au quotidien, trop fragiles pour \u00eatre appr\u00e9ci\u00e9es librement, et bien au-del\u00e0 de mon budget\". D'un autre c\u00f4t\u00e9, les bijoux fantaisie \u00e0 prix abordable semblaient souvent grossiers, d\u00e9pourvus de cette brillance qui fait vibrer le c\u0153ur.<\/p><p>Sur le chemin du retour, Mira se souvient des pierres pr\u00e9cieuses cr\u00e9\u00e9es en laboratoire qu'elle avait rencontr\u00e9es un jour : elles ne n\u00e9cessitaient aucune exploitation mini\u00e8re, \u00e9taient taill\u00e9es avec pr\u00e9cision et d\u00e9gageaient le m\u00eame \u00e9clat que les pierres naturelles, tout en \u00e9tant beaucoup plus accessibles. Une question lui vient alors \u00e0 l'esprit : \"Pourquoi cette brillance sans effort ne pourrait-elle pas faire partie de la vie quotidienne de chacun ?<\/p><p>D\u00e9termin\u00e9s \u00e0 faire de cette id\u00e9e une r\u00e9alit\u00e9, nous avons pass\u00e9 des mois \u00e0 rechercher les bons partenaires et \u00e0 affiner notre m\u00e9tier. Nous voulions que les gens d\u00e9couvrent les v\u00e9ritables avantages des pierres pr\u00e9cieuses cr\u00e9\u00e9es en laboratoire :<\/p><ul><li>Couleur parfaitement uniforme, exempte des d\u00e9fauts des pierres extraites de la mine<\/li><li>Solidit\u00e9 et durabilit\u00e9 - pour une utilisation quotidienne sans souci<\/li><li>Le d\u00e9veloppement durable dans l'\u00e2me - n\u00e9 sans exploitation mini\u00e8re, avec une l\u00e9g\u00e8re touche d'\u00e9coconscience<\/li><\/ul><p>Nous pensons que les bijoux ne doivent pas \u00eatre r\u00e9serv\u00e9s aux \"occasions sp\u00e9ciales de luxe\". Ils doivent accompagner la vie de tous les jours : des clous en pierre pr\u00e9cieuse qui illuminent une chemise de travail, un collier qui encadre votre sourire lors d'un rendez-vous, ou une bague que vous pouvez enfiler sans effort pour apporter une \u00e9tincelle de joie. M\u00eame en tant que cadeau d'anniversaire, sa beaut\u00e9 ne r\u00e9side pas dans sa raret\u00e9, mais dans le fait qu'il est suffisamment brillant, durable et toujours pr\u00eat \u00e0 briller avec vous, lors des repas ordinaires, des changements de saison et de chaque petit moment de la vie.<\/p><p>C'est le c\u0153ur de Mythkey : Pas obs\u00e9d\u00e9 par la raret\u00e9, mais d\u00e9vou\u00e9 \u00e0 la justesse.<\/p><p>-La bonne brillance, le bon prix, le bon \u00e9clat pour tous les jours.<\/p><p>Depuis 2016, nous sommes rest\u00e9s fid\u00e8les \u00e0 cette promesse de qualit\u00e9 et de service. Si vous souhaitez en savoir plus, n'h\u00e9sitez pas \u00e0 nous contacter \u00e0 l'adresse suivante\u00a0<strong><b>mythkey@outlook.com<\/b><\/strong>. Ensemble, \u00e9clairons le quotidien d'une touche de lumi\u00e8re.<\/p>\t\t\t\t\t\t\t\t<\/div>\n\t\t\t\t<\/div>\n\t\t\t\t<div class=\"elementor-element elementor-element-39a3aa6 elementor-widget elementor-widget-image\" data-id=\"39a3aa6\" data-element_type=\"widget\" data-settings=\"{&quot;ekit_we_effect_on&quot;:&quot;none&quot;}\" data-widget_type=\"image.default\">\n\t\t\t\t<div class=\"elementor-widget-container\">\n\t\t\t\t\t\t\t\t\t\t\t\t\t\t\t<img fetchpriority=\"high\" decoding=\"async\" width=\"300\" height=\"169\" src=\"https:\/\/mythkeyjewelry.com\/wp-content\/uploads\/2025\/10\/f9932d2e62c7c793a0d7e7805ae636d4-300x169.jpg\" class=\"attachment-medium size-medium wp-image-573\" alt=\"\" srcset=\"https:\/\/mythkeyjewelry.com\/wp-content\/uploads\/2025\/10\/f9932d2e62c7c793a0d7e7805ae636d4-300x169.jpg 300w, https:\/\/mythkeyjewelry.com\/wp-content\/uploads\/2025\/10\/f9932d2e62c7c793a0d7e7805ae636d4-150x84.jpg 150w, https:\/\/mythkeyjewelry.com\/wp-content\/uploads\/2025\/10\/f9932d2e62c7c793a0d7e7805ae636d4-600x337.jpg 600w, https:\/\/mythkeyjewelry.com\/wp-content\/uploads\/2025\/10\/f9932d2e62c7c793a0d7e7805ae636d4.jpg 614w\" sizes=\"(max-width: 300px) 100vw, 300px\" \/>\t\t\t\t\t\t\t\t\t\t\t\t\t\t\t<\/div>\n\t\t\t\t<\/div>\n\t\t\t\t\t<\/div>\n\t\t\t\t<\/div>\n\t\t\t\t<\/div>","protected":false},"excerpt":{"rendered":"<p>The very first spark of Mythkey was born ten years ago, when our founder Myra accompanied a friend to shop<\/p>","protected":false},"author":1,"featured_media":0,"parent":0,"menu_order":0,"comment_status":"closed","ping_status":"closed","template":"elementor_header_footer","meta":{"_acf_changed":false,"footnotes":""},"class_list":["post-778","page","type-page","status-publish","hentry"],"acf":[],"_links":{"self":[{"href":"https:\/\/mythkeyjewelry.com\/fr\/wp-json\/wp\/v2\/pages\/778","targetHints":{"allow":["GET"]}}],"collection":[{"href":"https:\/\/mythkeyjewelry.com\/fr\/wp-json\/wp\/v2\/pages"}],"about":[{"href":"https:\/\/mythkeyjewelry.com\/fr\/wp-json\/wp\/v2\/types\/page"}],"author":[{"embeddable":true,"href":"https:\/\/mythkeyjewelry.com\/fr\/wp-json\/wp\/v2\/users\/1"}],"replies":[{"embeddable":true,"href":"https:\/\/mythkeyjewelry.com\/fr\/wp-json\/wp\/v2\/comments?post=778"}],"version-history":[{"count":19,"href":"https:\/\/mythkeyjewelry.com\/fr\/wp-json\/wp\/v2\/pages\/778\/revisions"}],"predecessor-version":[{"id":1065,"href":"https:\/\/mythkeyjewelry.com\/fr\/wp-json\/wp\/v2\/pages\/778\/revisions\/1065"}],"wp:attachment":[{"href":"https:\/\/mythkeyjewelry.com\/fr\/wp-json\/wp\/v2\/media?parent=778"}],"curies":[{"name":"wp","href":"https:\/\/api.w.org\/{rel}","templated":true}]}}