{"id":783,"date":"2025-10-20T01:23:23","date_gmt":"2025-10-20T01:23:23","guid":{"rendered":"https:\/\/mythkeyjewelry.com\/?page_id=783"},"modified":"2025-10-21T22:52:03","modified_gmt":"2025-10-21T22:52:03","slug":"our-philosophy","status":"publish","type":"page","link":"https:\/\/mythkeyjewelry.com\/fr\/our-philosophy\/","title":{"rendered":"Notre philosophie"},"content":{"rendered":"<div data-elementor-type=\"wp-page\" data-elementor-id=\"783\" class=\"elementor elementor-783\" data-elementor-post-type=\"page\">\n\t\t\t\t<div class=\"elementor-element elementor-element-18603ff e-flex e-con-boxed e-con e-parent\" data-id=\"18603ff\" data-element_type=\"container\" data-settings=\"{&quot;ekit_has_onepagescroll_dot&quot;:&quot;yes&quot;}\">\n\t\t\t\t\t<div class=\"e-con-inner\">\n\t\t\t\t<div class=\"elementor-element elementor-element-fd0ec22 color-scheme-inherit text-left elementor-widget elementor-widget-text-editor\" data-id=\"fd0ec22\" data-element_type=\"widget\" data-settings=\"{&quot;ekit_we_effect_on&quot;:&quot;none&quot;}\" data-widget_type=\"text-editor.default\">\n\t\t\t\t<div class=\"elementor-widget-container\">\n\t\t\t\t\t\t\t\t\t<p><strong><b>Nos pierres pr\u00e9cieuses : La brillance va au-del\u00e0 de la notion de \"chert\u00e9\".<\/b><\/strong><\/p>\n<p>Nous sommes nombreux \u00e0 nous \u00eatre arr\u00eat\u00e9s devant la vitrine d'une bijouterie, captiv\u00e9s par l'\u00e9clat ardent d'un rubis, l'allure profonde d'un saphir ou le doux lustre du jade, avant de reculer tranquillement en voyant l'\u00e9tiquette de prix. D'autres craignent que les pierres pr\u00e9cieuses soient trop fragiles pour \u00eatre port\u00e9es au quotidien, par peur des rayures ou des \u00e9br\u00e9chures, et l'admiration reste donc enferm\u00e9e derri\u00e8re la vitre.<\/p>\n<p>Nous pensons que les bijoux ne devraient pas \u00eatre d\u00e9finis uniquement par leur raret\u00e9 et leur prix \u00e9lev\u00e9. C'est pourquoi nous avons choisi une voie plus pratique dans la s\u00e9lection des pierres pr\u00e9cieuses, en nous concentrant non pas sur le battage publicitaire, mais sur l'accessibilit\u00e9 de la brillance.<\/p>\n<p>Avec les pierres pr\u00e9cieuses cultiv\u00e9es en laboratoire, de la taille pr\u00e9cise du cristal synth\u00e9tique \u00e0 la croissance cristalline minutieuse des rubis et des saphirs, nous affinons chaque d\u00e9tail. Ces pierres pr\u00e9cieuses ne sont pas soumises au fardeau environnemental de l'exploitation mini\u00e8re, mais apportent une touche de chaleur \u00e9cologique. Leurs couleurs sont constantes et exemptes des d\u00e9fauts des inclusions naturelles. Leur duret\u00e9 leur permet de r\u00e9sister \u00e0 la vie quotidienne - que ce soit pendant un trajet, en se lavant les mains ou lors d'un choc accidentel - sans qu'il soit n\u00e9cessaire de les consid\u00e9rer comme \"trop pr\u00e9cieuses pour \u00eatre touch\u00e9es\". Mieux encore, leur co\u00fbt ne repr\u00e9sente qu'une fraction de celui des pierres naturelles rares, ce qui permet d'\u00e9tinceler au quotidien sans effort.<\/p>\n<p>Pour les pierres pr\u00e9cieuses naturelles, nous respectons le principe de l'\"\u00e9l\u00e9gance pratique\". Prenons l'exemple de la calc\u00e9doine verte, que nous utilisons pour r\u00e9interpr\u00e9ter les motifs classiques du jade. Nous s\u00e9lectionnons avec soin des pierres aux teintes douces et \u00e0 la texture fine, afin de pr\u00e9server leurs motifs naturels et leur \u00e9clat doux, sans l'\u00e9tiquette de prix gonfl\u00e9e li\u00e9e \u00e0 la \"raret\u00e9\" du jade. Il n'est pas n\u00e9cessaire de payer pour des \u00e9tiquettes telles que \"qualit\u00e9 de collection\" ou \"type de glace\" ; au contraire, vous recevez des bijoux au toucher semblable \u00e0 celui du jade, parfaits pour \u00eatre port\u00e9s tous les jours, \u00e0 un prix \u00e9quitable.<\/p>\n<p>Nous ne cherchons jamais \u00e0 \"remplacer\" les pierres pr\u00e9cieuses co\u00fbteuses. Nous voulons plut\u00f4t offrir une alternative r\u00e9fl\u00e9chie : pas de co\u00fbt suppl\u00e9mentaire pour la raret\u00e9, pas de compromis pour l'aspect pratique, juste des bijoux qui brillent aussi magnifiquement que les pierres pr\u00e9cieuses haut de gamme - durables, \u00e9l\u00e9gants et accessibles.<\/p>\n<p>Cette vision remonte au tout d\u00e9but de la marque, lorsque notre fondatrice a aid\u00e9 une amie \u00e0 choisir sa premi\u00e8re paire de boucles d'oreilles. Nous pensons que les bijoux ne doivent pas \u00eatre r\u00e9serv\u00e9s \u00e0 de rares occasions. Ils devraient \u00eatre l'\u00e9tincelle de tous les jours qui compl\u00e8te votre chemise au travail, illumine votre sourire lors d'un rendez-vous ou devient un petit cadeau significatif pour quelqu'un que vous aimez. Le scintillement lorsque vous levez la main, l'\u00e9clat subtil lorsque vous baissez le regard : ce ne sont pas des luxes extravagants, mais juste la chaleur n\u00e9cessaire \u00e0 la vie quotidienne.<\/p>\t\t\t\t\t\t\t\t<\/div>\n\t\t\t\t<\/div>\n\t\t\t\t\t<\/div>\n\t\t\t\t<\/div>\n\t\t\t\t<\/div>","protected":false},"excerpt":{"rendered":"<p>Our Gemstones: Let Brilliance Go Beyond \u201cExpensive\u201d Many of us have paused in front of a jewelry store window, captivated<\/p>","protected":false},"author":1,"featured_media":0,"parent":0,"menu_order":0,"comment_status":"closed","ping_status":"closed","template":"elementor_header_footer","meta":{"_acf_changed":false,"footnotes":""},"class_list":["post-783","page","type-page","status-publish","hentry"],"acf":[],"_links":{"self":[{"href":"https:\/\/mythkeyjewelry.com\/fr\/wp-json\/wp\/v2\/pages\/783","targetHints":{"allow":["GET"]}}],"collection":[{"href":"https:\/\/mythkeyjewelry.com\/fr\/wp-json\/wp\/v2\/pages"}],"about":[{"href":"https:\/\/mythkeyjewelry.com\/fr\/wp-json\/wp\/v2\/types\/page"}],"author":[{"embeddable":true,"href":"https:\/\/mythkeyjewelry.com\/fr\/wp-json\/wp\/v2\/users\/1"}],"replies":[{"embeddable":true,"href":"https:\/\/mythkeyjewelry.com\/fr\/wp-json\/wp\/v2\/comments?post=783"}],"version-history":[{"count":13,"href":"https:\/\/mythkeyjewelry.com\/fr\/wp-json\/wp\/v2\/pages\/783\/revisions"}],"predecessor-version":[{"id":1085,"href":"https:\/\/mythkeyjewelry.com\/fr\/wp-json\/wp\/v2\/pages\/783\/revisions\/1085"}],"wp:attachment":[{"href":"https:\/\/mythkeyjewelry.com\/fr\/wp-json\/wp\/v2\/media?parent=783"}],"curies":[{"name":"wp","href":"https:\/\/api.w.org\/{rel}","templated":true}]}}