{"id":818,"date":"2025-10-20T01:39:25","date_gmt":"2025-10-20T01:39:25","guid":{"rendered":"https:\/\/mythkeyjewelry.com\/?page_id=818"},"modified":"2025-11-19T13:35:45","modified_gmt":"2025-11-19T13:35:45","slug":"shipping-policy","status":"publish","type":"page","link":"https:\/\/mythkeyjewelry.com\/fr\/shipping-policy\/","title":{"rendered":"Politique d'exp\u00e9dition"},"content":{"rendered":"<div data-elementor-type=\"wp-page\" data-elementor-id=\"818\" class=\"elementor elementor-818\" data-elementor-post-type=\"page\">\n\t\t\t\t<div class=\"elementor-element elementor-element-7e00459 e-flex e-con-boxed e-con e-parent\" data-id=\"7e00459\" data-element_type=\"container\" data-settings=\"{&quot;ekit_has_onepagescroll_dot&quot;:&quot;yes&quot;}\">\n\t\t\t\t\t<div class=\"e-con-inner\">\n\t\t\t\t<div class=\"elementor-element elementor-element-1bde3bb text-center color-scheme-inherit elementor-widget elementor-widget-text-editor\" data-id=\"1bde3bb\" data-element_type=\"widget\" data-settings=\"{&quot;ekit_we_effect_on&quot;:&quot;none&quot;}\" data-widget_type=\"text-editor.default\">\n\t\t\t\t<div class=\"elementor-widget-container\">\n\t\t\t\t\t\t\t\t\t<p><strong><b>-Temps de traitement<\/b><\/strong><\/p><p>Les commandes sont trait\u00e9es dans un d\u00e9lai de <strong>2 jours ouvrables<\/strong> apr\u00e8s confirmation du paiement. Les commandes pass\u00e9es le week-end ou les jours f\u00e9ri\u00e9s seront trait\u00e9es le jour ouvrable suivant.<\/p><p><strong><b>-D\u00e9lai d'exp\u00e9dition et de livraison<\/b><\/strong><\/p><p>Toutes les commandes sont livr\u00e9es dans un d\u00e9lai de 3 \u00e0 15 jours ouvrables, en fonction de votre lieu de r\u00e9sidence et des formalit\u00e9s douani\u00e8res.<\/p><p><strong><b>-Tarifs d'exp\u00e9dition<\/b><\/strong><\/p><p>Commandes sup\u00e9rieures \u00e0 <strong><b>$188.88<\/b><\/strong>\u00a0b\u00e9n\u00e9ficier d'une livraison gratuite. Pour les commandes inf\u00e9rieures \u00e0 $188.88, un <strong><b>$20<\/b>\u00a0frais d'exp\u00e9dition<\/strong> sera ajout\u00e9 au moment du paiement.<\/p><p><strong><b>-Suivi des commandes<\/b><\/strong><\/p><p>Une fois la commande exp\u00e9di\u00e9e, vous recevrez un courriel de confirmation avec un num\u00e9ro de suivi qui vous permettra de suivre votre commande sur le site web du transporteur.<\/p><p><strong><b>-Douanes et droits<\/b><\/strong><\/p><p>Les commandes internationales peuvent \u00eatre soumises \u00e0 des droits de douane, des taxes ou des frais d'importation, qui seront pris en charge par MYTHKEY.<\/p><p><strong><b>-Retards et probl\u00e8mes<\/b><\/strong><\/p><p>Nous nous excusons sinc\u00e8rement, mais nous ne sommes pas responsables des retards caus\u00e9s par les douanes, les \u00e9v\u00e9nements naturels ou les probl\u00e8mes de messagerie. Si votre colis est perdu ou endommag\u00e9, veuillez nous contacter imm\u00e9diatement \u00e0 l'adresse suivante <strong><b>mythkey@outlook.com<\/b><\/strong>.<\/p>\t\t\t\t\t\t\t\t<\/div>\n\t\t\t\t<\/div>\n\t\t\t\t\t<\/div>\n\t\t\t\t<\/div>\n\t\t\t\t<\/div>","protected":false},"excerpt":{"rendered":"<p>-Processing Time Orders are processed within 2\u00a0business days after payment is confirmed. Orders placed on weekends or public holidays will<\/p>","protected":false},"author":1,"featured_media":0,"parent":0,"menu_order":0,"comment_status":"closed","ping_status":"closed","template":"elementor_header_footer","meta":{"_acf_changed":false,"footnotes":""},"class_list":["post-818","page","type-page","status-publish","hentry"],"acf":[],"_links":{"self":[{"href":"https:\/\/mythkeyjewelry.com\/fr\/wp-json\/wp\/v2\/pages\/818","targetHints":{"allow":["GET"]}}],"collection":[{"href":"https:\/\/mythkeyjewelry.com\/fr\/wp-json\/wp\/v2\/pages"}],"about":[{"href":"https:\/\/mythkeyjewelry.com\/fr\/wp-json\/wp\/v2\/types\/page"}],"author":[{"embeddable":true,"href":"https:\/\/mythkeyjewelry.com\/fr\/wp-json\/wp\/v2\/users\/1"}],"replies":[{"embeddable":true,"href":"https:\/\/mythkeyjewelry.com\/fr\/wp-json\/wp\/v2\/comments?post=818"}],"version-history":[{"count":19,"href":"https:\/\/mythkeyjewelry.com\/fr\/wp-json\/wp\/v2\/pages\/818\/revisions"}],"predecessor-version":[{"id":1596,"href":"https:\/\/mythkeyjewelry.com\/fr\/wp-json\/wp\/v2\/pages\/818\/revisions\/1596"}],"wp:attachment":[{"href":"https:\/\/mythkeyjewelry.com\/fr\/wp-json\/wp\/v2\/media?parent=818"}],"curies":[{"name":"wp","href":"https:\/\/api.w.org\/{rel}","templated":true}]}}