{"id":1010,"date":"2025-10-20T23:41:53","date_gmt":"2025-10-20T23:41:53","guid":{"rendered":"https:\/\/mythkeyjewelry.com\/?post_type=product&#038;p=1010"},"modified":"2025-10-24T02:12:15","modified_gmt":"2025-10-24T02:12:15","slug":"mythkey-oval-sapphire-halo-bracelet-copy","status":"publish","type":"product","link":"https:\/\/mythkeyjewelry.com\/fr\/produit\/mythkey-oval-sapphire-halo-bracelet-copy\/","title":{"rendered":"MYTHKEY Bracelet rose Aurora"},"content":{"rendered":"<p>Ce bracelet pr\u00e9sente un d\u00e9licat motif de fleurs roses entrelac\u00e9es de pierres \u00e9tincelantes. Il respire l'\u00e9l\u00e9gance et le romantisme tout en soulignant le sens du luxe. Les pierres pr\u00e9cieuses pr\u00e9sentent une brillance et une duret\u00e9 comparables \u00e0 celles des diamants naturels, mais \u00e0 un prix plus accessible. Elles offrent \u00e9galement une grande clart\u00e9, une couleur stable et une durabilit\u00e9 respectueuse de l'environnement, ce qui rend cette pi\u00e8ce \u00e0 la fois belle et pratique.<\/p>","protected":false},"excerpt":{"rendered":"<p>Nom : Aurora Pink<br \/>\nMati\u00e8re : Argent 925<br \/>\nType de pierre : Cristal synth\u00e9tique<br \/>\nPoids total : 12 g<br \/>\nAnn\u00e9e\/saison de lancement : Automne 2025<br \/>\nCode produit : 25AB01<\/p>","protected":false},"featured_media":1027,"comment_status":"open","ping_status":"closed","template":"","meta":{"_acf_changed":false},"product_brand":[],"product_cat":[32],"product_tag":[],"class_list":{"0":"post-1010","1":"product","2":"type-product","3":"status-publish","4":"has-post-thumbnail","6":"product_cat-bracelets","8":"first","9":"instock","10":"shipping-taxable","11":"purchasable","12":"product-type-simple","13":"wpzoom-wc-spi-has-enabled"},"acf":[],"_links":{"self":[{"href":"https:\/\/mythkeyjewelry.com\/fr\/wp-json\/wp\/v2\/product\/1010","targetHints":{"allow":["GET"]}}],"collection":[{"href":"https:\/\/mythkeyjewelry.com\/fr\/wp-json\/wp\/v2\/product"}],"about":[{"href":"https:\/\/mythkeyjewelry.com\/fr\/wp-json\/wp\/v2\/types\/product"}],"replies":[{"embeddable":true,"href":"https:\/\/mythkeyjewelry.com\/fr\/wp-json\/wp\/v2\/comments?post=1010"}],"version-history":[{"count":4,"href":"https:\/\/mythkeyjewelry.com\/fr\/wp-json\/wp\/v2\/product\/1010\/revisions"}],"predecessor-version":[{"id":1226,"href":"https:\/\/mythkeyjewelry.com\/fr\/wp-json\/wp\/v2\/product\/1010\/revisions\/1226"}],"wp:featuredmedia":[{"embeddable":true,"href":"https:\/\/mythkeyjewelry.com\/fr\/wp-json\/wp\/v2\/media\/1027"}],"wp:attachment":[{"href":"https:\/\/mythkeyjewelry.com\/fr\/wp-json\/wp\/v2\/media?parent=1010"}],"wp:term":[{"taxonomy":"product_brand","embeddable":true,"href":"https:\/\/mythkeyjewelry.com\/fr\/wp-json\/wp\/v2\/product_brand?post=1010"},{"taxonomy":"product_cat","embeddable":true,"href":"https:\/\/mythkeyjewelry.com\/fr\/wp-json\/wp\/v2\/product_cat?post=1010"},{"taxonomy":"product_tag","embeddable":true,"href":"https:\/\/mythkeyjewelry.com\/fr\/wp-json\/wp\/v2\/product_tag?post=1010"}],"curies":[{"name":"wp","href":"https:\/\/api.w.org\/{rel}","templated":true}]}}