{"id":1018,"date":"2025-10-20T23:51:32","date_gmt":"2025-10-20T23:51:32","guid":{"rendered":"https:\/\/mythkeyjewelry.com\/?post_type=product&#038;p=1018"},"modified":"2025-10-24T02:12:32","modified_gmt":"2025-10-24T02:12:32","slug":"mythkey-full-diamond-ruby-red-bracelet","status":"publish","type":"product","link":"https:\/\/mythkeyjewelry.com\/fr\/produit\/mythkey-full-diamond-ruby-red-bracelet\/","title":{"rendered":"MYTHKEY Bracelet complet diamant rouge rubis"},"content":{"rendered":"<p>Le bracelet MYTHKEY Full Diamond Ruby Red associe l'\u00e9clat des diamants \u00e0 la teinte passionn\u00e9e du rouge sang de pigeon, exhalant un m\u00e9lange de luxe et de romantisme. Fabriqu\u00e9 avec du cristal synth\u00e9tique taill\u00e9 avec pr\u00e9cision, il offre une brillance et une duret\u00e9 comparables \u00e0 celles des gemmes naturelles, tout en offrant une clart\u00e9 exceptionnelle, une couleur stable et les avantages suppl\u00e9mentaires d'\u00eatre \u00e9cologique et accessible - mettant l'\u00e9l\u00e9gance haut de gamme \u00e0 port\u00e9e de main.<\/p>","protected":false},"excerpt":{"rendered":"<p>Nom : Fleur cramoisie<br \/>\nMati\u00e8re : Argent 925<br \/>\nType de pierre : Cristal synth\u00e9tique<br \/>\nPoids total : 17 g<br \/>\nAnn\u00e9e\/saison de lancement : automne 2025<br \/>\nCode produit : 25AB02<\/p>","protected":false},"featured_media":1025,"comment_status":"open","ping_status":"closed","template":"","meta":{"_acf_changed":false},"product_brand":[],"product_cat":[32],"product_tag":[],"class_list":{"0":"post-1018","1":"product","2":"type-product","3":"status-publish","4":"has-post-thumbnail","6":"product_cat-bracelets","8":"first","9":"instock","10":"shipping-taxable","11":"purchasable","12":"product-type-simple","13":"wpzoom-wc-spi-has-enabled"},"acf":[],"_links":{"self":[{"href":"https:\/\/mythkeyjewelry.com\/fr\/wp-json\/wp\/v2\/product\/1018","targetHints":{"allow":["GET"]}}],"collection":[{"href":"https:\/\/mythkeyjewelry.com\/fr\/wp-json\/wp\/v2\/product"}],"about":[{"href":"https:\/\/mythkeyjewelry.com\/fr\/wp-json\/wp\/v2\/types\/product"}],"replies":[{"embeddable":true,"href":"https:\/\/mythkeyjewelry.com\/fr\/wp-json\/wp\/v2\/comments?post=1018"}],"version-history":[{"count":3,"href":"https:\/\/mythkeyjewelry.com\/fr\/wp-json\/wp\/v2\/product\/1018\/revisions"}],"predecessor-version":[{"id":1227,"href":"https:\/\/mythkeyjewelry.com\/fr\/wp-json\/wp\/v2\/product\/1018\/revisions\/1227"}],"wp:featuredmedia":[{"embeddable":true,"href":"https:\/\/mythkeyjewelry.com\/fr\/wp-json\/wp\/v2\/media\/1025"}],"wp:attachment":[{"href":"https:\/\/mythkeyjewelry.com\/fr\/wp-json\/wp\/v2\/media?parent=1018"}],"wp:term":[{"taxonomy":"product_brand","embeddable":true,"href":"https:\/\/mythkeyjewelry.com\/fr\/wp-json\/wp\/v2\/product_brand?post=1018"},{"taxonomy":"product_cat","embeddable":true,"href":"https:\/\/mythkeyjewelry.com\/fr\/wp-json\/wp\/v2\/product_cat?post=1018"},{"taxonomy":"product_tag","embeddable":true,"href":"https:\/\/mythkeyjewelry.com\/fr\/wp-json\/wp\/v2\/product_tag?post=1018"}],"curies":[{"name":"wp","href":"https:\/\/api.w.org\/{rel}","templated":true}]}}