{"id":1070,"date":"2025-10-21T04:46:05","date_gmt":"2025-10-21T04:46:05","guid":{"rendered":"https:\/\/mythkeyjewelry.com\/?post_type=product&#038;p=1070"},"modified":"2025-10-24T02:12:50","modified_gmt":"2025-10-24T02:12:50","slug":"mythkey-aurora-pink-earrings","status":"publish","type":"product","link":"https:\/\/mythkeyjewelry.com\/fr\/produit\/mythkey-aurora-pink-earrings\/","title":{"rendered":"MYTHKEY Boucles d'oreilles Aurora rose"},"content":{"rendered":"<p>Les boucles d'oreilles MYTHKEY Aurora Pink combinent la teinte douce du blush avec la clart\u00e9 froide de la glace, cr\u00e9ant un contraste calme mais captivant. Fabriqu\u00e9es en argent 925 et serties de cristaux synth\u00e9tiques taill\u00e9s avec pr\u00e9cision, elles offrent une brillance et une durabilit\u00e9 comparables \u00e0 celles des pierres pr\u00e9cieuses naturelles - avec une couleur constante, une clart\u00e9 remarquable et une approche respectueuse de l'environnement.<\/p>","protected":false},"excerpt":{"rendered":"<p>Nom : Aurora Pink<br \/>\nMati\u00e8re : Argent 925<br \/>\nType de pierre : Cristal synth\u00e9tique<br \/>\nPoids total : 7,9 g<br \/>\nLongueur de la boucle d'oreille : 2,5 cm<br \/>\nAnn\u00e9e\/saison de lancement : automne 2025<br \/>\nCode produit : 25AE01<\/p>","protected":false},"featured_media":1071,"comment_status":"open","ping_status":"closed","template":"","meta":{"_acf_changed":false},"product_brand":[],"product_cat":[15],"product_tag":[],"class_list":{"0":"post-1070","1":"product","2":"type-product","3":"status-publish","4":"has-post-thumbnail","6":"product_cat-earrings","8":"first","9":"instock","10":"shipping-taxable","11":"purchasable","12":"product-type-simple","13":"wpzoom-wc-spi-has-enabled"},"acf":[],"_links":{"self":[{"href":"https:\/\/mythkeyjewelry.com\/fr\/wp-json\/wp\/v2\/product\/1070","targetHints":{"allow":["GET"]}}],"collection":[{"href":"https:\/\/mythkeyjewelry.com\/fr\/wp-json\/wp\/v2\/product"}],"about":[{"href":"https:\/\/mythkeyjewelry.com\/fr\/wp-json\/wp\/v2\/types\/product"}],"replies":[{"embeddable":true,"href":"https:\/\/mythkeyjewelry.com\/fr\/wp-json\/wp\/v2\/comments?post=1070"}],"version-history":[{"count":3,"href":"https:\/\/mythkeyjewelry.com\/fr\/wp-json\/wp\/v2\/product\/1070\/revisions"}],"predecessor-version":[{"id":1228,"href":"https:\/\/mythkeyjewelry.com\/fr\/wp-json\/wp\/v2\/product\/1070\/revisions\/1228"}],"wp:featuredmedia":[{"embeddable":true,"href":"https:\/\/mythkeyjewelry.com\/fr\/wp-json\/wp\/v2\/media\/1071"}],"wp:attachment":[{"href":"https:\/\/mythkeyjewelry.com\/fr\/wp-json\/wp\/v2\/media?parent=1070"}],"wp:term":[{"taxonomy":"product_brand","embeddable":true,"href":"https:\/\/mythkeyjewelry.com\/fr\/wp-json\/wp\/v2\/product_brand?post=1070"},{"taxonomy":"product_cat","embeddable":true,"href":"https:\/\/mythkeyjewelry.com\/fr\/wp-json\/wp\/v2\/product_cat?post=1070"},{"taxonomy":"product_tag","embeddable":true,"href":"https:\/\/mythkeyjewelry.com\/fr\/wp-json\/wp\/v2\/product_tag?post=1070"}],"curies":[{"name":"wp","href":"https:\/\/api.w.org\/{rel}","templated":true}]}}