{"id":1171,"date":"2025-10-22T05:55:11","date_gmt":"2025-10-22T05:55:11","guid":{"rendered":"https:\/\/mythkeyjewelry.com\/?post_type=product&#038;p=1171"},"modified":"2025-10-24T02:08:59","modified_gmt":"2025-10-24T02:08:59","slug":"mythkey-green-chalcedony-cabochon-diamond-halo-earrings","status":"publish","type":"product","link":"https:\/\/mythkeyjewelry.com\/fr\/produit\/mythkey-green-chalcedony-cabochon-diamond-halo-earrings\/","title":{"rendered":"MYTHKEY Boucles d'oreilles Halo en calc\u00e9doine verte avec cabochon et diamant"},"content":{"rendered":"<p>Les boucles d'oreilles MYTHKEY Green Chalcedony Cabochon Diamond Halo c\u00e9l\u00e8brent la beaut\u00e9 sereine de la nature et le savoir-faire raffin\u00e9. Le contraste entre le doux \u00e9clat verdoyant et l'\u00e9clat radieux \u00e9voque l'\u00e9quilibre - une harmonie entre la s\u00e9r\u00e9nit\u00e9 et la sophistication. Intemporelles et rafra\u00eechissantes, elles apportent une douce touche d'\u00e9l\u00e9gance en toute occasion.<\/p>","protected":false},"excerpt":{"rendered":"<p>Nom : Vert \u00e9ternel<br \/>\nMati\u00e8re : Argent 925<br \/>\nType de pierre : Cristal synth\u00e9tique<br \/>\nTaille de la pierre : 1 mm<br \/>\nPoids total : 5 g<br \/>\nAnn\u00e9e\/saison de lancement : Printemps 2025<br \/>\nCode produit : 25SN01<\/p>","protected":false},"featured_media":1177,"comment_status":"open","ping_status":"closed","template":"","meta":{"_acf_changed":false},"product_brand":[],"product_cat":[15],"product_tag":[],"class_list":{"0":"post-1171","1":"product","2":"type-product","3":"status-publish","4":"has-post-thumbnail","6":"product_cat-earrings","8":"first","9":"instock","10":"shipping-taxable","11":"purchasable","12":"product-type-simple","13":"wpzoom-wc-spi-has-enabled"},"acf":[],"_links":{"self":[{"href":"https:\/\/mythkeyjewelry.com\/fr\/wp-json\/wp\/v2\/product\/1171","targetHints":{"allow":["GET"]}}],"collection":[{"href":"https:\/\/mythkeyjewelry.com\/fr\/wp-json\/wp\/v2\/product"}],"about":[{"href":"https:\/\/mythkeyjewelry.com\/fr\/wp-json\/wp\/v2\/types\/product"}],"replies":[{"embeddable":true,"href":"https:\/\/mythkeyjewelry.com\/fr\/wp-json\/wp\/v2\/comments?post=1171"}],"version-history":[{"count":2,"href":"https:\/\/mythkeyjewelry.com\/fr\/wp-json\/wp\/v2\/product\/1171\/revisions"}],"predecessor-version":[{"id":1218,"href":"https:\/\/mythkeyjewelry.com\/fr\/wp-json\/wp\/v2\/product\/1171\/revisions\/1218"}],"wp:featuredmedia":[{"embeddable":true,"href":"https:\/\/mythkeyjewelry.com\/fr\/wp-json\/wp\/v2\/media\/1177"}],"wp:attachment":[{"href":"https:\/\/mythkeyjewelry.com\/fr\/wp-json\/wp\/v2\/media?parent=1171"}],"wp:term":[{"taxonomy":"product_brand","embeddable":true,"href":"https:\/\/mythkeyjewelry.com\/fr\/wp-json\/wp\/v2\/product_brand?post=1171"},{"taxonomy":"product_cat","embeddable":true,"href":"https:\/\/mythkeyjewelry.com\/fr\/wp-json\/wp\/v2\/product_cat?post=1171"},{"taxonomy":"product_tag","embeddable":true,"href":"https:\/\/mythkeyjewelry.com\/fr\/wp-json\/wp\/v2\/product_tag?post=1171"}],"curies":[{"name":"wp","href":"https:\/\/api.w.org\/{rel}","templated":true}]}}