{"id":1230,"date":"2025-10-24T02:36:10","date_gmt":"2025-10-24T02:36:10","guid":{"rendered":"https:\/\/mythkeyjewelry.com\/?post_type=product&#038;p=1230"},"modified":"2025-11-01T00:36:42","modified_gmt":"2025-11-01T00:36:42","slug":"mythkey-5-carat-padparadscha-lotus-ring","status":"publish","type":"product","link":"https:\/\/mythkeyjewelry.com\/fr\/produit\/mythkey-5-carat-padparadscha-lotus-ring\/","title":{"rendered":"MYTHKEY Bague Lotus Padparadscha 5 carats"},"content":{"rendered":"<p>La bague Lotus Padparadscha 5 carats de MYTHKEY capture l'harmonie rare des teintes du lever du soleil - o\u00f9 le rose doux rencontre un soup\u00e7on de flamme dor\u00e9e.Son Padparadscha 5 carats brille d'une chaleur sereine, entour\u00e9 d'un halo de diamants taill\u00e9s avec pr\u00e9cision qui fleurissent comme des p\u00e9tales de lotus.D\u00e9licate mais audacieuse, cette bague refl\u00e8te la beaut\u00e9 de la force int\u00e9rieure et de la gr\u00e2ce.Parfaite pour l'\u00e9l\u00e9gance du soir ou l'\u00e9clat de la journ\u00e9e, elle incarne la sophistication intemporelle et la luminosit\u00e9.<\/p>","protected":false},"excerpt":{"rendered":"<p>Nom : Aura radieuse<br \/>\nMati\u00e8re : Argent 925<br \/>\nPierre principale : 5 carats Padparadscha<br \/>\nTaille de la pierre : 11*11 mm<br \/>\nPoids total : 7g<br \/>\nAnn\u00e9e\/saison de lancement : \u00c9t\u00e9 2025<br \/>\nCode produit : 25SSR02<\/p>","protected":false},"featured_media":1231,"comment_status":"open","ping_status":"closed","template":"","meta":{"_acf_changed":false},"product_brand":[],"product_cat":[30],"product_tag":[],"class_list":{"0":"post-1230","1":"product","2":"type-product","3":"status-publish","4":"has-post-thumbnail","6":"product_cat-rings","8":"first","9":"instock","10":"shipping-taxable","11":"purchasable","12":"product-type-simple","13":"wpzoom-wc-spi-has-enabled"},"acf":[],"_links":{"self":[{"href":"https:\/\/mythkeyjewelry.com\/fr\/wp-json\/wp\/v2\/product\/1230","targetHints":{"allow":["GET"]}}],"collection":[{"href":"https:\/\/mythkeyjewelry.com\/fr\/wp-json\/wp\/v2\/product"}],"about":[{"href":"https:\/\/mythkeyjewelry.com\/fr\/wp-json\/wp\/v2\/types\/product"}],"replies":[{"embeddable":true,"href":"https:\/\/mythkeyjewelry.com\/fr\/wp-json\/wp\/v2\/comments?post=1230"}],"version-history":[{"count":2,"href":"https:\/\/mythkeyjewelry.com\/fr\/wp-json\/wp\/v2\/product\/1230\/revisions"}],"predecessor-version":[{"id":1255,"href":"https:\/\/mythkeyjewelry.com\/fr\/wp-json\/wp\/v2\/product\/1230\/revisions\/1255"}],"wp:featuredmedia":[{"embeddable":true,"href":"https:\/\/mythkeyjewelry.com\/fr\/wp-json\/wp\/v2\/media\/1231"}],"wp:attachment":[{"href":"https:\/\/mythkeyjewelry.com\/fr\/wp-json\/wp\/v2\/media?parent=1230"}],"wp:term":[{"taxonomy":"product_brand","embeddable":true,"href":"https:\/\/mythkeyjewelry.com\/fr\/wp-json\/wp\/v2\/product_brand?post=1230"},{"taxonomy":"product_cat","embeddable":true,"href":"https:\/\/mythkeyjewelry.com\/fr\/wp-json\/wp\/v2\/product_cat?post=1230"},{"taxonomy":"product_tag","embeddable":true,"href":"https:\/\/mythkeyjewelry.com\/fr\/wp-json\/wp\/v2\/product_tag?post=1230"}],"curies":[{"name":"wp","href":"https:\/\/api.w.org\/{rel}","templated":true}]}}