{"id":1241,"date":"2025-10-24T03:39:04","date_gmt":"2025-10-24T03:39:04","guid":{"rendered":"https:\/\/mythkeyjewelry.com\/?post_type=product&#038;p=1241"},"modified":"2025-11-01T00:37:04","modified_gmt":"2025-11-01T00:37:04","slug":"mythkey-8-carat-emerald-cut-yellow-crystal-ring","status":"publish","type":"product","link":"https:\/\/mythkeyjewelry.com\/fr\/produit\/mythkey-8-carat-emerald-cut-yellow-crystal-ring\/","title":{"rendered":"MYTHKEY Bague \u00e0 diamant en cristal jaune taille \u00e9meraude de 8 carats"},"content":{"rendered":"<p>La bague MYTHKEY Golden Dawn capture la chaleur du soleil levant dans un cristal jaune de 8 carats taill\u00e9 en \u00e9meraude.Sa teinte dor\u00e9e brille d'un \u00e9clat raffin\u00e9, encadr\u00e9e par des pierres lat\u00e9rales effil\u00e9es qui refl\u00e8tent la force et la gr\u00e2ce.Fabriqu\u00e9e avec pr\u00e9cision et \u00e9l\u00e9gance, cette pi\u00e8ce incarne l'optimisme intemporel - radieuse, confiante et captivante \u00e0 l'infini.<\/p>","protected":false},"excerpt":{"rendered":"<p>Nom : Aube dor\u00e9e<br \/>\nMati\u00e8re : Argent 925<br \/>\nPierre principale : cristal synth\u00e9tique de 8 carats<br \/>\nTaille de la pierre : 11*15 mm<br \/>\nPoids total : 8,5 g<br \/>\nAnn\u00e9e\/saison de lancement : \u00c9t\u00e9 2025<br \/>\nCode produit : 25SSR01<\/p>","protected":false},"featured_media":1243,"comment_status":"open","ping_status":"closed","template":"","meta":{"_acf_changed":false},"product_brand":[],"product_cat":[30],"product_tag":[],"class_list":{"0":"post-1241","1":"product","2":"type-product","3":"status-publish","4":"has-post-thumbnail","6":"product_cat-rings","8":"first","9":"instock","10":"shipping-taxable","11":"purchasable","12":"product-type-simple","13":"wpzoom-wc-spi-has-enabled"},"acf":[],"_links":{"self":[{"href":"https:\/\/mythkeyjewelry.com\/fr\/wp-json\/wp\/v2\/product\/1241","targetHints":{"allow":["GET"]}}],"collection":[{"href":"https:\/\/mythkeyjewelry.com\/fr\/wp-json\/wp\/v2\/product"}],"about":[{"href":"https:\/\/mythkeyjewelry.com\/fr\/wp-json\/wp\/v2\/types\/product"}],"replies":[{"embeddable":true,"href":"https:\/\/mythkeyjewelry.com\/fr\/wp-json\/wp\/v2\/comments?post=1241"}],"version-history":[{"count":5,"href":"https:\/\/mythkeyjewelry.com\/fr\/wp-json\/wp\/v2\/product\/1241\/revisions"}],"predecessor-version":[{"id":1274,"href":"https:\/\/mythkeyjewelry.com\/fr\/wp-json\/wp\/v2\/product\/1241\/revisions\/1274"}],"wp:featuredmedia":[{"embeddable":true,"href":"https:\/\/mythkeyjewelry.com\/fr\/wp-json\/wp\/v2\/media\/1243"}],"wp:attachment":[{"href":"https:\/\/mythkeyjewelry.com\/fr\/wp-json\/wp\/v2\/media?parent=1241"}],"wp:term":[{"taxonomy":"product_brand","embeddable":true,"href":"https:\/\/mythkeyjewelry.com\/fr\/wp-json\/wp\/v2\/product_brand?post=1241"},{"taxonomy":"product_cat","embeddable":true,"href":"https:\/\/mythkeyjewelry.com\/fr\/wp-json\/wp\/v2\/product_cat?post=1241"},{"taxonomy":"product_tag","embeddable":true,"href":"https:\/\/mythkeyjewelry.com\/fr\/wp-json\/wp\/v2\/product_tag?post=1241"}],"curies":[{"name":"wp","href":"https:\/\/api.w.org\/{rel}","templated":true}]}}