{"id":1257,"date":"2025-10-25T01:18:10","date_gmt":"2025-10-25T01:18:10","guid":{"rendered":"https:\/\/mythkeyjewelry.com\/?post_type=product&#038;p=1257"},"modified":"2025-11-01T00:37:25","modified_gmt":"2025-11-01T00:37:25","slug":"mythkey-2-carat-oval-yellow-ring","status":"publish","type":"product","link":"https:\/\/mythkeyjewelry.com\/fr\/produit\/mythkey-2-carat-oval-yellow-ring\/","title":{"rendered":"MYTHKEY Bague ovale de 2 carats en cristal jaune avec diamant"},"content":{"rendered":"<p>Radieuse et gracieuse, la bague MYTHKEY Sunlight Muse capture la chaleur d'un lever de soleil dor\u00e9.Son cristal jaune taill\u00e9 en ovale brille d'un \u00e9clat lumineux, d\u00e9licatement encadr\u00e9 par une bande pav\u00e9e de diamants qui rehausse son \u00e9l\u00e9gante simplicit\u00e9.Con\u00e7ue pour les femmes qui brillent d'une confiance tranquille, elle symbolise l'optimisme, la beaut\u00e9 et la force int\u00e9rieure - une muse intemporelle de la lumi\u00e8re.<\/p>","protected":false},"excerpt":{"rendered":"<p>Nom : Muse du soleil<br \/>\nMati\u00e8re : Argent 925<br \/>\nPierre principale : cristal synth\u00e9tique de 2 carats<br \/>\nTaille de la pierre : 11*7 mm<br \/>\nPoids total : 4,5 g<br \/>\nAnn\u00e9e\/saison de lancement : Printemps 2025<br \/>\nCode produit : 25SR05<\/p>","protected":false},"featured_media":1258,"comment_status":"open","ping_status":"closed","template":"","meta":{"_acf_changed":false},"product_brand":[],"product_cat":[30],"product_tag":[],"class_list":{"0":"post-1257","1":"product","2":"type-product","3":"status-publish","4":"has-post-thumbnail","6":"product_cat-rings","8":"first","9":"instock","10":"shipping-taxable","11":"purchasable","12":"product-type-simple","13":"wpzoom-wc-spi-has-enabled"},"acf":[],"_links":{"self":[{"href":"https:\/\/mythkeyjewelry.com\/fr\/wp-json\/wp\/v2\/product\/1257","targetHints":{"allow":["GET"]}}],"collection":[{"href":"https:\/\/mythkeyjewelry.com\/fr\/wp-json\/wp\/v2\/product"}],"about":[{"href":"https:\/\/mythkeyjewelry.com\/fr\/wp-json\/wp\/v2\/types\/product"}],"replies":[{"embeddable":true,"href":"https:\/\/mythkeyjewelry.com\/fr\/wp-json\/wp\/v2\/comments?post=1257"}],"version-history":[{"count":4,"href":"https:\/\/mythkeyjewelry.com\/fr\/wp-json\/wp\/v2\/product\/1257\/revisions"}],"predecessor-version":[{"id":1374,"href":"https:\/\/mythkeyjewelry.com\/fr\/wp-json\/wp\/v2\/product\/1257\/revisions\/1374"}],"wp:featuredmedia":[{"embeddable":true,"href":"https:\/\/mythkeyjewelry.com\/fr\/wp-json\/wp\/v2\/media\/1258"}],"wp:attachment":[{"href":"https:\/\/mythkeyjewelry.com\/fr\/wp-json\/wp\/v2\/media?parent=1257"}],"wp:term":[{"taxonomy":"product_brand","embeddable":true,"href":"https:\/\/mythkeyjewelry.com\/fr\/wp-json\/wp\/v2\/product_brand?post=1257"},{"taxonomy":"product_cat","embeddable":true,"href":"https:\/\/mythkeyjewelry.com\/fr\/wp-json\/wp\/v2\/product_cat?post=1257"},{"taxonomy":"product_tag","embeddable":true,"href":"https:\/\/mythkeyjewelry.com\/fr\/wp-json\/wp\/v2\/product_tag?post=1257"}],"curies":[{"name":"wp","href":"https:\/\/api.w.org\/{rel}","templated":true}]}}