{"id":1268,"date":"2025-10-25T01:29:57","date_gmt":"2025-10-25T01:29:57","guid":{"rendered":"https:\/\/mythkeyjewelry.com\/?post_type=product&#038;p=1268"},"modified":"2025-11-01T00:38:16","modified_gmt":"2025-11-01T00:38:16","slug":"mythkey-4-carat-pear-cut-blue-crystal-diamond-ring","status":"publish","type":"product","link":"https:\/\/mythkeyjewelry.com\/fr\/produit\/mythkey-4-carat-pear-cut-blue-crystal-diamond-ring\/","title":{"rendered":"MYTHKEY Bague de 4 carats en cristal bleu taill\u00e9 en poire"},"content":{"rendered":"<p>\u00c9th\u00e9r\u00e9e et captivante, la bague MYTHKEY Aqua Blossom capture la s\u00e9r\u00e9nit\u00e9 de l'eau et l'\u00e9clat de la lumi\u00e8re.En son c\u0153ur se trouve un cristal bleu taill\u00e9 en poire, entour\u00e9 de pierres taill\u00e9es en marquise qui fleurissent comme des p\u00e9tales en mouvement.Le design rayonne de gr\u00e2ce et de confiance - une harmonie parfaite de douceur et de force.D\u00e9licatement con\u00e7ue pour une \u00e9l\u00e9gance moderne, elle brille \u00e0 chaque mouvement, refl\u00e9tant une beaut\u00e9 intemporelle et un calme int\u00e9rieur.<\/p>","protected":false},"excerpt":{"rendered":"<p>Nom : Aqua Blossom<br \/>\nMati\u00e8re : Argent 925<br \/>\nPierre principale : cristal synth\u00e9tique de 4 carats<br \/>\nTaille de la pierre : 8*12 mm<br \/>\nPoids total : 6,9 g<br \/>\nAnn\u00e9e\/saison de lancement : \u00c9t\u00e9 2025<br \/>\nCode produit : 25SSR03<\/p>","protected":false},"featured_media":1269,"comment_status":"open","ping_status":"closed","template":"","meta":{"_acf_changed":false},"product_brand":[],"product_cat":[30],"product_tag":[],"class_list":{"0":"post-1268","1":"product","2":"type-product","3":"status-publish","4":"has-post-thumbnail","6":"product_cat-rings","8":"first","9":"instock","10":"shipping-taxable","11":"purchasable","12":"product-type-simple","13":"wpzoom-wc-spi-has-enabled"},"acf":[],"_links":{"self":[{"href":"https:\/\/mythkeyjewelry.com\/fr\/wp-json\/wp\/v2\/product\/1268","targetHints":{"allow":["GET"]}}],"collection":[{"href":"https:\/\/mythkeyjewelry.com\/fr\/wp-json\/wp\/v2\/product"}],"about":[{"href":"https:\/\/mythkeyjewelry.com\/fr\/wp-json\/wp\/v2\/types\/product"}],"replies":[{"embeddable":true,"href":"https:\/\/mythkeyjewelry.com\/fr\/wp-json\/wp\/v2\/comments?post=1268"}],"version-history":[{"count":2,"href":"https:\/\/mythkeyjewelry.com\/fr\/wp-json\/wp\/v2\/product\/1268\/revisions"}],"predecessor-version":[{"id":1279,"href":"https:\/\/mythkeyjewelry.com\/fr\/wp-json\/wp\/v2\/product\/1268\/revisions\/1279"}],"wp:featuredmedia":[{"embeddable":true,"href":"https:\/\/mythkeyjewelry.com\/fr\/wp-json\/wp\/v2\/media\/1269"}],"wp:attachment":[{"href":"https:\/\/mythkeyjewelry.com\/fr\/wp-json\/wp\/v2\/media?parent=1268"}],"wp:term":[{"taxonomy":"product_brand","embeddable":true,"href":"https:\/\/mythkeyjewelry.com\/fr\/wp-json\/wp\/v2\/product_brand?post=1268"},{"taxonomy":"product_cat","embeddable":true,"href":"https:\/\/mythkeyjewelry.com\/fr\/wp-json\/wp\/v2\/product_cat?post=1268"},{"taxonomy":"product_tag","embeddable":true,"href":"https:\/\/mythkeyjewelry.com\/fr\/wp-json\/wp\/v2\/product_tag?post=1268"}],"curies":[{"name":"wp","href":"https:\/\/api.w.org\/{rel}","templated":true}]}}