{"id":1275,"date":"2025-10-25T02:07:29","date_gmt":"2025-10-25T02:07:29","guid":{"rendered":"https:\/\/mythkeyjewelry.com\/?post_type=product&#038;p=1275"},"modified":"2025-11-01T00:35:52","modified_gmt":"2025-11-01T00:35:52","slug":"mythkey-8-5-carat-emerald-cut-pink-crystal-diamond-ring","status":"publish","type":"product","link":"https:\/\/mythkeyjewelry.com\/fr\/produit\/mythkey-8-5-carat-emerald-cut-pink-crystal-diamond-ring\/","title":{"rendered":"MYTHKEY Bague de 8,5 carats en cristal rose taill\u00e9 \u00e0 l'\u00e9meraude"},"content":{"rendered":"<p>Timeless and luminous, the MYTHKEY Rose Radiance Ring embodies the poetry of light through a stunning emerald-cut pink crystal.Framed by tapered side diamonds, its geometric symmetry enhances the gem\u2019s soft blush hue and inner brilliance.Graceful yet powerful, this ring symbolizes love, serenity, and refined confidence \u2014 a radiant statement for every occasion.<\/p>","protected":false},"excerpt":{"rendered":"<p>Nom : Rose Radiance<br \/>\nMati\u00e8re : Argent 925<br \/>\nPierre principale : cristal synth\u00e9tique de 8,5 carats<br \/>\nTaille de la pierre : 10*19 mm<br \/>\nPoids total : 6,9 g<br \/>\nAnn\u00e9e\/saison de lancement : Hiver 2025<br \/>\nCode produit : 25WR01<\/p>","protected":false},"featured_media":1263,"comment_status":"open","ping_status":"closed","template":"","meta":{"_acf_changed":false},"product_brand":[],"product_cat":[30],"product_tag":[],"class_list":{"0":"post-1275","1":"product","2":"type-product","3":"status-publish","4":"has-post-thumbnail","6":"product_cat-rings","8":"first","9":"instock","10":"shipping-taxable","11":"purchasable","12":"product-type-simple","13":"wpzoom-wc-spi-has-enabled"},"acf":[],"_links":{"self":[{"href":"https:\/\/mythkeyjewelry.com\/fr\/wp-json\/wp\/v2\/product\/1275","targetHints":{"allow":["GET"]}}],"collection":[{"href":"https:\/\/mythkeyjewelry.com\/fr\/wp-json\/wp\/v2\/product"}],"about":[{"href":"https:\/\/mythkeyjewelry.com\/fr\/wp-json\/wp\/v2\/types\/product"}],"replies":[{"embeddable":true,"href":"https:\/\/mythkeyjewelry.com\/fr\/wp-json\/wp\/v2\/comments?post=1275"}],"version-history":[{"count":3,"href":"https:\/\/mythkeyjewelry.com\/fr\/wp-json\/wp\/v2\/product\/1275\/revisions"}],"predecessor-version":[{"id":1366,"href":"https:\/\/mythkeyjewelry.com\/fr\/wp-json\/wp\/v2\/product\/1275\/revisions\/1366"}],"wp:featuredmedia":[{"embeddable":true,"href":"https:\/\/mythkeyjewelry.com\/fr\/wp-json\/wp\/v2\/media\/1263"}],"wp:attachment":[{"href":"https:\/\/mythkeyjewelry.com\/fr\/wp-json\/wp\/v2\/media?parent=1275"}],"wp:term":[{"taxonomy":"product_brand","embeddable":true,"href":"https:\/\/mythkeyjewelry.com\/fr\/wp-json\/wp\/v2\/product_brand?post=1275"},{"taxonomy":"product_cat","embeddable":true,"href":"https:\/\/mythkeyjewelry.com\/fr\/wp-json\/wp\/v2\/product_cat?post=1275"},{"taxonomy":"product_tag","embeddable":true,"href":"https:\/\/mythkeyjewelry.com\/fr\/wp-json\/wp\/v2\/product_tag?post=1275"}],"curies":[{"name":"wp","href":"https:\/\/api.w.org\/{rel}","templated":true}]}}