{"id":1284,"date":"2025-10-25T03:02:11","date_gmt":"2025-10-25T03:02:11","guid":{"rendered":"https:\/\/mythkeyjewelry.com\/?post_type=product&#038;p=1284"},"modified":"2025-11-01T00:34:50","modified_gmt":"2025-11-01T00:34:50","slug":"mythkey-3-carat-pear-cut-blue-crystal-star-diamond-ring","status":"publish","type":"product","link":"https:\/\/mythkeyjewelry.com\/fr\/produit\/mythkey-3-carat-pear-cut-blue-crystal-star-diamond-ring\/","title":{"rendered":"MYTHKEY Bague diamant \u00e9toile en cristal bleu 3 carats taille poire"},"content":{"rendered":"<p>Brillante et \u00e9th\u00e9r\u00e9e, la bague MYTHKEY Starlit Bloom capture la magie d'un ciel nocturne illumin\u00e9 par une seule \u00e9toile radieuse.Un cristal bleu taill\u00e9 en poire repose en son c\u0153ur, entour\u00e9 de pierres taill\u00e9es en marquise et en poire qui se d\u00e9ploient comme des p\u00e9tales c\u00e9lestes.La lumi\u00e8re danse sur chaque facette, refl\u00e9tant la confiance, la gr\u00e2ce et le charme infini. D\u00e9licatement sculpt\u00e9 pour incarner \u00e0 la fois la force et la s\u00e9r\u00e9nit\u00e9, c'est une v\u00e9ritable d\u00e9claration de beaut\u00e9 lumineuse.<\/p>","protected":false},"excerpt":{"rendered":"<p>Nom : Fleur \u00e9toil\u00e9e<br \/>\nMati\u00e8re : Argent 925<br \/>\nPierre principale : cristal synth\u00e9tique de 3 carats<br \/>\nTaille de la pierre : 9*10 mm<br \/>\nPoids total : 5,2 g<br \/>\nAnn\u00e9e\/saison de lancement : Automne 2025<br \/>\nCode produit : 25AR01<\/p>","protected":false},"featured_media":1285,"comment_status":"open","ping_status":"closed","template":"","meta":{"_acf_changed":false},"product_brand":[],"product_cat":[30],"product_tag":[],"class_list":{"0":"post-1284","1":"product","2":"type-product","3":"status-publish","4":"has-post-thumbnail","6":"product_cat-rings","8":"first","9":"instock","10":"shipping-taxable","11":"purchasable","12":"product-type-simple","13":"wpzoom-wc-spi-has-enabled"},"acf":[],"_links":{"self":[{"href":"https:\/\/mythkeyjewelry.com\/fr\/wp-json\/wp\/v2\/product\/1284","targetHints":{"allow":["GET"]}}],"collection":[{"href":"https:\/\/mythkeyjewelry.com\/fr\/wp-json\/wp\/v2\/product"}],"about":[{"href":"https:\/\/mythkeyjewelry.com\/fr\/wp-json\/wp\/v2\/types\/product"}],"replies":[{"embeddable":true,"href":"https:\/\/mythkeyjewelry.com\/fr\/wp-json\/wp\/v2\/comments?post=1284"}],"version-history":[{"count":2,"href":"https:\/\/mythkeyjewelry.com\/fr\/wp-json\/wp\/v2\/product\/1284\/revisions"}],"predecessor-version":[{"id":1351,"href":"https:\/\/mythkeyjewelry.com\/fr\/wp-json\/wp\/v2\/product\/1284\/revisions\/1351"}],"wp:featuredmedia":[{"embeddable":true,"href":"https:\/\/mythkeyjewelry.com\/fr\/wp-json\/wp\/v2\/media\/1285"}],"wp:attachment":[{"href":"https:\/\/mythkeyjewelry.com\/fr\/wp-json\/wp\/v2\/media?parent=1284"}],"wp:term":[{"taxonomy":"product_brand","embeddable":true,"href":"https:\/\/mythkeyjewelry.com\/fr\/wp-json\/wp\/v2\/product_brand?post=1284"},{"taxonomy":"product_cat","embeddable":true,"href":"https:\/\/mythkeyjewelry.com\/fr\/wp-json\/wp\/v2\/product_cat?post=1284"},{"taxonomy":"product_tag","embeddable":true,"href":"https:\/\/mythkeyjewelry.com\/fr\/wp-json\/wp\/v2\/product_tag?post=1284"}],"curies":[{"name":"wp","href":"https:\/\/api.w.org\/{rel}","templated":true}]}}