{"id":1288,"date":"2025-10-25T03:20:09","date_gmt":"2025-10-25T03:20:09","guid":{"rendered":"https:\/\/mythkeyjewelry.com\/?post_type=product&#038;p=1288"},"modified":"2025-11-01T00:26:02","modified_gmt":"2025-11-01T00:26:02","slug":"mythkey-7-5-carat-cushion-cut-pink-crystal-diamond-ring","status":"publish","type":"product","link":"https:\/\/mythkeyjewelry.com\/fr\/produit\/mythkey-7-5-carat-cushion-cut-pink-crystal-diamond-ring\/","title":{"rendered":"MYTHKEY Bague de 7,5 carats avec diamant en cristal rose taill\u00e9 en coussin"},"content":{"rendered":"<p>\u00c9l\u00e9gante et radieuse, la bague MYTHKEY Blush Aurora capture les premi\u00e8res lueurs de l'aube dans une douce teinte rose.Son cristal taill\u00e9 en coussin refl\u00e8te une douce chaleur et une brillance raffin\u00e9e, encadr\u00e9e par des diamants baguettes et pav\u00e9s qui ajoutent une gr\u00e2ce architecturale.Une harmonie de tendresse et de force, elle c\u00e9l\u00e8bre l'\u00e9l\u00e9gance intemporelle - gracieuse, lumineuse, et captivante sans effort.<\/p>","protected":false},"excerpt":{"rendered":"<p>Nom : Aurore fard\u00e9e<br \/>\nMati\u00e8re : Argent 925<br \/>\nPierre principale : cristal synth\u00e9tique de 7,5 carats<br \/>\nTaille de la pierre : 11*15 mm<br \/>\nPoids total : 7,8 g<br \/>\nAnn\u00e9e\/saison de lancement : Printemps 2025<br \/>\nCode produit : 25SR03<\/p>","protected":false},"featured_media":1289,"comment_status":"open","ping_status":"closed","template":"","meta":{"_acf_changed":false},"product_brand":[],"product_cat":[30],"product_tag":[],"class_list":{"0":"post-1288","1":"product","2":"type-product","3":"status-publish","4":"has-post-thumbnail","6":"product_cat-rings","8":"first","9":"instock","10":"shipping-taxable","11":"purchasable","12":"product-type-simple","13":"wpzoom-wc-spi-has-enabled"},"acf":[],"_links":{"self":[{"href":"https:\/\/mythkeyjewelry.com\/fr\/wp-json\/wp\/v2\/product\/1288","targetHints":{"allow":["GET"]}}],"collection":[{"href":"https:\/\/mythkeyjewelry.com\/fr\/wp-json\/wp\/v2\/product"}],"about":[{"href":"https:\/\/mythkeyjewelry.com\/fr\/wp-json\/wp\/v2\/types\/product"}],"replies":[{"embeddable":true,"href":"https:\/\/mythkeyjewelry.com\/fr\/wp-json\/wp\/v2\/comments?post=1288"}],"version-history":[{"count":1,"href":"https:\/\/mythkeyjewelry.com\/fr\/wp-json\/wp\/v2\/product\/1288\/revisions"}],"predecessor-version":[{"id":1292,"href":"https:\/\/mythkeyjewelry.com\/fr\/wp-json\/wp\/v2\/product\/1288\/revisions\/1292"}],"wp:featuredmedia":[{"embeddable":true,"href":"https:\/\/mythkeyjewelry.com\/fr\/wp-json\/wp\/v2\/media\/1289"}],"wp:attachment":[{"href":"https:\/\/mythkeyjewelry.com\/fr\/wp-json\/wp\/v2\/media?parent=1288"}],"wp:term":[{"taxonomy":"product_brand","embeddable":true,"href":"https:\/\/mythkeyjewelry.com\/fr\/wp-json\/wp\/v2\/product_brand?post=1288"},{"taxonomy":"product_cat","embeddable":true,"href":"https:\/\/mythkeyjewelry.com\/fr\/wp-json\/wp\/v2\/product_cat?post=1288"},{"taxonomy":"product_tag","embeddable":true,"href":"https:\/\/mythkeyjewelry.com\/fr\/wp-json\/wp\/v2\/product_tag?post=1288"}],"curies":[{"name":"wp","href":"https:\/\/api.w.org\/{rel}","templated":true}]}}