{"id":1300,"date":"2025-10-27T01:19:49","date_gmt":"2025-10-27T01:19:49","guid":{"rendered":"https:\/\/mythkeyjewelry.com\/?post_type=product&#038;p=1300"},"modified":"2025-11-01T00:26:32","modified_gmt":"2025-11-01T00:26:32","slug":"mythkey-7-carat-cushion-cut-pink-crystal-diamond-ring","status":"publish","type":"product","link":"https:\/\/mythkeyjewelry.com\/fr\/produit\/mythkey-7-carat-cushion-cut-pink-crystal-diamond-ring\/","title":{"rendered":"MYTHKEY Bague en cristal rose 7 carats taille coussin"},"content":{"rendered":"<p>Majestueuse et radieuse, la bague MYTHKEY Rose Crown incarne l'essence de la gr\u00e2ce moderne gr\u00e2ce \u00e0 son cristal rose coussin de 7 carats. Encadr\u00e9e par des diamants blancs et blush scintillants, elle refl\u00e8te la lumi\u00e8re avec une profondeur rare et une brillance intemporelle. Symbole de confiance et d'allure raffin\u00e9e, ce chef-d'\u0153uvre c\u00e9l\u00e8bre la beaut\u00e9 qui r\u00e8gne avec une force tranquille - lumineuse, royale et inoubliable.<\/p>","protected":false},"excerpt":{"rendered":"<p>Nom : Couronne de roses<br \/>\nMati\u00e8re : Argent 925<br \/>\nPierre principale : cristal synth\u00e9tique de 7 carats<br \/>\nTaille de la pierre : 12*12 mm<br \/>\nPoids total : 7,8 g<br \/>\nAnn\u00e9e\/saison de lancement : Printemps 2025<br \/>\nCode produit : 25SR04<\/p>","protected":false},"featured_media":1301,"comment_status":"open","ping_status":"closed","template":"","meta":{"_acf_changed":false},"product_brand":[],"product_cat":[30],"product_tag":[],"class_list":{"0":"post-1300","1":"product","2":"type-product","3":"status-publish","4":"has-post-thumbnail","6":"product_cat-rings","8":"first","9":"instock","10":"shipping-taxable","11":"purchasable","12":"product-type-simple","13":"wpzoom-wc-spi-has-enabled"},"acf":[],"_links":{"self":[{"href":"https:\/\/mythkeyjewelry.com\/fr\/wp-json\/wp\/v2\/product\/1300","targetHints":{"allow":["GET"]}}],"collection":[{"href":"https:\/\/mythkeyjewelry.com\/fr\/wp-json\/wp\/v2\/product"}],"about":[{"href":"https:\/\/mythkeyjewelry.com\/fr\/wp-json\/wp\/v2\/types\/product"}],"replies":[{"embeddable":true,"href":"https:\/\/mythkeyjewelry.com\/fr\/wp-json\/wp\/v2\/comments?post=1300"}],"version-history":[{"count":2,"href":"https:\/\/mythkeyjewelry.com\/fr\/wp-json\/wp\/v2\/product\/1300\/revisions"}],"predecessor-version":[{"id":1546,"href":"https:\/\/mythkeyjewelry.com\/fr\/wp-json\/wp\/v2\/product\/1300\/revisions\/1546"}],"wp:featuredmedia":[{"embeddable":true,"href":"https:\/\/mythkeyjewelry.com\/fr\/wp-json\/wp\/v2\/media\/1301"}],"wp:attachment":[{"href":"https:\/\/mythkeyjewelry.com\/fr\/wp-json\/wp\/v2\/media?parent=1300"}],"wp:term":[{"taxonomy":"product_brand","embeddable":true,"href":"https:\/\/mythkeyjewelry.com\/fr\/wp-json\/wp\/v2\/product_brand?post=1300"},{"taxonomy":"product_cat","embeddable":true,"href":"https:\/\/mythkeyjewelry.com\/fr\/wp-json\/wp\/v2\/product_cat?post=1300"},{"taxonomy":"product_tag","embeddable":true,"href":"https:\/\/mythkeyjewelry.com\/fr\/wp-json\/wp\/v2\/product_tag?post=1300"}],"curies":[{"name":"wp","href":"https:\/\/api.w.org\/{rel}","templated":true}]}}