{"id":1380,"date":"2025-10-29T05:36:12","date_gmt":"2025-10-29T05:36:12","guid":{"rendered":"https:\/\/mythkeyjewelry.com\/?post_type=product&#038;p=1380"},"modified":"2025-11-01T00:32:08","modified_gmt":"2025-11-01T00:32:08","slug":"mythkey-purple-crystal-floral-vine-ring","status":"publish","type":"product","link":"https:\/\/mythkeyjewelry.com\/fr\/produit\/mythkey-purple-crystal-floral-vine-ring\/","title":{"rendered":"MYTHKEY Bague fleurie en cristal violet"},"content":{"rendered":"<p>La bague Morning Bloom de MYTHKEY capture le doux rayonnement de l'aube dans une d\u00e9licate fusion de couleurs et de lumi\u00e8re.Un cristal lavande taill\u00e9 en poire repose au c\u0153ur d'un motif floral dor\u00e9, entour\u00e9 de brillantes pierres taill\u00e9es en marquise et en rond qui rappellent les p\u00e9tales touch\u00e9s par la lumi\u00e8re du soleil.La bande de vigne fluide, fabriqu\u00e9e en argent plaqu\u00e9 or, symbolise le renouveau et la gr\u00e2ce - une d\u00e9claration lumineuse d'\u00e9l\u00e9gance qui illumine chaque geste.<\/p>","protected":false},"excerpt":{"rendered":"<p>Nom : Fleur du matin<br \/>\nMati\u00e8re : Argent 925<br \/>\nPierre principale : Cristal synth\u00e9tique<br \/>\nTaille de la pierre : 5*7 mm<br \/>\nPoids total : 3,5 g<br \/>\nAnn\u00e9e\/saison de lancement : Hiver 2024<br \/>\nCode produit : 24WR04<\/p>","protected":false},"featured_media":1381,"comment_status":"open","ping_status":"closed","template":"","meta":{"_acf_changed":false},"product_brand":[],"product_cat":[30],"product_tag":[],"class_list":{"0":"post-1380","1":"product","2":"type-product","3":"status-publish","4":"has-post-thumbnail","6":"product_cat-rings","8":"first","9":"instock","10":"shipping-taxable","11":"purchasable","12":"product-type-simple","13":"wpzoom-wc-spi-has-enabled"},"acf":[],"_links":{"self":[{"href":"https:\/\/mythkeyjewelry.com\/fr\/wp-json\/wp\/v2\/product\/1380","targetHints":{"allow":["GET"]}}],"collection":[{"href":"https:\/\/mythkeyjewelry.com\/fr\/wp-json\/wp\/v2\/product"}],"about":[{"href":"https:\/\/mythkeyjewelry.com\/fr\/wp-json\/wp\/v2\/types\/product"}],"replies":[{"embeddable":true,"href":"https:\/\/mythkeyjewelry.com\/fr\/wp-json\/wp\/v2\/comments?post=1380"}],"version-history":[{"count":2,"href":"https:\/\/mythkeyjewelry.com\/fr\/wp-json\/wp\/v2\/product\/1380\/revisions"}],"predecessor-version":[{"id":1385,"href":"https:\/\/mythkeyjewelry.com\/fr\/wp-json\/wp\/v2\/product\/1380\/revisions\/1385"}],"wp:featuredmedia":[{"embeddable":true,"href":"https:\/\/mythkeyjewelry.com\/fr\/wp-json\/wp\/v2\/media\/1381"}],"wp:attachment":[{"href":"https:\/\/mythkeyjewelry.com\/fr\/wp-json\/wp\/v2\/media?parent=1380"}],"wp:term":[{"taxonomy":"product_brand","embeddable":true,"href":"https:\/\/mythkeyjewelry.com\/fr\/wp-json\/wp\/v2\/product_brand?post=1380"},{"taxonomy":"product_cat","embeddable":true,"href":"https:\/\/mythkeyjewelry.com\/fr\/wp-json\/wp\/v2\/product_cat?post=1380"},{"taxonomy":"product_tag","embeddable":true,"href":"https:\/\/mythkeyjewelry.com\/fr\/wp-json\/wp\/v2\/product_tag?post=1380"}],"curies":[{"name":"wp","href":"https:\/\/api.w.org\/{rel}","templated":true}]}}