{"id":1391,"date":"2025-10-29T06:18:22","date_gmt":"2025-10-29T06:18:22","guid":{"rendered":"https:\/\/mythkeyjewelry.com\/?post_type=product&#038;p=1391"},"modified":"2025-11-01T00:32:36","modified_gmt":"2025-11-01T00:32:36","slug":"mythkey-green-crystal-leaf-band-ring","status":"publish","type":"product","link":"https:\/\/mythkeyjewelry.com\/fr\/produit\/mythkey-green-crystal-leaf-band-ring\/","title":{"rendered":"MYTHKEY Bague avec feuille de cristal vert"},"content":{"rendered":"<p>La bague Verdant Whisper de MYTHKEY c\u00e9l\u00e8bre l'harmonie entre la nature et l'art.En son centre, un cristal vert vif taill\u00e9 en coussin irradie la vitalit\u00e9 du printemps, entour\u00e9 de feuilles serties de diamants qui brillent comme la ros\u00e9e du matin.Fabriqu\u00e9 en argent sterling, le design de la feuille ouverte coule gracieusement le long du doigt - une ode intemporelle \u00e0 la croissance, au renouveau et \u00e0 l'\u00e9l\u00e9gance tranquille.<\/p>","protected":false},"excerpt":{"rendered":"<p>Nom : Murmure verdoyant<br \/>\nMati\u00e8re : Argent 925<br \/>\nPierre principale : Cristal synth\u00e9tique<br \/>\nTaille de la pierre : 6*8 mm<br \/>\nPoids total : 4,8 g<br \/>\nAnn\u00e9e\/saison de lancement : Automne 2024<br \/>\nCode produit : 24AR01<\/p>","protected":false},"featured_media":1392,"comment_status":"open","ping_status":"closed","template":"","meta":{"_acf_changed":false},"product_brand":[],"product_cat":[30],"product_tag":[],"class_list":{"0":"post-1391","1":"product","2":"type-product","3":"status-publish","4":"has-post-thumbnail","6":"product_cat-rings","8":"first","9":"instock","10":"shipping-taxable","11":"purchasable","12":"product-type-simple","13":"wpzoom-wc-spi-has-enabled"},"acf":[],"_links":{"self":[{"href":"https:\/\/mythkeyjewelry.com\/fr\/wp-json\/wp\/v2\/product\/1391","targetHints":{"allow":["GET"]}}],"collection":[{"href":"https:\/\/mythkeyjewelry.com\/fr\/wp-json\/wp\/v2\/product"}],"about":[{"href":"https:\/\/mythkeyjewelry.com\/fr\/wp-json\/wp\/v2\/types\/product"}],"replies":[{"embeddable":true,"href":"https:\/\/mythkeyjewelry.com\/fr\/wp-json\/wp\/v2\/comments?post=1391"}],"version-history":[{"count":1,"href":"https:\/\/mythkeyjewelry.com\/fr\/wp-json\/wp\/v2\/product\/1391\/revisions"}],"predecessor-version":[{"id":1395,"href":"https:\/\/mythkeyjewelry.com\/fr\/wp-json\/wp\/v2\/product\/1391\/revisions\/1395"}],"wp:featuredmedia":[{"embeddable":true,"href":"https:\/\/mythkeyjewelry.com\/fr\/wp-json\/wp\/v2\/media\/1392"}],"wp:attachment":[{"href":"https:\/\/mythkeyjewelry.com\/fr\/wp-json\/wp\/v2\/media?parent=1391"}],"wp:term":[{"taxonomy":"product_brand","embeddable":true,"href":"https:\/\/mythkeyjewelry.com\/fr\/wp-json\/wp\/v2\/product_brand?post=1391"},{"taxonomy":"product_cat","embeddable":true,"href":"https:\/\/mythkeyjewelry.com\/fr\/wp-json\/wp\/v2\/product_cat?post=1391"},{"taxonomy":"product_tag","embeddable":true,"href":"https:\/\/mythkeyjewelry.com\/fr\/wp-json\/wp\/v2\/product_tag?post=1391"}],"curies":[{"name":"wp","href":"https:\/\/api.w.org\/{rel}","templated":true}]}}