{"id":1474,"date":"2025-10-31T02:37:10","date_gmt":"2025-10-31T02:37:10","guid":{"rendered":"https:\/\/mythkeyjewelry.com\/?post_type=product&#038;p=1474"},"modified":"2025-11-01T00:22:45","modified_gmt":"2025-11-01T00:22:45","slug":"mythkey-2-5-carat-white-cabochon-crystal-halo-ring","status":"publish","type":"product","link":"https:\/\/mythkeyjewelry.com\/fr\/produit\/mythkey-2-5-carat-white-cabochon-crystal-halo-ring\/","title":{"rendered":"MYTHKEY Bague Halo en cristal cabochon blanc de 2,5 carats"},"content":{"rendered":"<p>La bague MYTHKEY Eternal White incarne la puret\u00e9 et l'\u00e9clat tranquille. Un cristal cabochon blanc lumineux repose au centre, entour\u00e9 d'un halo de pierres taill\u00e9es avec pr\u00e9cision qui scintillent comme du givre. Serti dans de l'argent poli, ce mod\u00e8le allie une douce \u00e9l\u00e9gance \u00e0 une brillance c\u00e9leste - cr\u00e9ant un \u00e9clat serein qui s'accorde aussi bien \u00e0 la gr\u00e2ce quotidienne qu'\u00e0 la sophistication du soir. Portez-le comme un clair de lune, calme, lumineux et \u00e9ternel.<\/p>","protected":false},"excerpt":{"rendered":"<p>Nom : Blanc \u00e9ternel<br \/>\nMati\u00e8re : Argent 925<br \/>\nType de pierre : Cristal synth\u00e9tique de 2,5 carats<br \/>\nTaille de la pierre : 8*10 mm<br \/>\nPoids total : 5,3 g<br \/>\nAnn\u00e9e\/saison de lancement : Printemps 2025<br \/>\nCode produit : 25R02<\/p>","protected":false},"featured_media":1479,"comment_status":"open","ping_status":"closed","template":"","meta":{"_acf_changed":false},"product_brand":[],"product_cat":[30],"product_tag":[],"class_list":{"0":"post-1474","1":"product","2":"type-product","3":"status-publish","4":"has-post-thumbnail","6":"product_cat-rings","8":"first","9":"instock","10":"shipping-taxable","11":"purchasable","12":"product-type-simple","13":"wpzoom-wc-spi-has-enabled"},"acf":[],"_links":{"self":[{"href":"https:\/\/mythkeyjewelry.com\/fr\/wp-json\/wp\/v2\/product\/1474","targetHints":{"allow":["GET"]}}],"collection":[{"href":"https:\/\/mythkeyjewelry.com\/fr\/wp-json\/wp\/v2\/product"}],"about":[{"href":"https:\/\/mythkeyjewelry.com\/fr\/wp-json\/wp\/v2\/types\/product"}],"replies":[{"embeddable":true,"href":"https:\/\/mythkeyjewelry.com\/fr\/wp-json\/wp\/v2\/comments?post=1474"}],"version-history":[{"count":1,"href":"https:\/\/mythkeyjewelry.com\/fr\/wp-json\/wp\/v2\/product\/1474\/revisions"}],"predecessor-version":[{"id":1480,"href":"https:\/\/mythkeyjewelry.com\/fr\/wp-json\/wp\/v2\/product\/1474\/revisions\/1480"}],"wp:featuredmedia":[{"embeddable":true,"href":"https:\/\/mythkeyjewelry.com\/fr\/wp-json\/wp\/v2\/media\/1479"}],"wp:attachment":[{"href":"https:\/\/mythkeyjewelry.com\/fr\/wp-json\/wp\/v2\/media?parent=1474"}],"wp:term":[{"taxonomy":"product_brand","embeddable":true,"href":"https:\/\/mythkeyjewelry.com\/fr\/wp-json\/wp\/v2\/product_brand?post=1474"},{"taxonomy":"product_cat","embeddable":true,"href":"https:\/\/mythkeyjewelry.com\/fr\/wp-json\/wp\/v2\/product_cat?post=1474"},{"taxonomy":"product_tag","embeddable":true,"href":"https:\/\/mythkeyjewelry.com\/fr\/wp-json\/wp\/v2\/product_tag?post=1474"}],"curies":[{"name":"wp","href":"https:\/\/api.w.org\/{rel}","templated":true}]}}