{"id":531,"date":"2025-10-16T01:33:05","date_gmt":"2025-10-16T01:33:05","guid":{"rendered":"https:\/\/mythkeyjewelry.com\/?post_type=product&#038;p=531"},"modified":"2025-10-27T22:42:18","modified_gmt":"2025-10-27T22:42:18","slug":"mythkey-5-caratgreen-chalcedony-cabochon-diamond-halo-pendant-necklace","status":"publish","type":"product","link":"https:\/\/mythkeyjewelry.com\/fr\/produit\/mythkey-5-caratgreen-chalcedony-cabochon-diamond-halo-pendant-necklace\/","title":{"rendered":"MYTHKEY Collier pendentif halo en calc\u00e9doine verte cabochon diamant de 5 carats"},"content":{"rendered":"<p>D'une \u00e9l\u00e9gance intemporelle, le MYTHKEY Eternal Green capture l'harmonie de la nature et de la lumi\u00e8re. Un cabochon lumineux de calc\u00e9doine verte de 5 carats repose sous un cristal synth\u00e9tique brillant, tous deux encadr\u00e9s par un halo scintillant de fines pierres pav\u00e9es. L'ensemble \u00e9voque l'\u00e9quilibre - la s\u00e9r\u00e9nit\u00e9 de la calc\u00e9doine verdoyante et la brillance du diamant qui la surplombe.<\/p>","protected":false},"excerpt":{"rendered":"<p>Nom : Vert \u00e9ternel<br \/>\nMati\u00e8re : Argent 925<br \/>\nPierre principale : calc\u00e9doine verte de 5 carats, cristal synth\u00e9tique<br \/>\nTaille de la pierre : 12 mm Calc\u00e9doine verte<br \/>\nLongueur de la cha\u00eene : 40 cm - 45 cm<br \/>\nPoids total : 7,8 g<br \/>\nAnn\u00e9e\/saison de lancement : Printemps 2025<br \/>\nCode produit : 25SN01<\/p>","protected":false},"featured_media":532,"comment_status":"open","ping_status":"closed","template":"","meta":{"_acf_changed":false},"product_brand":[],"product_cat":[31],"product_tag":[],"class_list":{"0":"post-531","1":"product","2":"type-product","3":"status-publish","4":"has-post-thumbnail","6":"product_cat-necklaces","8":"first","9":"instock","10":"shipping-taxable","11":"purchasable","12":"product-type-simple","13":"wpzoom-wc-spi-has-enabled"},"acf":[],"_links":{"self":[{"href":"https:\/\/mythkeyjewelry.com\/fr\/wp-json\/wp\/v2\/product\/531","targetHints":{"allow":["GET"]}}],"collection":[{"href":"https:\/\/mythkeyjewelry.com\/fr\/wp-json\/wp\/v2\/product"}],"about":[{"href":"https:\/\/mythkeyjewelry.com\/fr\/wp-json\/wp\/v2\/types\/product"}],"replies":[{"embeddable":true,"href":"https:\/\/mythkeyjewelry.com\/fr\/wp-json\/wp\/v2\/comments?post=531"}],"version-history":[{"count":14,"href":"https:\/\/mythkeyjewelry.com\/fr\/wp-json\/wp\/v2\/product\/531\/revisions"}],"predecessor-version":[{"id":1353,"href":"https:\/\/mythkeyjewelry.com\/fr\/wp-json\/wp\/v2\/product\/531\/revisions\/1353"}],"wp:featuredmedia":[{"embeddable":true,"href":"https:\/\/mythkeyjewelry.com\/fr\/wp-json\/wp\/v2\/media\/532"}],"wp:attachment":[{"href":"https:\/\/mythkeyjewelry.com\/fr\/wp-json\/wp\/v2\/media?parent=531"}],"wp:term":[{"taxonomy":"product_brand","embeddable":true,"href":"https:\/\/mythkeyjewelry.com\/fr\/wp-json\/wp\/v2\/product_brand?post=531"},{"taxonomy":"product_cat","embeddable":true,"href":"https:\/\/mythkeyjewelry.com\/fr\/wp-json\/wp\/v2\/product_cat?post=531"},{"taxonomy":"product_tag","embeddable":true,"href":"https:\/\/mythkeyjewelry.com\/fr\/wp-json\/wp\/v2\/product_tag?post=531"}],"curies":[{"name":"wp","href":"https:\/\/api.w.org\/{rel}","templated":true}]}}