{"id":638,"date":"2025-10-16T05:51:41","date_gmt":"2025-10-16T05:51:41","guid":{"rendered":"https:\/\/mythkeyjewelry.com\/?post_type=product&#038;p=638"},"modified":"2025-10-19T22:08:05","modified_gmt":"2025-10-19T22:08:05","slug":"mythkey-padparadscha-pink-oval-gemstone-diamond-halo-pendant-necklace","status":"publish","type":"product","link":"https:\/\/mythkeyjewelry.com\/fr\/produit\/mythkey-padparadscha-pink-oval-gemstone-diamond-halo-pendant-necklace\/","title":{"rendered":"MYTHKEY Collier pendentif halo en pierres pr\u00e9cieuses ovales roses Padparadscha et diamants"},"content":{"rendered":"<p>L'Aurore flamboyante MYTHKEY brille d'une lumi\u00e8re douce et enchanteresse. En son centre se trouve une pierre pr\u00e9cieuse rose Padparadscha de 2 carats, qui rayonne de chaleur et de gr\u00e2ce. Son design intemporel le rend parfait pour une utilisation quotidienne, tout en ajoutant une touche d'\u00e9l\u00e9gance aux moments sp\u00e9ciaux de la vie.<\/p>","protected":false},"excerpt":{"rendered":"<p>Nom : Aurore flamboyante<br \/>\nMati\u00e8re : Argent 925<br \/>\nPierre principale : 2 carats Padparadscha Pink<br \/>\nTaille de la pierre : 7*9 mm<br \/>\nLongueur de la cha\u00eene : 40 cm - 50 cm<br \/>\nPoids total : 9,2 g<br \/>\nAnn\u00e9e\/saison de lancement : Printemps 2025<br \/>\nCode produit : 25SN02<\/p>","protected":false},"featured_media":639,"comment_status":"open","ping_status":"closed","template":"","meta":{"_acf_changed":false},"product_brand":[],"product_cat":[31],"product_tag":[],"class_list":{"0":"post-638","1":"product","2":"type-product","3":"status-publish","4":"has-post-thumbnail","6":"product_cat-necklaces","8":"first","9":"instock","10":"shipping-taxable","11":"purchasable","12":"product-type-simple","13":"wpzoom-wc-spi-has-enabled"},"acf":[],"_links":{"self":[{"href":"https:\/\/mythkeyjewelry.com\/fr\/wp-json\/wp\/v2\/product\/638","targetHints":{"allow":["GET"]}}],"collection":[{"href":"https:\/\/mythkeyjewelry.com\/fr\/wp-json\/wp\/v2\/product"}],"about":[{"href":"https:\/\/mythkeyjewelry.com\/fr\/wp-json\/wp\/v2\/types\/product"}],"replies":[{"embeddable":true,"href":"https:\/\/mythkeyjewelry.com\/fr\/wp-json\/wp\/v2\/comments?post=638"}],"version-history":[{"count":3,"href":"https:\/\/mythkeyjewelry.com\/fr\/wp-json\/wp\/v2\/product\/638\/revisions"}],"predecessor-version":[{"id":765,"href":"https:\/\/mythkeyjewelry.com\/fr\/wp-json\/wp\/v2\/product\/638\/revisions\/765"}],"wp:featuredmedia":[{"embeddable":true,"href":"https:\/\/mythkeyjewelry.com\/fr\/wp-json\/wp\/v2\/media\/639"}],"wp:attachment":[{"href":"https:\/\/mythkeyjewelry.com\/fr\/wp-json\/wp\/v2\/media?parent=638"}],"wp:term":[{"taxonomy":"product_brand","embeddable":true,"href":"https:\/\/mythkeyjewelry.com\/fr\/wp-json\/wp\/v2\/product_brand?post=638"},{"taxonomy":"product_cat","embeddable":true,"href":"https:\/\/mythkeyjewelry.com\/fr\/wp-json\/wp\/v2\/product_cat?post=638"},{"taxonomy":"product_tag","embeddable":true,"href":"https:\/\/mythkeyjewelry.com\/fr\/wp-json\/wp\/v2\/product_tag?post=638"}],"curies":[{"name":"wp","href":"https:\/\/api.w.org\/{rel}","templated":true}]}}