{"id":645,"date":"2025-10-16T05:54:41","date_gmt":"2025-10-16T05:54:41","guid":{"rendered":"https:\/\/mythkeyjewelry.com\/?post_type=product&#038;p=645"},"modified":"2025-10-20T23:08:29","modified_gmt":"2025-10-20T23:08:29","slug":"mythkey-diamond-snowflake-cluster-pendant-necklace","status":"publish","type":"product","link":"https:\/\/mythkeyjewelry.com\/fr\/produit\/mythkey-diamond-snowflake-cluster-pendant-necklace\/","title":{"rendered":"MYTHKEY Collier pendentif flocon de neige avec diamants"},"content":{"rendered":"<p>Le MYTHKEY Ice Blossom capture l'\u00e9clat tranquille de la premi\u00e8re neige de l'hiver. Inspir\u00e9 par la sym\u00e9trie naturelle d'un flocon de neige, ce pendentif pr\u00e9sente un cristal synth\u00e9tique de 2 carats en son centre, entour\u00e9 d'une d\u00e9licate grappe de pierres plus petites qui scintillent sous tous les angles.<\/p>","protected":false},"excerpt":{"rendered":"<p>Nom : Fleur de glace<br \/>\nMati\u00e8re : Argent 925<br \/>\nPierre principale : cristal synth\u00e9tique de 2 carats<br \/>\nTaille de la pierre : 8 mm<br \/>\nLongueur de la cha\u00eene : 40 cm - 45 cm<br \/>\nPoids total : 4,6 g<br \/>\nAnn\u00e9e\/saison de lancement : Hiver 2024<br \/>\nCode produit : 24WN01<\/p>","protected":false},"featured_media":646,"comment_status":"open","ping_status":"closed","template":"","meta":{"_acf_changed":false},"product_brand":[],"product_cat":[31],"product_tag":[],"class_list":{"0":"post-645","1":"product","2":"type-product","3":"status-publish","4":"has-post-thumbnail","6":"product_cat-necklaces","8":"first","9":"instock","10":"shipping-taxable","11":"purchasable","12":"product-type-simple","13":"wpzoom-wc-spi-has-enabled"},"acf":[],"_links":{"self":[{"href":"https:\/\/mythkeyjewelry.com\/fr\/wp-json\/wp\/v2\/product\/645","targetHints":{"allow":["GET"]}}],"collection":[{"href":"https:\/\/mythkeyjewelry.com\/fr\/wp-json\/wp\/v2\/product"}],"about":[{"href":"https:\/\/mythkeyjewelry.com\/fr\/wp-json\/wp\/v2\/types\/product"}],"replies":[{"embeddable":true,"href":"https:\/\/mythkeyjewelry.com\/fr\/wp-json\/wp\/v2\/comments?post=645"}],"version-history":[{"count":4,"href":"https:\/\/mythkeyjewelry.com\/fr\/wp-json\/wp\/v2\/product\/645\/revisions"}],"predecessor-version":[{"id":766,"href":"https:\/\/mythkeyjewelry.com\/fr\/wp-json\/wp\/v2\/product\/645\/revisions\/766"}],"wp:featuredmedia":[{"embeddable":true,"href":"https:\/\/mythkeyjewelry.com\/fr\/wp-json\/wp\/v2\/media\/646"}],"wp:attachment":[{"href":"https:\/\/mythkeyjewelry.com\/fr\/wp-json\/wp\/v2\/media?parent=645"}],"wp:term":[{"taxonomy":"product_brand","embeddable":true,"href":"https:\/\/mythkeyjewelry.com\/fr\/wp-json\/wp\/v2\/product_brand?post=645"},{"taxonomy":"product_cat","embeddable":true,"href":"https:\/\/mythkeyjewelry.com\/fr\/wp-json\/wp\/v2\/product_cat?post=645"},{"taxonomy":"product_tag","embeddable":true,"href":"https:\/\/mythkeyjewelry.com\/fr\/wp-json\/wp\/v2\/product_tag?post=645"}],"curies":[{"name":"wp","href":"https:\/\/api.w.org\/{rel}","templated":true}]}}