{"id":707,"date":"2025-10-17T03:49:03","date_gmt":"2025-10-17T03:49:03","guid":{"rendered":"https:\/\/mythkeyjewelry.com\/?post_type=product&#038;p=707"},"modified":"2025-10-20T23:10:35","modified_gmt":"2025-10-20T23:10:35","slug":"mythkey-rectangular-blue-topaz-necklace","status":"publish","type":"product","link":"https:\/\/mythkeyjewelry.com\/fr\/produit\/mythkey-rectangular-blue-topaz-necklace\/","title":{"rendered":"MYTHKEY Collier rectangulaire en topaze bleue"},"content":{"rendered":"<p>Le MYTHKEY Gate of Azure refl\u00e8te une sophistication sereine et une gr\u00e2ce moderne. Une \u00e9l\u00e9gante topaze bleue rectangulaire capture la clart\u00e9 du ciel d'\u00e9t\u00e9, accentu\u00e9e par une fine barre d'argent orn\u00e9e de d\u00e9licats diamants. \u00c9l\u00e9gant mais discret, ce collier est parfait pour le quotidien ou les occasions sp\u00e9ciales, ajoutant un charme intemporel \u00e0 n'importe quel look.<\/p>","protected":false},"excerpt":{"rendered":"<p>Nom : Porte d'Azur<br \/>\nMati\u00e8re : Argent 925<br \/>\nPierre principale : Topaze bleue<br \/>\nTaille de la pierre : 10*5 mm<br \/>\nLongueur de la cha\u00eene : 40 cm - 45 cm<br \/>\nPoids total : 3,9 g<br \/>\nAnn\u00e9e\/saison de lancement : \u00c9t\u00e9 2024<br \/>\nCode produit : 23SSN01<\/p>","protected":false},"featured_media":708,"comment_status":"open","ping_status":"closed","template":"","meta":{"_acf_changed":false},"product_brand":[],"product_cat":[31],"product_tag":[],"class_list":{"0":"post-707","1":"product","2":"type-product","3":"status-publish","4":"has-post-thumbnail","6":"product_cat-necklaces","8":"first","9":"instock","10":"shipping-taxable","11":"purchasable","12":"product-type-simple","13":"wpzoom-wc-spi-has-enabled"},"acf":[],"_links":{"self":[{"href":"https:\/\/mythkeyjewelry.com\/fr\/wp-json\/wp\/v2\/product\/707","targetHints":{"allow":["GET"]}}],"collection":[{"href":"https:\/\/mythkeyjewelry.com\/fr\/wp-json\/wp\/v2\/product"}],"about":[{"href":"https:\/\/mythkeyjewelry.com\/fr\/wp-json\/wp\/v2\/types\/product"}],"replies":[{"embeddable":true,"href":"https:\/\/mythkeyjewelry.com\/fr\/wp-json\/wp\/v2\/comments?post=707"}],"version-history":[{"count":3,"href":"https:\/\/mythkeyjewelry.com\/fr\/wp-json\/wp\/v2\/product\/707\/revisions"}],"predecessor-version":[{"id":986,"href":"https:\/\/mythkeyjewelry.com\/fr\/wp-json\/wp\/v2\/product\/707\/revisions\/986"}],"wp:featuredmedia":[{"embeddable":true,"href":"https:\/\/mythkeyjewelry.com\/fr\/wp-json\/wp\/v2\/media\/708"}],"wp:attachment":[{"href":"https:\/\/mythkeyjewelry.com\/fr\/wp-json\/wp\/v2\/media?parent=707"}],"wp:term":[{"taxonomy":"product_brand","embeddable":true,"href":"https:\/\/mythkeyjewelry.com\/fr\/wp-json\/wp\/v2\/product_brand?post=707"},{"taxonomy":"product_cat","embeddable":true,"href":"https:\/\/mythkeyjewelry.com\/fr\/wp-json\/wp\/v2\/product_cat?post=707"},{"taxonomy":"product_tag","embeddable":true,"href":"https:\/\/mythkeyjewelry.com\/fr\/wp-json\/wp\/v2\/product_tag?post=707"}],"curies":[{"name":"wp","href":"https:\/\/api.w.org\/{rel}","templated":true}]}}