{"id":997,"date":"2025-10-20T23:22:31","date_gmt":"2025-10-20T23:22:31","guid":{"rendered":"https:\/\/mythkeyjewelry.com\/?post_type=product&#038;p=997"},"modified":"2025-10-24T02:11:53","modified_gmt":"2025-10-24T02:11:53","slug":"mythkey-oval-ruby-halo-bracelet","status":"publish","type":"product","link":"https:\/\/mythkeyjewelry.com\/fr\/produit\/mythkey-oval-ruby-halo-bracelet\/","title":{"rendered":"MYTHKEY Bracelet Halo en rubis ovale"},"content":{"rendered":"<p>Le bracelet MYTHKEY Oval Ruby Halo met en valeur de vibrants rubis taill\u00e9s en ovale, entour\u00e9s de brillants halos de diamants, cr\u00e9ant un \u00e9quilibre parfait entre passion et \u00e9l\u00e9gance. Fabriqu\u00e9 avec du cristal synth\u00e9tique taill\u00e9 avec pr\u00e9cision, il offre une brillance et une durabilit\u00e9 comparables \u00e0 celles des gemmes naturelles, avec une clart\u00e9 exceptionnelle, une couleur stable et une durabilit\u00e9 respectueuse de l'environnement - mettant le luxe et la sophistication \u00e0 port\u00e9e de main.<\/p>","protected":false},"excerpt":{"rendered":"<p>Nom : Flamme d'\u00e9ternit\u00e9<br \/>\nMati\u00e8re : Argent 925<br \/>\nType de pierre : Cristal synth\u00e9tique<br \/>\nTaille de la pierre : 3*4mm<br \/>\nPoids total : 7 g<br \/>\nAnn\u00e9e\/saison de lancement : hiver 2024<br \/>\nCode produit : 24WB02<\/p>","protected":false},"featured_media":1026,"comment_status":"open","ping_status":"closed","template":"","meta":{"_acf_changed":false},"product_brand":[],"product_cat":[32],"product_tag":[],"class_list":{"0":"post-997","1":"product","2":"type-product","3":"status-publish","4":"has-post-thumbnail","6":"product_cat-bracelets","8":"first","9":"instock","10":"shipping-taxable","11":"purchasable","12":"product-type-simple","13":"wpzoom-wc-spi-has-enabled"},"acf":[],"_links":{"self":[{"href":"https:\/\/mythkeyjewelry.com\/fr\/wp-json\/wp\/v2\/product\/997","targetHints":{"allow":["GET"]}}],"collection":[{"href":"https:\/\/mythkeyjewelry.com\/fr\/wp-json\/wp\/v2\/product"}],"about":[{"href":"https:\/\/mythkeyjewelry.com\/fr\/wp-json\/wp\/v2\/types\/product"}],"replies":[{"embeddable":true,"href":"https:\/\/mythkeyjewelry.com\/fr\/wp-json\/wp\/v2\/comments?post=997"}],"version-history":[{"count":2,"href":"https:\/\/mythkeyjewelry.com\/fr\/wp-json\/wp\/v2\/product\/997\/revisions"}],"predecessor-version":[{"id":1225,"href":"https:\/\/mythkeyjewelry.com\/fr\/wp-json\/wp\/v2\/product\/997\/revisions\/1225"}],"wp:featuredmedia":[{"embeddable":true,"href":"https:\/\/mythkeyjewelry.com\/fr\/wp-json\/wp\/v2\/media\/1026"}],"wp:attachment":[{"href":"https:\/\/mythkeyjewelry.com\/fr\/wp-json\/wp\/v2\/media?parent=997"}],"wp:term":[{"taxonomy":"product_brand","embeddable":true,"href":"https:\/\/mythkeyjewelry.com\/fr\/wp-json\/wp\/v2\/product_brand?post=997"},{"taxonomy":"product_cat","embeddable":true,"href":"https:\/\/mythkeyjewelry.com\/fr\/wp-json\/wp\/v2\/product_cat?post=997"},{"taxonomy":"product_tag","embeddable":true,"href":"https:\/\/mythkeyjewelry.com\/fr\/wp-json\/wp\/v2\/product_tag?post=997"}],"curies":[{"name":"wp","href":"https:\/\/api.w.org\/{rel}","templated":true}]}}