{"id":256,"date":"2025-05-24T05:39:41","date_gmt":"2025-05-24T05:39:41","guid":{"rendered":"https:\/\/mythkeyjewelry.com\/?page_id=256"},"modified":"2025-11-19T13:34:38","modified_gmt":"2025-11-19T13:34:38","slug":"contact-us","status":"publish","type":"page","link":"https:\/\/mythkeyjewelry.com\/nb\/contact-us\/","title":{"rendered":"Kontakt oss"},"content":{"rendered":"<div data-elementor-type=\"wp-page\" data-elementor-id=\"256\" class=\"elementor elementor-256\" data-elementor-post-type=\"page\">\n\t\t\t\t<div class=\"elementor-element elementor-element-7fc482f e-flex e-con-boxed e-con e-parent\" data-id=\"7fc482f\" data-element_type=\"container\" data-settings=\"{&quot;ekit_has_onepagescroll_dot&quot;:&quot;yes&quot;}\">\n\t\t\t\t\t<div class=\"e-con-inner\">\n\t\t\t\t<div class=\"elementor-element elementor-element-a27a3ff elementor-widget elementor-widget-heading\" data-id=\"a27a3ff\" data-element_type=\"widget\" data-settings=\"{&quot;ekit_we_effect_on&quot;:&quot;none&quot;}\" data-widget_type=\"heading.default\">\n\t\t\t\t<div class=\"elementor-widget-container\">\n\t\t\t\t\t<h2 class=\"elementor-heading-title elementor-size-default\">Hvordan kan vi hjelpe deg?<\/h2>\t\t\t\t<\/div>\n\t\t\t\t<\/div>\n\t\t<div class=\"elementor-element elementor-element-8ed031d e-con-full e-flex e-con e-child\" data-id=\"8ed031d\" data-element_type=\"container\" data-settings=\"{&quot;ekit_has_onepagescroll_dot&quot;:&quot;yes&quot;}\">\n\t\t<div class=\"elementor-element elementor-element-7097226 e-con-full e-flex e-con e-child\" data-id=\"7097226\" data-element_type=\"container\" data-settings=\"{&quot;ekit_has_onepagescroll_dot&quot;:&quot;yes&quot;}\">\n\t\t\t\t<div class=\"elementor-element elementor-element-851208e elementor-widget elementor-widget-heading\" data-id=\"851208e\" data-element_type=\"widget\" data-settings=\"{&quot;ekit_we_effect_on&quot;:&quot;none&quot;}\" data-widget_type=\"heading.default\">\n\t\t\t\t<div class=\"elementor-widget-container\">\n\t\t\t\t\t<h2 class=\"elementor-heading-title elementor-size-default\">Retningslinjer for avbestilling av ordre<\/h2>\t\t\t\t<\/div>\n\t\t\t\t<\/div>\n\t\t\t\t<div class=\"elementor-element elementor-element-2faa5fb color-scheme-inherit text-left elementor-widget elementor-widget-text-editor\" data-id=\"2faa5fb\" data-element_type=\"widget\" data-settings=\"{&quot;ekit_we_effect_on&quot;:&quot;none&quot;}\" data-widget_type=\"text-editor.default\">\n\t\t\t\t<div class=\"elementor-widget-container\">\n\t\t\t\t\t\t\t\t\t<p>-Hvis du \u00f8nsker \u00e5 kansellere bestillingen din etter at den er lagt inn, m\u00e5 du gj\u00f8re det innen 24 timer. Hvis ikke, vil en\u00a0<strong><b>$<\/b><\/strong><strong><b>20<\/b><\/strong><strong><b>\u00a0avgift<\/b><\/strong>\u00a0vil bli belastet.<\/p><p>-H\u00e5ndteringsgebyret trekkes direkte fra refusjonsbel\u00f8pet.<\/p><p>-For \u00e5 unng\u00e5 un\u00f8dvendige kostnader anbefaler vi at du kontakter oss s\u00e5 snart som mulig hvis du \u00f8nsker \u00e5 kansellere bestillingen din.<\/p>\t\t\t\t\t\t\t\t<\/div>\n\t\t\t\t<\/div>\n\t\t\t\t<\/div>\n\t\t<div class=\"elementor-element elementor-element-c8174f0 e-con-full e-flex e-con e-child\" data-id=\"c8174f0\" data-element_type=\"container\" data-settings=\"{&quot;ekit_has_onepagescroll_dot&quot;:&quot;yes&quot;}\">\n\t\t\t\t<div class=\"elementor-element elementor-element-0cc46b8 elementor-widget elementor-widget-heading\" data-id=\"0cc46b8\" data-element_type=\"widget\" data-settings=\"{&quot;ekit_we_effect_on&quot;:&quot;none&quot;}\" data-widget_type=\"heading.default\">\n\t\t\t\t<div class=\"elementor-widget-container\">\n\t\t\t\t\t<h2 class=\"elementor-heading-title elementor-size-default\">Retningslinjer for garanti<\/h2>\t\t\t\t<\/div>\n\t\t\t\t<\/div>\n\t\t\t\t<div class=\"elementor-element elementor-element-5c13d21 color-scheme-inherit text-left elementor-widget elementor-widget-text-editor\" data-id=\"5c13d21\" data-element_type=\"widget\" data-settings=\"{&quot;ekit_we_effect_on&quot;:&quot;none&quot;}\" data-widget_type=\"text-editor.default\">\n\t\t\t\t<div class=\"elementor-widget-container\">\n\t\t\t\t\t\t\t\t\t<p>Hos MYTHKEY st\u00e5r vi bak kvaliteten p\u00e5 v\u00e5re fargerike edelstenesmykker og \u00f8nsker at du skal handle med tillit. Vi inspiserer hvert eneste smykke n\u00f8ye f\u00f8r vi sender det.<\/p><p>Hvis varen du mottar har noen feil eller har blitt skadet under transport, m\u00e5 du ikke fjerne sikkerhetsmerket. Kontakt oss innen<strong> 48 timer<\/strong> av leveransen ved \u00e5 sende en e-post til mythkey@outlook.com, og ta med bestillingsnummeret ditt sammen med tydelige bilder som viser problemet. N\u00e5r det er bekreftet, vil vi tilby en erstatning eller refusjon. For godkjente krav som involverer defekter eller fraktskader, vil MYTHKEY dekke alle retur- og forsendelseskostnader.<\/p><p>V\u00e6r oppmerksom p\u00e5 at normal slitasje, feil bruk eller utilsiktet skade ikke dekkes.<\/p>\t\t\t\t\t\t\t\t<\/div>\n\t\t\t\t<\/div>\n\t\t\t\t<\/div>\n\t\t<div class=\"elementor-element elementor-element-92033a7 e-con-full e-flex e-con e-child\" data-id=\"92033a7\" data-element_type=\"container\" data-settings=\"{&quot;ekit_has_onepagescroll_dot&quot;:&quot;yes&quot;}\">\n\t\t\t\t<div class=\"elementor-element elementor-element-dc06015 elementor-widget elementor-widget-heading\" data-id=\"dc06015\" data-element_type=\"widget\" data-settings=\"{&quot;ekit_we_effect_on&quot;:&quot;none&quot;}\" data-widget_type=\"heading.default\">\n\t\t\t\t<div class=\"elementor-widget-container\">\n\t\t\t\t\t<h2 class=\"elementor-heading-title elementor-size-default\">Retningslinjer for retur og bytte<\/h2>\t\t\t\t<\/div>\n\t\t\t\t<\/div>\n\t\t\t\t<div class=\"elementor-element elementor-element-0bdcfc8 color-scheme-inherit text-left elementor-widget elementor-widget-text-editor\" data-id=\"0bdcfc8\" data-element_type=\"widget\" data-settings=\"{&quot;ekit_we_effect_on&quot;:&quot;none&quot;}\" data-widget_type=\"text-editor.default\">\n\t\t\t\t<div class=\"elementor-widget-container\">\n\t\t\t\t\t\t\t\t\t<p><strong><b>-returperiode: <\/b><\/strong>Du kan be om retur eller bytte innen 48 timer etter at du har mottatt bestillingen, og varen m\u00e5 sendes tilbake innen 7 dager.<\/p><p><strong><b>-Betingelser:<\/b><\/strong> Varene m\u00e5 v\u00e6re ubrukte, ubrukte og i originalemballasjen, med sikkerhetsetiketten fortsatt festet og intakt.<\/p><p><strong><b>-Kan ikke returneres: <\/b><\/strong>Spesialtilpassede varer, \u00f8redobber (av hygieniske \u00e5rsaker) og varer med tegn p\u00e5 slitasje eller skader for\u00e5rsaket av feil bruk kan ikke returneres.<\/p><p><strong><b>-prosess: <\/b><\/strong>Vennligst kontakt oss p\u00e5 <strong><b>mythkey@outlook.com<\/b><\/strong>\u00a0med bestillingsnummeret ditt og bilder. N\u00e5r du har f\u00e5tt godkjent bestillingen, kan du returnere produktet til oss.<\/p><p><strong><b>-Kostnader: <\/b><\/strong>Kundene er ansvarlige for returfraktkostnader. Vi dekker kostnadene for \u00e5 sende ombyttede varer p\u00e5 nytt.<\/p>\t\t\t\t\t\t\t\t<\/div>\n\t\t\t\t<\/div>\n\t\t\t\t<\/div>\n\t\t<div class=\"elementor-element elementor-element-8a8c8e4 e-con-full e-flex e-con e-child\" data-id=\"8a8c8e4\" data-element_type=\"container\" data-settings=\"{&quot;ekit_has_onepagescroll_dot&quot;:&quot;yes&quot;}\">\n\t\t\t\t<div class=\"elementor-element elementor-element-903ac06 elementor-widget elementor-widget-heading\" data-id=\"903ac06\" data-element_type=\"widget\" data-settings=\"{&quot;ekit_we_effect_on&quot;:&quot;none&quot;}\" data-widget_type=\"heading.default\">\n\t\t\t\t<div class=\"elementor-widget-container\">\n\t\t\t\t\t<h2 class=\"elementor-heading-title elementor-size-default\">Retningslinjer for frakt<\/h2>\t\t\t\t<\/div>\n\t\t\t\t<\/div>\n\t\t\t\t<div class=\"elementor-element elementor-element-aa0d016 color-scheme-inherit text-left elementor-widget elementor-widget-text-editor\" data-id=\"aa0d016\" data-element_type=\"widget\" data-settings=\"{&quot;ekit_we_effect_on&quot;:&quot;none&quot;}\" data-widget_type=\"text-editor.default\">\n\t\t\t\t<div class=\"elementor-widget-container\">\n\t\t\t\t\t\t\t\t\t<p><strong><b>-Behandlingstid<\/b><\/strong><\/p><p>Bestillinger behandles innen 2 virkedager etter at betalingen er bekreftet. Bestillinger som legges inn i helger eller p\u00e5 helligdager, vil bli behandlet neste virkedag.<\/p><p><strong><b>-Shipping og leveringstid<\/b><\/strong><\/p><p>Alle bestillinger leveres innen 3-15 virkedager, avhengig av hvor du befinner deg og tollklarering.<\/p><p><strong><b>-Fraktpriser<\/b><\/strong><\/p><p>Bestillinger over <strong><b>$188.88<\/b><\/strong>\u00a0nyt gratis frakt. For bestillinger under $188.88, vil en <strong><b>$20<\/b>\u00a0fraktavgift<\/strong> vil bli lagt til i kassen.<\/p><p><strong><b>-Ordresporing<\/b><\/strong><\/p><p>N\u00e5r forsendelsen er sendt, vil du motta en e-postbekreftelse med et sporingsnummer som du kan bruke til \u00e5 spore bestillingen din p\u00e5 transport\u00f8rens nettsted.<\/p><p><strong><b>-Toll og avgifter<\/b><\/strong><\/p><p>Internasjonale bestillinger kan v\u00e6re underlagt toll, skatter eller importavgifter, som vil bli dekket av MYTHKEY.<\/p><p><strong><b>-Forsinkelser og problemer<\/b><\/strong><\/p><p>Vi beklager, men vi er ikke ansvarlige for forsinkelser for\u00e5rsaket av toll, naturkatastrofer eller problemer med budet. Hvis pakken din er tapt eller skadet, vennligst kontakt oss umiddelbart p\u00e5 <strong><b>mythkey@outlook.com<\/b><\/strong>.<\/p>\t\t\t\t\t\t\t\t<\/div>\n\t\t\t\t<\/div>\n\t\t\t\t<\/div>\n\t\t\t\t<\/div>\n\t\t<div class=\"elementor-element elementor-element-b6a0454 e-con-full e-flex e-con e-child\" data-id=\"b6a0454\" data-element_type=\"container\" data-settings=\"{&quot;ekit_has_onepagescroll_dot&quot;:&quot;yes&quot;}\">\n\t\t\t\t<div class=\"elementor-element elementor-element-16793bd elementor-view-default elementor-position-top elementor-mobile-position-top elementor-widget elementor-widget-icon-box\" data-id=\"16793bd\" data-element_type=\"widget\" data-settings=\"{&quot;ekit_we_effect_on&quot;:&quot;none&quot;}\" data-widget_type=\"icon-box.default\">\n\t\t\t\t<div class=\"elementor-widget-container\">\n\t\t\t\t\t\t\t<div class=\"elementor-icon-box-wrapper\">\n\n\t\t\t\t\t\t<div class=\"elementor-icon-box-icon\">\n\t\t\t\t<span  class=\"elementor-icon\">\n\t\t\t\t<i aria-hidden=\"true\" class=\"icon icon-envelope11\"><\/i>\t\t\t\t<\/span>\n\t\t\t<\/div>\n\t\t\t\n\t\t\t\t\t\t<div class=\"elementor-icon-box-content\">\n\n\t\t\t\t\t\t\t\t\t<h3 class=\"elementor-icon-box-title\">\n\t\t\t\t\t\t<span  >\n\t\t\t\t\t\t\tFor sp\u00f8rsm\u00e5l og bekymringer:\t\t\t\t\t\t<\/span>\n\t\t\t\t\t<\/h3>\n\t\t\t\t\n\t\t\t\t\t\t\t\t\t<p class=\"elementor-icon-box-description\">\n\t\t\t\t\t\tE-post: mythkey@outlook.com\n<br>WhatsApp:+44 7778375595\t\t\t\t\t<\/p>\n\t\t\t\t\n\t\t\t<\/div>\n\t\t\t\n\t\t<\/div>\n\t\t\t\t\t\t<\/div>\n\t\t\t\t<\/div>\n\t\t\t\t<\/div>\n\t\t\t\t\t<\/div>\n\t\t\t\t<\/div>\n\t\t<div class=\"elementor-element elementor-element-6555966 e-flex e-con-boxed e-con e-parent\" data-id=\"6555966\" data-element_type=\"container\" data-settings=\"{&quot;ekit_has_onepagescroll_dot&quot;:&quot;yes&quot;}\">\n\t\t\t\t\t<div class=\"e-con-inner\">\n\t\t<div class=\"elementor-element elementor-element-fe7147b e-con-full e-flex e-con e-child\" data-id=\"fe7147b\" data-element_type=\"container\" data-settings=\"{&quot;ekit_has_onepagescroll_dot&quot;:&quot;yes&quot;}\">\n\t\t\t\t<div class=\"elementor-element elementor-element-a4cb8eb elementor-widget elementor-widget-heading\" data-id=\"a4cb8eb\" data-element_type=\"widget\" data-settings=\"{&quot;ekit_we_effect_on&quot;:&quot;none&quot;}\" data-widget_type=\"heading.default\">\n\t\t\t\t<div class=\"elementor-widget-container\">\n\t\t\t\t\t<h2 class=\"elementor-heading-title elementor-size-default\">Har du fortsatt sp\u00f8rsm\u00e5l?<\/h2>\t\t\t\t<\/div>\n\t\t\t\t<\/div>\n\t\t\t\t<div class=\"elementor-element elementor-element-8da7691 elementor-button-align-start elementor-widget elementor-widget-form\" data-id=\"8da7691\" data-element_type=\"widget\" data-settings=\"{&quot;step_next_label&quot;:&quot;Next&quot;,&quot;step_previous_label&quot;:&quot;Previous&quot;,&quot;button_width&quot;:&quot;100&quot;,&quot;step_type&quot;:&quot;number_text&quot;,&quot;step_icon_shape&quot;:&quot;circle&quot;,&quot;ekit_we_effect_on&quot;:&quot;none&quot;}\" data-widget_type=\"form.default\">\n\t\t\t\t<div class=\"elementor-widget-container\">\n\t\t\t\t\t\t\t<form class=\"elementor-form\" method=\"post\" name=\"New Form\" aria-label=\"Nytt skjema\" action=\"\">\n\t\t\t<input type=\"hidden\" name=\"post_id\" value=\"256\"\/>\n\t\t\t<input type=\"hidden\" name=\"form_id\" value=\"8da7691\"\/>\n\t\t\t<input type=\"hidden\" name=\"referer_title\" value=\"Contact UsMythkey\" \/>\n\n\t\t\t\t\t\t\t<input type=\"hidden\" name=\"queried_id\" value=\"256\"\/>\n\t\t\t\n\t\t\t<div class=\"elementor-form-fields-wrapper elementor-labels-above\">\n\t\t\t\t\t\t\t\t<div class=\"elementor-field-type-text elementor-field-group elementor-column elementor-field-group-name elementor-col-100\">\n\t\t\t\t\t\t\t\t\t\t\t\t<label for=\"form-field-name\" class=\"elementor-field-label\">\n\t\t\t\t\t\t\t\tFullstendig navn\t\t\t\t\t\t\t<\/label>\n\t\t\t\t\t\t\t\t\t\t\t\t\t\t<input size=\"1\" type=\"text\" name=\"form_fields[name]\" id=\"form-field-name\" class=\"elementor-field elementor-size-sm  elementor-field-textual\" placeholder=\"Fullstendig navn\">\n\t\t\t\t\t\t\t\t\t\t\t<\/div>\n\t\t\t\t\t\t\t\t<div class=\"elementor-field-type-text elementor-field-group elementor-column elementor-field-group-field_eb49596 elementor-col-100\">\n\t\t\t\t\t\t\t\t\t\t\t\t<label for=\"form-field-field_eb49596\" class=\"elementor-field-label\">\n\t\t\t\t\t\t\t\tetternavn\t\t\t\t\t\t\t<\/label>\n\t\t\t\t\t\t\t\t\t\t\t\t\t\t<input size=\"1\" type=\"text\" name=\"form_fields[field_eb49596]\" id=\"form-field-field_eb49596\" class=\"elementor-field elementor-size-sm  elementor-field-textual\" placeholder=\"etternavn\">\n\t\t\t\t\t\t\t\t\t\t\t<\/div>\n\t\t\t\t\t\t\t\t<div class=\"elementor-field-type-email elementor-field-group elementor-column elementor-field-group-email elementor-col-100 elementor-field-required\">\n\t\t\t\t\t\t\t\t\t\t\t\t<label for=\"form-field-email\" class=\"elementor-field-label\">\n\t\t\t\t\t\t\t\tE-post\t\t\t\t\t\t\t<\/label>\n\t\t\t\t\t\t\t\t\t\t\t\t\t\t<input size=\"1\" type=\"email\" name=\"form_fields[email]\" id=\"form-field-email\" class=\"elementor-field elementor-size-sm  elementor-field-textual\" placeholder=\"E-post\" required=\"required\">\n\t\t\t\t\t\t\t\t\t\t\t<\/div>\n\t\t\t\t\t\t\t\t<div class=\"elementor-field-type-textarea elementor-field-group elementor-column elementor-field-group-message elementor-col-100\">\n\t\t\t\t\t\t\t\t\t\t\t\t<label for=\"form-field-message\" class=\"elementor-field-label\">\n\t\t\t\t\t\t\t\tMelding\t\t\t\t\t\t\t<\/label>\n\t\t\t\t\t\t<textarea class=\"elementor-field-textual elementor-field  elementor-size-sm\" name=\"form_fields[message]\" id=\"form-field-message\" rows=\"4\" placeholder=\"Melding\"><\/textarea>\t\t\t\t<\/div>\n\t\t\t\t\t\t\t\t<div class=\"elementor-field-group elementor-column elementor-field-type-submit elementor-col-100 e-form__buttons\">\n\t\t\t\t\t<button class=\"elementor-button elementor-size-sm\" type=\"submit\">\n\t\t\t\t\t\t<span class=\"elementor-button-content-wrapper\">\n\t\t\t\t\t\t\t\t\t\t\t\t\t\t\t\t\t\t\t\t\t\t<span class=\"elementor-button-text\">Send<\/span>\n\t\t\t\t\t\t\t\t\t\t\t\t\t<\/span>\n\t\t\t\t\t<\/button>\n\t\t\t\t<\/div>\n\t\t\t<\/div>\n\t\t<input type=\"hidden\" name=\"trp-form-language\" value=\"nb\"\/><\/form>\n\t\t\t\t\t\t<\/div>\n\t\t\t\t<\/div>\n\t\t\t\t<\/div>\n\t\t\t\t\t<\/div>\n\t\t\t\t<\/div>\n\t\t\t\t<\/div>","protected":false},"excerpt":{"rendered":"<p>How can we help you? Order Cancellation Policy -If you wish to cancel your order after it has been placed,<\/p>","protected":false},"author":1,"featured_media":0,"parent":0,"menu_order":0,"comment_status":"closed","ping_status":"closed","template":"elementor_header_footer","meta":{"_acf_changed":false,"footnotes":""},"class_list":["post-256","page","type-page","status-publish","hentry"],"acf":[],"_links":{"self":[{"href":"https:\/\/mythkeyjewelry.com\/nb\/wp-json\/wp\/v2\/pages\/256","targetHints":{"allow":["GET"]}}],"collection":[{"href":"https:\/\/mythkeyjewelry.com\/nb\/wp-json\/wp\/v2\/pages"}],"about":[{"href":"https:\/\/mythkeyjewelry.com\/nb\/wp-json\/wp\/v2\/types\/page"}],"author":[{"embeddable":true,"href":"https:\/\/mythkeyjewelry.com\/nb\/wp-json\/wp\/v2\/users\/1"}],"replies":[{"embeddable":true,"href":"https:\/\/mythkeyjewelry.com\/nb\/wp-json\/wp\/v2\/comments?post=256"}],"version-history":[{"count":46,"href":"https:\/\/mythkeyjewelry.com\/nb\/wp-json\/wp\/v2\/pages\/256\/revisions"}],"predecessor-version":[{"id":1593,"href":"https:\/\/mythkeyjewelry.com\/nb\/wp-json\/wp\/v2\/pages\/256\/revisions\/1593"}],"wp:attachment":[{"href":"https:\/\/mythkeyjewelry.com\/nb\/wp-json\/wp\/v2\/media?parent=256"}],"curies":[{"name":"wp","href":"https:\/\/api.w.org\/{rel}","templated":true}]}}