{"id":778,"date":"2025-10-20T01:22:21","date_gmt":"2025-10-20T01:22:21","guid":{"rendered":"https:\/\/mythkeyjewelry.com\/?page_id=778"},"modified":"2025-10-21T02:21:28","modified_gmt":"2025-10-21T02:21:28","slug":"our-story","status":"publish","type":"page","link":"https:\/\/mythkeyjewelry.com\/nb\/our-story\/","title":{"rendered":"V\u00e5r historie"},"content":{"rendered":"<div data-elementor-type=\"wp-page\" data-elementor-id=\"778\" class=\"elementor elementor-778\" data-elementor-post-type=\"page\">\n\t\t\t\t<div class=\"elementor-element elementor-element-76db39b e-flex e-con-boxed e-con e-parent\" data-id=\"76db39b\" data-element_type=\"container\" data-settings=\"{&quot;ekit_has_onepagescroll_dot&quot;:&quot;yes&quot;}\">\n\t\t\t\t\t<div class=\"e-con-inner\">\n\t\t\t\t<div class=\"elementor-element elementor-element-b04c349 color-scheme-inherit text-left elementor-widget elementor-widget-text-editor\" data-id=\"b04c349\" data-element_type=\"widget\" data-settings=\"{&quot;ekit_we_effect_on&quot;:&quot;none&quot;}\" data-widget_type=\"text-editor.default\">\n\t\t\t\t<div class=\"elementor-widget-container\">\n\t\t\t\t\t\t\t\t\t<p>Den aller f\u00f8rste gnisten til Mythkey ble f\u00f8dt for ti \u00e5r siden, da v\u00e5r grunnlegger Myra ble med en venninne for \u00e5 handle smykker. Venninnen var tiltrukket av gl\u00f8den fra naturlige edelstener, men n\u00f8lte - \"De f\u00f8les for formelle til hverdagsbruk, for skj\u00f8re til \u00e5 nyte fritt, og langt over mitt budsjett.\" P\u00e5 den annen side f\u00f8ltes rimelige motesmykker ofte grove, og manglet den hjerteskj\u00e6rende glansen.<\/p><p>P\u00e5 veien hjem kom Mira til \u00e5 tenke p\u00e5 de laboratorieskapte edelstenene hun en gang hadde st\u00f8tt p\u00e5: ingen gruvedrift n\u00f8dvendig, presist slipt, med samme rene glitter som naturlige edelstener - men langt mer tilgjengelige. Et sp\u00f8rsm\u00e5l dukket opp i tankene hennes: \"Hvorfor skulle ikke denne uanstrengte glansen v\u00e6re en del av alles hverdag?\"<\/p><p>Vi var fast bestemt p\u00e5 \u00e5 gj\u00f8re denne tanken til virkelighet, og brukte flere m\u00e5neder p\u00e5 \u00e5 finne de rette samarbeidspartnerne og finpusse h\u00e5ndverket v\u00e5rt. Vi ville at folk skulle se de virkelige fordelene med laboratorieskapte edelstener:<\/p><ul><li>Perfekt jevn farge uten feil fra utvunnede steiner<\/li><li>Styrke og holdbarhet - laget for daglig bruk uten bekymringer<\/li><li>B\u00e6rekraft i hjertet - f\u00f8dt uten gruvedrift, men med et mildt snev av milj\u00f8bevissthet<\/li><\/ul><p>Vi mener at smykker ikke bare b\u00f8r v\u00e6re forbeholdt \"spesielle anledninger med luksus\". De b\u00f8r v\u00e6re en f\u00f8lgesvenn i hverdagen: edelstenesmykker som lyser opp skjorten p\u00e5 jobb, et halskjede som rammer inn smilet ditt p\u00e5 en date, eller en ring du enkelt kan ta p\u00e5 deg for \u00e5 skape en gnist av glede. Selv som bursdagsgave ligger skj\u00f8nnheten ikke i sjeldenheten, men i at den er lys nok, holdbar nok og alltid klar til \u00e5 skinne sammen med deg - gjennom vanlige m\u00e5ltider, skiftende \u00e5rstider og hvert eneste lille \u00f8yeblikk i livet.<\/p><p>Dette er hjertet i Mythkey: Ikke besatt av det sjeldne, men opptatt av det helt riktige.<\/p><p>-Riktig glans, riktig pris, den rette glitrende glansen til hverdags.<\/p><p>Siden 2016 har vi v\u00e6rt tro mot dette l\u00f8ftet om kvalitet og service. Hvis du vil vite mer, vil vi gjerne h\u00f8re fra deg p\u00e5\u00a0<strong><b>mythkey@outlook.com<\/b><\/strong>. La oss sammen lyse opp hverdagen med et streif av lys.<\/p>\t\t\t\t\t\t\t\t<\/div>\n\t\t\t\t<\/div>\n\t\t\t\t<div class=\"elementor-element elementor-element-39a3aa6 elementor-widget elementor-widget-image\" data-id=\"39a3aa6\" data-element_type=\"widget\" data-settings=\"{&quot;ekit_we_effect_on&quot;:&quot;none&quot;}\" data-widget_type=\"image.default\">\n\t\t\t\t<div class=\"elementor-widget-container\">\n\t\t\t\t\t\t\t\t\t\t\t\t\t\t\t<img fetchpriority=\"high\" decoding=\"async\" width=\"300\" height=\"169\" src=\"https:\/\/mythkeyjewelry.com\/wp-content\/uploads\/2025\/10\/f9932d2e62c7c793a0d7e7805ae636d4-300x169.jpg\" class=\"attachment-medium size-medium wp-image-573\" alt=\"\" srcset=\"https:\/\/mythkeyjewelry.com\/wp-content\/uploads\/2025\/10\/f9932d2e62c7c793a0d7e7805ae636d4-300x169.jpg 300w, https:\/\/mythkeyjewelry.com\/wp-content\/uploads\/2025\/10\/f9932d2e62c7c793a0d7e7805ae636d4-150x84.jpg 150w, https:\/\/mythkeyjewelry.com\/wp-content\/uploads\/2025\/10\/f9932d2e62c7c793a0d7e7805ae636d4-600x337.jpg 600w, https:\/\/mythkeyjewelry.com\/wp-content\/uploads\/2025\/10\/f9932d2e62c7c793a0d7e7805ae636d4.jpg 614w\" sizes=\"(max-width: 300px) 100vw, 300px\" \/>\t\t\t\t\t\t\t\t\t\t\t\t\t\t\t<\/div>\n\t\t\t\t<\/div>\n\t\t\t\t\t<\/div>\n\t\t\t\t<\/div>\n\t\t\t\t<\/div>","protected":false},"excerpt":{"rendered":"<p>The very first spark of Mythkey was born ten years ago, when our founder Myra accompanied a friend to shop<\/p>","protected":false},"author":1,"featured_media":0,"parent":0,"menu_order":0,"comment_status":"closed","ping_status":"closed","template":"elementor_header_footer","meta":{"_acf_changed":false,"footnotes":""},"class_list":["post-778","page","type-page","status-publish","hentry"],"acf":[],"_links":{"self":[{"href":"https:\/\/mythkeyjewelry.com\/nb\/wp-json\/wp\/v2\/pages\/778","targetHints":{"allow":["GET"]}}],"collection":[{"href":"https:\/\/mythkeyjewelry.com\/nb\/wp-json\/wp\/v2\/pages"}],"about":[{"href":"https:\/\/mythkeyjewelry.com\/nb\/wp-json\/wp\/v2\/types\/page"}],"author":[{"embeddable":true,"href":"https:\/\/mythkeyjewelry.com\/nb\/wp-json\/wp\/v2\/users\/1"}],"replies":[{"embeddable":true,"href":"https:\/\/mythkeyjewelry.com\/nb\/wp-json\/wp\/v2\/comments?post=778"}],"version-history":[{"count":19,"href":"https:\/\/mythkeyjewelry.com\/nb\/wp-json\/wp\/v2\/pages\/778\/revisions"}],"predecessor-version":[{"id":1065,"href":"https:\/\/mythkeyjewelry.com\/nb\/wp-json\/wp\/v2\/pages\/778\/revisions\/1065"}],"wp:attachment":[{"href":"https:\/\/mythkeyjewelry.com\/nb\/wp-json\/wp\/v2\/media?parent=778"}],"curies":[{"name":"wp","href":"https:\/\/api.w.org\/{rel}","templated":true}]}}