{"id":794,"date":"2025-10-20T01:28:04","date_gmt":"2025-10-20T01:28:04","guid":{"rendered":"https:\/\/mythkeyjewelry.com\/?page_id=794"},"modified":"2025-10-20T01:29:41","modified_gmt":"2025-10-20T01:29:41","slug":"terms-of-service","status":"publish","type":"page","link":"https:\/\/mythkeyjewelry.com\/nb\/terms-of-service\/","title":{"rendered":"Vilk\u00e5r for bruk"},"content":{"rendered":"<div data-elementor-type=\"wp-page\" data-elementor-id=\"794\" class=\"elementor elementor-794\" data-elementor-post-type=\"page\">\n\t\t\t\t<div class=\"wd-negative-gap elementor-element elementor-element-e496c04 e-flex e-con-boxed e-con e-parent\" data-id=\"e496c04\" data-element_type=\"container\" data-settings=\"{&quot;ekit_has_onepagescroll_dot&quot;:&quot;yes&quot;}\">\n\t\t\t\t\t<div class=\"e-con-inner\">\n\t\t\t\t<div class=\"elementor-element elementor-element-c351358 color-scheme-inherit text-left elementor-widget elementor-widget-text-editor\" data-id=\"c351358\" data-element_type=\"widget\" data-settings=\"{&quot;ekit_we_effect_on&quot;:&quot;none&quot;}\" data-widget_type=\"text-editor.default\">\n\t\t\t\t<div class=\"elementor-widget-container\">\n\t\t\t\t\t\t\t\t\t<h2 data-start=\"441\" data-end=\"470\"><strong data-start=\"444\" data-end=\"470\">1. Generell informasjon<\/strong><\/h2><p data-start=\"472\" data-end=\"751\">Dette nettstedet drives av MYTHKEY. Gjennom hele nettstedet refererer begrepene \"vi\", \"oss\" og \"v\u00e5r\" til MYTHKEY. Ved \u00e5 bes\u00f8ke nettstedet v\u00e5rt eller kj\u00f8pe fra oss, deltar du i v\u00e5r \"tjeneste\" og godtar disse vilk\u00e5rene for bruk, inkludert eventuelle tilleggsvilk\u00e5r og retningslinjer som er referert til her.<\/p><p data-start=\"753\" data-end=\"937\">Vi forbeholder oss retten til n\u00e5r som helst \u00e5 oppdatere, endre eller erstatte deler av disse vilk\u00e5rene. Fortsatt bruk av nettstedet etter slike endringer utgj\u00f8r aksept av de reviderte vilk\u00e5rene.<\/p><hr data-start=\"939\" data-end=\"942\" \/><h2 data-start=\"944\" data-end=\"973\"><strong data-start=\"947\" data-end=\"973\">2. Produktinformasjon<\/strong><\/h2><p data-start=\"975\" data-end=\"1263\">Alle MYTHKEY-smykker er designet med omhu og laget av materialer av h\u00f8y kvalitet, inkludert laboratorieskapte og naturlige edelstener. Vi gj\u00f8r v\u00e5rt ytterste for \u00e5 vise produktfarger og -detaljer s\u00e5 n\u00f8yaktig som mulig, men de faktiske fargene kan variere noe avhengig av skjermen p\u00e5 din enhet.<\/p><p data-start=\"1265\" data-end=\"1364\">Vi forbeholder oss retten til \u00e5 endre produktbeskrivelser, priser og tilgjengelighet uten forvarsel.<\/p><hr data-start=\"1366\" data-end=\"1369\" \/><h2 data-start=\"1371\" data-end=\"1400\"><strong data-start=\"1374\" data-end=\"1400\">3. Bestillinger og betalinger<\/strong><\/h2><ul data-start=\"1402\" data-end=\"1705\"><li data-start=\"1402\" data-end=\"1460\"><p data-start=\"1404\" data-end=\"1460\">Alle bestillinger er med forbehold om aksept og tilgjengelighet.<\/p><\/li><li data-start=\"1461\" data-end=\"1531\"><p data-start=\"1463\" data-end=\"1531\">Prisene er oppgitt i USD (eller den aktuelle valutaen i kassen).<\/p><\/li><li data-start=\"1532\" data-end=\"1605\"><p data-start=\"1534\" data-end=\"1605\">Betaling m\u00e5 fullf\u00f8res i kassen ved hjelp av metodene vi tilbyr.<\/p><\/li><li data-start=\"1606\" data-end=\"1705\"><p data-start=\"1608\" data-end=\"1705\">Vi forbeholder oss retten til \u00e5 avvise eller kansellere enhver bestilling som mistenkes for svindel eller uautorisert aktivitet.<\/p><\/li><\/ul><p data-start=\"1707\" data-end=\"1959\">Hvis du \u00f8nsker \u00e5 kansellere en bestilling etter at den er sendt, vil du v\u00e6re ansvarlig for fraktkostnaden og en <strong data-start=\"1817\" data-end=\"1837\">$30 ekspedisjonsgebyr<\/strong>som vil bli trukket fra refusjonen din. Ta kontakt med oss s\u00e5 snart som mulig hvis du \u00f8nsker \u00e5 kansellere eller endre en bestilling.<\/p><hr data-start=\"1961\" data-end=\"1964\" \/><h2 data-start=\"1966\" data-end=\"1991\"><strong data-start=\"1969\" data-end=\"1991\">4. Retningslinjer for frakt<\/strong><\/h2><ul data-start=\"1993\" data-end=\"2665\"><li data-start=\"1993\" data-end=\"2095\"><p data-start=\"1995\" data-end=\"2095\"><strong data-start=\"1995\" data-end=\"2015\">Behandlingstid:<\/strong> Bestillinger behandles innen <strong data-start=\"2044\" data-end=\"2065\">1-3 virkedager<\/strong> etter at betalingen er bekreftet.<\/p><\/li><li data-start=\"2096\" data-end=\"2214\"><p data-start=\"2098\" data-end=\"2214\"><strong data-start=\"2098\" data-end=\"2116\">Leveringstid:<\/strong> Estimert levering er <strong data-start=\"2139\" data-end=\"2161\">3-15 virkedager<\/strong>avhengig av hvor du befinner deg og fortolling.<\/p><\/li><li data-start=\"2215\" data-end=\"2332\"><p data-start=\"2217\" data-end=\"2332\"><strong data-start=\"2217\" data-end=\"2236\">Fraktpriser:<\/strong> Fraktkostnadene beregnes i kassen. Bestillinger over <strong data-start=\"2292\" data-end=\"2303\">$188.88<\/strong> kvalifiserer for gratis frakt.<\/p><\/li><li data-start=\"2333\" data-end=\"2444\"><p data-start=\"2335\" data-end=\"2444\"><strong data-start=\"2335\" data-end=\"2354\">Ordresporing:<\/strong> En e-postbekreftelse med sporingsinformasjon vil bli sendt n\u00e5r bestillingen er sendt.<\/p><\/li><li data-start=\"2445\" data-end=\"2557\"><p data-start=\"2447\" data-end=\"2557\"><strong data-start=\"2447\" data-end=\"2468\">Toll og avgifter:<\/strong> Internasjonale kunder er ansvarlige for eventuelle tollavgifter, skatter eller importgebyrer.<\/p><\/li><li data-start=\"2558\" data-end=\"2665\"><p data-start=\"2560\" data-end=\"2665\"><strong data-start=\"2560\" data-end=\"2571\">Forsinkelser:<\/strong> MYTHKEY er ikke ansvarlig for forsinkelser for\u00e5rsaket av toll, naturhendelser eller kur\u00e9rproblemer.<\/p><\/li><\/ul><p data-start=\"2667\" data-end=\"2760\">Hvis pakken din er tapt eller skadet, vennligst kontakt oss umiddelbart p\u00e5 <strong data-start=\"2736\" data-end=\"2759\"><a class=\"decorated-link cursor-pointer\" rel=\"noopener\" data-start=\"2738\" data-end=\"2757\">mythkey@outlook.com<\/a><\/strong>.<\/p><hr data-start=\"2762\" data-end=\"2765\" \/><h2 data-start=\"2767\" data-end=\"2792\"><strong data-start=\"2770\" data-end=\"2792\">5. Retningslinjer for garanti<\/strong><\/h2><p data-start=\"2794\" data-end=\"3090\">Vi er stolte av kvaliteten p\u00e5 smykkene v\u00e5re. Hvert eneste smykke blir n\u00f8ye inspisert f\u00f8r forsendelse.<br data-start=\"2898\" data-end=\"2901\" \/>Hvis du mottar et produkt med en defekt eller fraktskade, vennligst kontakt oss innen <strong data-start=\"2985\" data-end=\"2995\">7 dager<\/strong> av levering p\u00e5 <strong data-start=\"3011\" data-end=\"3034\"><a class=\"decorated-link cursor-pointer\" rel=\"noopener\" data-start=\"3013\" data-end=\"3032\">mythkey@outlook.com<\/a><\/strong> med bestillingsnummeret ditt og tydelige bilder av problemet.<\/p><p data-start=\"3092\" data-end=\"3203\">N\u00e5r dette er bekreftet, vil vi gi deg en <strong data-start=\"3126\" data-end=\"3151\">erstatning eller refusjon<\/strong> og dekke alle kostnader for retur og omlevering.<\/p><p data-start=\"3205\" data-end=\"3217\">V\u00e6r oppmerksom p\u00e5 dette:<\/p><ul data-start=\"3218\" data-end=\"3311\"><li data-start=\"3218\" data-end=\"3311\"><p data-start=\"3220\" data-end=\"3311\">Normal slitasje, feil bruk eller utilsiktet skade er <strong data-start=\"3275\" data-end=\"3290\">ikke dekket<\/strong> under denne garantien.<\/p><\/li><\/ul><hr data-start=\"3313\" data-end=\"3316\" \/><h2 data-start=\"3318\" data-end=\"3352\"><strong data-start=\"3321\" data-end=\"3352\">6. Retningslinjer for retur og bytte<\/strong><\/h2><ul data-start=\"3354\" data-end=\"3948\"><li data-start=\"3354\" data-end=\"3456\"><p data-start=\"3356\" data-end=\"3456\"><strong data-start=\"3356\" data-end=\"3374\">Returperiode:<\/strong> Du kan be om retur eller bytte innen <strong data-start=\"3419\" data-end=\"3429\">7 dager<\/strong> etter at du har mottatt bestillingen.<\/p><\/li><li data-start=\"3457\" data-end=\"3550\"><p data-start=\"3459\" data-end=\"3550\"><strong data-start=\"3459\" data-end=\"3474\">Betingelser:<\/strong> Varene m\u00e5 v\u00e6re <strong data-start=\"3489\" data-end=\"3507\">ubrukt, ubrukt, ubrukt<\/strong>og kom tilbake i <strong data-start=\"3525\" data-end=\"3547\">originalemballasje<\/strong>.<\/p><\/li><li data-start=\"3551\" data-end=\"3692\"><p data-start=\"3553\" data-end=\"3692\"><strong data-start=\"3553\" data-end=\"3578\">Varer som ikke kan returneres:<\/strong> Spesialtilpassede varer, \u00f8redobber (av hygieniske \u00e5rsaker) og varer som viser tegn p\u00e5 slitasje eller feil bruk, kan ikke returneres.<\/p><\/li><li data-start=\"3693\" data-end=\"3827\"><p data-start=\"3695\" data-end=\"3827\"><strong data-start=\"3695\" data-end=\"3707\">Prosess:<\/strong> Kontakt <strong data-start=\"3716\" data-end=\"3739\"><a class=\"decorated-link cursor-pointer\" rel=\"noopener\" data-start=\"3718\" data-end=\"3737\">mythkey@outlook.com<\/a><\/strong> med bestillingsnummer og bilder. N\u00e5r bestillingen er godkjent, sender vi deg returadressen.<\/p><\/li><li data-start=\"3828\" data-end=\"3948\"><p data-start=\"3830\" data-end=\"3948\"><strong data-start=\"3830\" data-end=\"3840\">Kostnader:<\/strong> Kundene er ansvarlige for returfraktkostnader. Vi dekker kostnadene for \u00e5 sende ombyttede varer p\u00e5 nytt.<\/p><\/li><\/ul><hr data-start=\"3950\" data-end=\"3953\" \/><h2 data-start=\"3955\" data-end=\"3986\"><strong data-start=\"3958\" data-end=\"3986\">7. Intellektuell eiendom<\/strong><\/h2><p data-start=\"3988\" data-end=\"4245\">Alt innhold p\u00e5 dette nettstedet, inkludert bilder, tekst, grafikk og logoer, tilh\u00f8rer MYTHKEY eller dets lisensgivere og er beskyttet av lover om opphavsrett og varemerker. Du kan ikke reprodusere, distribuere eller utnytte noe innhold uten v\u00e5r skriftlige tillatelse.<\/p><hr data-start=\"4247\" data-end=\"4250\" \/><h2 data-start=\"4252\" data-end=\"4285\"><strong data-start=\"4255\" data-end=\"4285\">8. Begrensning av erstatningsansvar<\/strong><\/h2><p data-start=\"4287\" data-end=\"4525\">I den grad loven tillater det, skal MYTHKEY ikke v\u00e6re ansvarlig for indirekte, tilfeldige eller f\u00f8lgeskader som oppst\u00e5r som f\u00f8lge av din bruk av v\u00e5re produkter eller tjenester, inkludert, men ikke begrenset til, tap av fortjeneste, data eller goodwill.<\/p><hr data-start=\"4527\" data-end=\"4530\" \/><h2 data-start=\"4532\" data-end=\"4556\"><strong data-start=\"4535\" data-end=\"4556\">9. Retningslinjer for personvern<\/strong><\/h2><p data-start=\"4558\" data-end=\"4780\">Ditt personvern er viktig for oss. Vi samler inn og behandler personopplysningene dine kun for form\u00e5l knyttet til ordreoppfyllelse, kommunikasjon og forbedring av tjenesten.<br data-start=\"4720\" data-end=\"4723\" \/>For mer informasjon, vennligst se v\u00e5r <strong data-start=\"4761\" data-end=\"4779\">Retningslinjer for personvern<\/strong>.<\/p><hr data-start=\"4782\" data-end=\"4785\" \/><h2 data-start=\"4787\" data-end=\"4811\"><strong data-start=\"4790\" data-end=\"4811\">10. Gjeldende lov<\/strong><\/h2><p data-start=\"4813\" data-end=\"5031\">Disse tjenestevilk\u00e5rene er underlagt og tolkes i samsvar med lovene i [Sett inn gjeldende jurisdiksjon - f.eks. Hong Kong SAR \/ USA \/ Storbritannia], uten hensyn til prinsipper om lovkonflikt.<\/p><hr data-start=\"5033\" data-end=\"5036\" \/><h2 data-start=\"5038\" data-end=\"5059\"><strong data-start=\"5041\" data-end=\"5059\">11. Kontakt oss<\/strong><\/h2><p data-start=\"5061\" data-end=\"5186\">Hvis du har sp\u00f8rsm\u00e5l, bekymringer eller tilbakemeldinger, kan du kontakte oss p\u00e5<br data-start=\"5120\" data-end=\"5123\" \/>\ud83d\udce7 <strong data-start=\"5126\" data-end=\"5149\"><a class=\"decorated-link cursor-pointer\" rel=\"noopener\" data-start=\"5128\" data-end=\"5147\">mythkey@outlook.com<\/a><\/strong><br data-start=\"5149\" data-end=\"5152\" \/>Vi er alltid glade for \u00e5 kunne hjelpe deg.<\/p><hr data-start=\"5188\" data-end=\"5191\" \/><p data-start=\"5193\" data-end=\"5277\"><strong data-start=\"5193\" data-end=\"5277\">MYTHKEY - Den rette glansen, den rette prisen, den rette glansen for hver dag.<\/strong><\/p>\t\t\t\t\t\t\t\t<\/div>\n\t\t\t\t<\/div>\n\t\t\t\t\t<\/div>\n\t\t\t\t<\/div>\n\t\t\t\t<\/div>","protected":false},"excerpt":{"rendered":"<p>1. General Information This website is operated by MYTHKEY. Throughout the site, the terms \u201cwe,\u201d \u201cus,\u201d and \u201cour\u201d refer to<\/p>","protected":false},"author":1,"featured_media":0,"parent":0,"menu_order":0,"comment_status":"closed","ping_status":"closed","template":"elementor_header_footer","meta":{"_acf_changed":false,"footnotes":""},"class_list":["post-794","page","type-page","status-publish","hentry"],"acf":[],"_links":{"self":[{"href":"https:\/\/mythkeyjewelry.com\/nb\/wp-json\/wp\/v2\/pages\/794","targetHints":{"allow":["GET"]}}],"collection":[{"href":"https:\/\/mythkeyjewelry.com\/nb\/wp-json\/wp\/v2\/pages"}],"about":[{"href":"https:\/\/mythkeyjewelry.com\/nb\/wp-json\/wp\/v2\/types\/page"}],"author":[{"embeddable":true,"href":"https:\/\/mythkeyjewelry.com\/nb\/wp-json\/wp\/v2\/users\/1"}],"replies":[{"embeddable":true,"href":"https:\/\/mythkeyjewelry.com\/nb\/wp-json\/wp\/v2\/comments?post=794"}],"version-history":[{"count":4,"href":"https:\/\/mythkeyjewelry.com\/nb\/wp-json\/wp\/v2\/pages\/794\/revisions"}],"predecessor-version":[{"id":798,"href":"https:\/\/mythkeyjewelry.com\/nb\/wp-json\/wp\/v2\/pages\/794\/revisions\/798"}],"wp:attachment":[{"href":"https:\/\/mythkeyjewelry.com\/nb\/wp-json\/wp\/v2\/media?parent=794"}],"curies":[{"name":"wp","href":"https:\/\/api.w.org\/{rel}","templated":true}]}}