{"id":808,"date":"2025-10-20T01:37:43","date_gmt":"2025-10-20T01:37:43","guid":{"rendered":"https:\/\/mythkeyjewelry.com\/?page_id=808"},"modified":"2025-11-19T13:23:45","modified_gmt":"2025-11-19T13:23:45","slug":"return-exchange-policy","status":"publish","type":"page","link":"https:\/\/mythkeyjewelry.com\/nb\/return-exchange-policy\/","title":{"rendered":"Retningslinjer for retur og bytte"},"content":{"rendered":"<div data-elementor-type=\"wp-page\" data-elementor-id=\"808\" class=\"elementor elementor-808\" data-elementor-post-type=\"page\">\n\t\t\t\t<div class=\"elementor-element elementor-element-debc89f e-flex e-con-boxed e-con e-parent\" data-id=\"debc89f\" data-element_type=\"container\" data-settings=\"{&quot;ekit_has_onepagescroll_dot&quot;:&quot;yes&quot;}\">\n\t\t\t\t\t<div class=\"e-con-inner\">\n\t\t\t\t<div class=\"elementor-element elementor-element-952fa89 color-scheme-inherit text-left elementor-widget elementor-widget-text-editor\" data-id=\"952fa89\" data-element_type=\"widget\" data-settings=\"{&quot;ekit_we_effect_on&quot;:&quot;none&quot;}\" data-widget_type=\"text-editor.default\">\n\t\t\t\t<div class=\"elementor-widget-container\">\n\t\t\t\t\t\t\t\t\t<p><strong><b>-returperiode: <\/b><\/strong>Du kan be om retur eller bytte innen <strong>48 timer<\/strong> etter at du har mottatt bestillingen, og varen m\u00e5 sendes tilbake innen <strong>7 dager<\/strong>.<\/p><p><strong><b>-Betingelser:<\/b><\/strong> Varene m\u00e5 v\u00e6re ubrukte, ubrukte og i originalemballasjen, med sikkerhetsetiketten fortsatt festet og intakt.<\/p><p><strong><b>-Kan ikke returneres: <\/b><\/strong>Spesialtilpassede varer, \u00f8redobber (av hygieniske \u00e5rsaker) og varer med tegn p\u00e5 slitasje eller skader for\u00e5rsaket av feil bruk kan ikke returneres.<\/p><p><strong><b>-prosess: <\/b><\/strong>Vennligst kontakt oss p\u00e5 <strong><b>mythkey@outlook.com<\/b><\/strong>\u00a0med bestillingsnummeret ditt og bilder. N\u00e5r du har f\u00e5tt godkjent bestillingen, kan du returnere produktet til oss.<\/p><p><strong><b>-Kostnader: <\/b><\/strong>Kundene er ansvarlige for returfraktkostnader. Vi dekker kostnadene for \u00e5 sende ombyttede varer p\u00e5 nytt.<\/p>\t\t\t\t\t\t\t\t<\/div>\n\t\t\t\t<\/div>\n\t\t\t\t\t<\/div>\n\t\t\t\t<\/div>\n\t\t\t\t<\/div>","protected":false},"excerpt":{"rendered":"<p>-Return Period: You may request a return or exchange within 48 hours of receiving your order, and the item must<\/p>","protected":false},"author":1,"featured_media":0,"parent":0,"menu_order":0,"comment_status":"closed","ping_status":"closed","template":"elementor_header_footer","meta":{"_acf_changed":false,"footnotes":""},"class_list":["post-808","page","type-page","status-publish","hentry"],"acf":[],"_links":{"self":[{"href":"https:\/\/mythkeyjewelry.com\/nb\/wp-json\/wp\/v2\/pages\/808","targetHints":{"allow":["GET"]}}],"collection":[{"href":"https:\/\/mythkeyjewelry.com\/nb\/wp-json\/wp\/v2\/pages"}],"about":[{"href":"https:\/\/mythkeyjewelry.com\/nb\/wp-json\/wp\/v2\/types\/page"}],"author":[{"embeddable":true,"href":"https:\/\/mythkeyjewelry.com\/nb\/wp-json\/wp\/v2\/users\/1"}],"replies":[{"embeddable":true,"href":"https:\/\/mythkeyjewelry.com\/nb\/wp-json\/wp\/v2\/comments?post=808"}],"version-history":[{"count":16,"href":"https:\/\/mythkeyjewelry.com\/nb\/wp-json\/wp\/v2\/pages\/808\/revisions"}],"predecessor-version":[{"id":1577,"href":"https:\/\/mythkeyjewelry.com\/nb\/wp-json\/wp\/v2\/pages\/808\/revisions\/1577"}],"wp:attachment":[{"href":"https:\/\/mythkeyjewelry.com\/nb\/wp-json\/wp\/v2\/media?parent=808"}],"curies":[{"name":"wp","href":"https:\/\/api.w.org\/{rel}","templated":true}]}}