{"id":813,"date":"2025-10-20T01:38:34","date_gmt":"2025-10-20T01:38:34","guid":{"rendered":"https:\/\/mythkeyjewelry.com\/?page_id=813"},"modified":"2025-11-19T13:26:48","modified_gmt":"2025-11-19T13:26:48","slug":"order-cancellation-policy","status":"publish","type":"page","link":"https:\/\/mythkeyjewelry.com\/nb\/order-cancellation-policy\/","title":{"rendered":"Retningslinjer for avbestilling av ordre"},"content":{"rendered":"<div data-elementor-type=\"wp-page\" data-elementor-id=\"813\" class=\"elementor elementor-813\" data-elementor-post-type=\"page\">\n\t\t\t\t<div class=\"elementor-element elementor-element-5924b04 e-flex e-con-boxed e-con e-parent\" data-id=\"5924b04\" data-element_type=\"container\" data-settings=\"{&quot;ekit_has_onepagescroll_dot&quot;:&quot;yes&quot;}\">\n\t\t\t\t\t<div class=\"e-con-inner\">\n\t\t\t\t<div class=\"elementor-element elementor-element-fe2ae94 color-scheme-inherit text-left elementor-widget elementor-widget-text-editor\" data-id=\"fe2ae94\" data-element_type=\"widget\" data-settings=\"{&quot;ekit_we_effect_on&quot;:&quot;none&quot;}\" data-widget_type=\"text-editor.default\">\n\t\t\t\t<div class=\"elementor-widget-container\">\n\t\t\t\t\t\t\t\t\t<p>-Hvis du \u00f8nsker \u00e5 kansellere bestillingen din etter at den er lagt inn, m\u00e5 du gj\u00f8re det innen 24 timer.<\/p><p>I motsatt fall vil en\u00a0<strong><b>$<\/b><\/strong><strong><b>20<\/b><\/strong><strong><b>\u00a0avgift<\/b><\/strong>\u00a0vil bli belastet.<\/p><p>-H\u00e5ndteringsgebyret trekkes direkte fra refusjonsbel\u00f8pet.<\/p><p>-For \u00e5 unng\u00e5 un\u00f8dvendige kostnader anbefaler vi at du kontakter oss s\u00e5 snart som mulig hvis du \u00f8nsker \u00e5 kansellere bestillingen din.<\/p>\t\t\t\t\t\t\t\t<\/div>\n\t\t\t\t<\/div>\n\t\t\t\t\t<\/div>\n\t\t\t\t<\/div>\n\t\t\t\t<\/div>","protected":false},"excerpt":{"rendered":"<p>-If you wish to cancel your order after it has been placed, please do so within 24 hours. Otherwise, a\u00a0$20\u00a0fee\u00a0will<\/p>","protected":false},"author":1,"featured_media":0,"parent":0,"menu_order":0,"comment_status":"closed","ping_status":"closed","template":"elementor_header_footer","meta":{"_acf_changed":false,"footnotes":""},"class_list":["post-813","page","type-page","status-publish","hentry"],"acf":[],"_links":{"self":[{"href":"https:\/\/mythkeyjewelry.com\/nb\/wp-json\/wp\/v2\/pages\/813","targetHints":{"allow":["GET"]}}],"collection":[{"href":"https:\/\/mythkeyjewelry.com\/nb\/wp-json\/wp\/v2\/pages"}],"about":[{"href":"https:\/\/mythkeyjewelry.com\/nb\/wp-json\/wp\/v2\/types\/page"}],"author":[{"embeddable":true,"href":"https:\/\/mythkeyjewelry.com\/nb\/wp-json\/wp\/v2\/users\/1"}],"replies":[{"embeddable":true,"href":"https:\/\/mythkeyjewelry.com\/nb\/wp-json\/wp\/v2\/comments?post=813"}],"version-history":[{"count":16,"href":"https:\/\/mythkeyjewelry.com\/nb\/wp-json\/wp\/v2\/pages\/813\/revisions"}],"predecessor-version":[{"id":1583,"href":"https:\/\/mythkeyjewelry.com\/nb\/wp-json\/wp\/v2\/pages\/813\/revisions\/1583"}],"wp:attachment":[{"href":"https:\/\/mythkeyjewelry.com\/nb\/wp-json\/wp\/v2\/media?parent=813"}],"curies":[{"name":"wp","href":"https:\/\/api.w.org\/{rel}","templated":true}]}}