{"id":818,"date":"2025-10-20T01:39:25","date_gmt":"2025-10-20T01:39:25","guid":{"rendered":"https:\/\/mythkeyjewelry.com\/?page_id=818"},"modified":"2025-11-19T13:35:45","modified_gmt":"2025-11-19T13:35:45","slug":"shipping-policy","status":"publish","type":"page","link":"https:\/\/mythkeyjewelry.com\/nb\/shipping-policy\/","title":{"rendered":"Retningslinjer for frakt"},"content":{"rendered":"<div data-elementor-type=\"wp-page\" data-elementor-id=\"818\" class=\"elementor elementor-818\" data-elementor-post-type=\"page\">\n\t\t\t\t<div class=\"elementor-element elementor-element-7e00459 e-flex e-con-boxed e-con e-parent\" data-id=\"7e00459\" data-element_type=\"container\" data-settings=\"{&quot;ekit_has_onepagescroll_dot&quot;:&quot;yes&quot;}\">\n\t\t\t\t\t<div class=\"e-con-inner\">\n\t\t\t\t<div class=\"elementor-element elementor-element-1bde3bb text-center color-scheme-inherit elementor-widget elementor-widget-text-editor\" data-id=\"1bde3bb\" data-element_type=\"widget\" data-settings=\"{&quot;ekit_we_effect_on&quot;:&quot;none&quot;}\" data-widget_type=\"text-editor.default\">\n\t\t\t\t<div class=\"elementor-widget-container\">\n\t\t\t\t\t\t\t\t\t<p><strong><b>-Behandlingstid<\/b><\/strong><\/p><p>Bestillinger behandles innen <strong>2 virkedager<\/strong> etter at betalingen er bekreftet. Bestillinger som legges inn i helger eller p\u00e5 helligdager, vil bli behandlet neste virkedag.<\/p><p><strong><b>-Shipping og leveringstid<\/b><\/strong><\/p><p>Alle bestillinger leveres innen 3-15 virkedager, avhengig av hvor du befinner deg og tollklarering.<\/p><p><strong><b>-Fraktpriser<\/b><\/strong><\/p><p>Bestillinger over <strong><b>$188.88<\/b><\/strong>\u00a0nyt gratis frakt. For bestillinger under $188.88, vil en <strong><b>$20<\/b>\u00a0fraktavgift<\/strong> vil bli lagt til i kassen.<\/p><p><strong><b>-Ordresporing<\/b><\/strong><\/p><p>N\u00e5r forsendelsen er sendt, vil du motta en e-postbekreftelse med et sporingsnummer som du kan bruke til \u00e5 spore bestillingen din p\u00e5 transport\u00f8rens nettsted.<\/p><p><strong><b>-Toll og avgifter<\/b><\/strong><\/p><p>Internasjonale bestillinger kan v\u00e6re underlagt toll, skatter eller importavgifter, som vil bli dekket av MYTHKEY.<\/p><p><strong><b>-Forsinkelser og problemer<\/b><\/strong><\/p><p>Vi beklager, men vi er ikke ansvarlige for forsinkelser for\u00e5rsaket av toll, naturkatastrofer eller problemer med budet. Hvis pakken din er tapt eller skadet, vennligst kontakt oss umiddelbart p\u00e5 <strong><b>mythkey@outlook.com<\/b><\/strong>.<\/p>\t\t\t\t\t\t\t\t<\/div>\n\t\t\t\t<\/div>\n\t\t\t\t\t<\/div>\n\t\t\t\t<\/div>\n\t\t\t\t<\/div>","protected":false},"excerpt":{"rendered":"<p>-Processing Time Orders are processed within 2\u00a0business days after payment is confirmed. Orders placed on weekends or public holidays will<\/p>","protected":false},"author":1,"featured_media":0,"parent":0,"menu_order":0,"comment_status":"closed","ping_status":"closed","template":"elementor_header_footer","meta":{"_acf_changed":false,"footnotes":""},"class_list":["post-818","page","type-page","status-publish","hentry"],"acf":[],"_links":{"self":[{"href":"https:\/\/mythkeyjewelry.com\/nb\/wp-json\/wp\/v2\/pages\/818","targetHints":{"allow":["GET"]}}],"collection":[{"href":"https:\/\/mythkeyjewelry.com\/nb\/wp-json\/wp\/v2\/pages"}],"about":[{"href":"https:\/\/mythkeyjewelry.com\/nb\/wp-json\/wp\/v2\/types\/page"}],"author":[{"embeddable":true,"href":"https:\/\/mythkeyjewelry.com\/nb\/wp-json\/wp\/v2\/users\/1"}],"replies":[{"embeddable":true,"href":"https:\/\/mythkeyjewelry.com\/nb\/wp-json\/wp\/v2\/comments?post=818"}],"version-history":[{"count":19,"href":"https:\/\/mythkeyjewelry.com\/nb\/wp-json\/wp\/v2\/pages\/818\/revisions"}],"predecessor-version":[{"id":1596,"href":"https:\/\/mythkeyjewelry.com\/nb\/wp-json\/wp\/v2\/pages\/818\/revisions\/1596"}],"wp:attachment":[{"href":"https:\/\/mythkeyjewelry.com\/nb\/wp-json\/wp\/v2\/media?parent=818"}],"curies":[{"name":"wp","href":"https:\/\/api.w.org\/{rel}","templated":true}]}}