{"id":1018,"date":"2025-10-20T23:51:32","date_gmt":"2025-10-20T23:51:32","guid":{"rendered":"https:\/\/mythkeyjewelry.com\/?post_type=product&#038;p=1018"},"modified":"2025-10-24T02:12:32","modified_gmt":"2025-10-24T02:12:32","slug":"mythkey-full-diamond-ruby-red-bracelet","status":"publish","type":"product","link":"https:\/\/mythkeyjewelry.com\/nb\/produkt\/mythkey-full-diamond-ruby-red-bracelet\/","title":{"rendered":"MYTHKEY Full Diamond Ruby Red-armb\u00e5nd"},"content":{"rendered":"<p>MYTHKEY Full Diamond Ruby Red-armb\u00e5ndet kombinerer glansen fra full diamantinnfatning med den lidenskapelige fargen p\u00e5 dueblodsr\u00f8d, og utstr\u00e5ler en blanding av luksus og romantikk. Armb\u00e5ndet er laget av presisjonsslipte syntetiske krystaller med en briljans og hardhet som kan sammenlignes med naturlige edelstener, samtidig som det har eksepsjonell klarhet, stabil farge og de ekstra fordelene ved \u00e5 v\u00e6re milj\u00f8vennlig og tilgjengelig - noe som gj\u00f8r eksklusiv eleganse innen rekkevidde.<\/p>","protected":false},"excerpt":{"rendered":"<p>Navn: Crimson Blossom<br \/>\nMateriale: 925 s\u00f8lv<br \/>\nSteintype: Syntetisk krystall<br \/>\nTotal vekt: 17 g<br \/>\nLanserings\u00e5r\/sesong:H\u00f8sten 2025<br \/>\nProduktkode: 25AB02<\/p>","protected":false},"featured_media":1025,"comment_status":"open","ping_status":"closed","template":"","meta":{"_acf_changed":false},"product_brand":[],"product_cat":[32],"product_tag":[],"class_list":{"0":"post-1018","1":"product","2":"type-product","3":"status-publish","4":"has-post-thumbnail","6":"product_cat-bracelets","8":"first","9":"instock","10":"shipping-taxable","11":"purchasable","12":"product-type-simple","13":"wpzoom-wc-spi-has-enabled"},"acf":[],"_links":{"self":[{"href":"https:\/\/mythkeyjewelry.com\/nb\/wp-json\/wp\/v2\/product\/1018","targetHints":{"allow":["GET"]}}],"collection":[{"href":"https:\/\/mythkeyjewelry.com\/nb\/wp-json\/wp\/v2\/product"}],"about":[{"href":"https:\/\/mythkeyjewelry.com\/nb\/wp-json\/wp\/v2\/types\/product"}],"replies":[{"embeddable":true,"href":"https:\/\/mythkeyjewelry.com\/nb\/wp-json\/wp\/v2\/comments?post=1018"}],"version-history":[{"count":3,"href":"https:\/\/mythkeyjewelry.com\/nb\/wp-json\/wp\/v2\/product\/1018\/revisions"}],"predecessor-version":[{"id":1227,"href":"https:\/\/mythkeyjewelry.com\/nb\/wp-json\/wp\/v2\/product\/1018\/revisions\/1227"}],"wp:featuredmedia":[{"embeddable":true,"href":"https:\/\/mythkeyjewelry.com\/nb\/wp-json\/wp\/v2\/media\/1025"}],"wp:attachment":[{"href":"https:\/\/mythkeyjewelry.com\/nb\/wp-json\/wp\/v2\/media?parent=1018"}],"wp:term":[{"taxonomy":"product_brand","embeddable":true,"href":"https:\/\/mythkeyjewelry.com\/nb\/wp-json\/wp\/v2\/product_brand?post=1018"},{"taxonomy":"product_cat","embeddable":true,"href":"https:\/\/mythkeyjewelry.com\/nb\/wp-json\/wp\/v2\/product_cat?post=1018"},{"taxonomy":"product_tag","embeddable":true,"href":"https:\/\/mythkeyjewelry.com\/nb\/wp-json\/wp\/v2\/product_tag?post=1018"}],"curies":[{"name":"wp","href":"https:\/\/api.w.org\/{rel}","templated":true}]}}