{"id":1089,"date":"2025-10-21T23:06:53","date_gmt":"2025-10-21T23:06:53","guid":{"rendered":"https:\/\/mythkeyjewelry.com\/?post_type=product&#038;p=1089"},"modified":"2025-10-24T02:13:37","modified_gmt":"2025-10-24T02:13:37","slug":"mythkey-pear-marquise-drop-earrings","status":"publish","type":"product","link":"https:\/\/mythkeyjewelry.com\/nb\/produkt\/mythkey-pear-marquise-drop-earrings\/","title":{"rendered":"MYTHKEY \u00d8redobber med p\u00e6re og marquise"},"content":{"rendered":"<p>Hver edelsten er n\u00f8yaktig slipt og sikkert innfattet, noe som sikrer en briljans som t\u00e5ler tidens tann.midt i de blendende lysene p\u00e5 enhver sammenkomst gj\u00f8r den glitrende gl\u00f8den i \u00f8rene dine deg uanstrengt str\u00e5lende.legg til et snev av selvtillit og eleganse til enhver anledning.<\/p>","protected":false},"excerpt":{"rendered":"<p>Navn: Falling Starlight<br \/>\nMateriale: 925 s\u00f8lv<br \/>\nSteintype: Syntetisk krystall<br \/>\nTotal vekt: 7,2 g<br \/>\n\u00d8redobbens lengde: 3 cm<br \/>\nLanserings\u00e5r\/sesong:Vinter 2025<br \/>\nProduktkode: 25WE01<\/p>","protected":false},"featured_media":1090,"comment_status":"open","ping_status":"closed","template":"","meta":{"_acf_changed":false},"product_brand":[],"product_cat":[15],"product_tag":[],"class_list":{"0":"post-1089","1":"product","2":"type-product","3":"status-publish","4":"has-post-thumbnail","6":"product_cat-earrings","8":"first","9":"instock","10":"shipping-taxable","11":"purchasable","12":"product-type-simple","13":"wpzoom-wc-spi-has-enabled"},"acf":[],"_links":{"self":[{"href":"https:\/\/mythkeyjewelry.com\/nb\/wp-json\/wp\/v2\/product\/1089","targetHints":{"allow":["GET"]}}],"collection":[{"href":"https:\/\/mythkeyjewelry.com\/nb\/wp-json\/wp\/v2\/product"}],"about":[{"href":"https:\/\/mythkeyjewelry.com\/nb\/wp-json\/wp\/v2\/types\/product"}],"replies":[{"embeddable":true,"href":"https:\/\/mythkeyjewelry.com\/nb\/wp-json\/wp\/v2\/comments?post=1089"}],"version-history":[{"count":3,"href":"https:\/\/mythkeyjewelry.com\/nb\/wp-json\/wp\/v2\/product\/1089\/revisions"}],"predecessor-version":[{"id":1229,"href":"https:\/\/mythkeyjewelry.com\/nb\/wp-json\/wp\/v2\/product\/1089\/revisions\/1229"}],"wp:featuredmedia":[{"embeddable":true,"href":"https:\/\/mythkeyjewelry.com\/nb\/wp-json\/wp\/v2\/media\/1090"}],"wp:attachment":[{"href":"https:\/\/mythkeyjewelry.com\/nb\/wp-json\/wp\/v2\/media?parent=1089"}],"wp:term":[{"taxonomy":"product_brand","embeddable":true,"href":"https:\/\/mythkeyjewelry.com\/nb\/wp-json\/wp\/v2\/product_brand?post=1089"},{"taxonomy":"product_cat","embeddable":true,"href":"https:\/\/mythkeyjewelry.com\/nb\/wp-json\/wp\/v2\/product_cat?post=1089"},{"taxonomy":"product_tag","embeddable":true,"href":"https:\/\/mythkeyjewelry.com\/nb\/wp-json\/wp\/v2\/product_tag?post=1089"}],"curies":[{"name":"wp","href":"https:\/\/api.w.org\/{rel}","templated":true}]}}