{"id":1098,"date":"2025-10-21T23:33:58","date_gmt":"2025-10-21T23:33:58","guid":{"rendered":"https:\/\/mythkeyjewelry.com\/?post_type=product&#038;p=1098"},"modified":"2025-10-24T03:19:11","modified_gmt":"2025-10-24T03:19:11","slug":"mythkey-blue-diamond-cluster-pendant-earrings","status":"publish","type":"product","link":"https:\/\/mythkeyjewelry.com\/nb\/produkt\/mythkey-blue-diamond-cluster-pendant-earrings\/","title":{"rendered":"MYTHKEY \u00d8redobber med anheng av bl\u00e5 diamanter"},"content":{"rendered":"<p>MYTHKEY Blue Diamond Cluster Earrings minner om havets rolige dybde og skumringshimmelens glans.hver safir og krystall er omhyggelig arrangert for \u00e5 fange lysets dans over b\u00f8lgende b\u00f8lger.de er elegante, men likevel fengslende, og gir en f\u00f8lelse av rolig raffinement - perfekt for kveldssamlinger, flukt ved sj\u00f8en eller ethvert \u00f8yeblikk som krever stille utstr\u00e5ling. De er lette, slitesterke og blendende fra alle vinkler, og de skinner med varig ynde.<\/p>","protected":false},"excerpt":{"rendered":"<p>Navn Ocean Star<br \/>\nMateriale: 925 s\u00f8lv<br \/>\nSteintype: Syntetisk krystall<br \/>\nTotal vekt: 5,2 g<br \/>\n\u00d8redobbens lengde: 2,9 cm<br \/>\nLanserings\u00e5r\/sesong: Vinteren 2023<br \/>\nProduktkode: 23WE01<\/p>","protected":false},"featured_media":1099,"comment_status":"open","ping_status":"closed","template":"","meta":{"_acf_changed":false},"product_brand":[],"product_cat":[15],"product_tag":[],"class_list":{"0":"post-1098","1":"product","2":"type-product","3":"status-publish","4":"has-post-thumbnail","6":"product_cat-earrings","8":"first","9":"instock","10":"shipping-taxable","11":"purchasable","12":"product-type-simple","13":"wpzoom-wc-spi-has-enabled"},"acf":[],"_links":{"self":[{"href":"https:\/\/mythkeyjewelry.com\/nb\/wp-json\/wp\/v2\/product\/1098","targetHints":{"allow":["GET"]}}],"collection":[{"href":"https:\/\/mythkeyjewelry.com\/nb\/wp-json\/wp\/v2\/product"}],"about":[{"href":"https:\/\/mythkeyjewelry.com\/nb\/wp-json\/wp\/v2\/types\/product"}],"replies":[{"embeddable":true,"href":"https:\/\/mythkeyjewelry.com\/nb\/wp-json\/wp\/v2\/comments?post=1098"}],"version-history":[{"count":3,"href":"https:\/\/mythkeyjewelry.com\/nb\/wp-json\/wp\/v2\/product\/1098\/revisions"}],"predecessor-version":[{"id":1240,"href":"https:\/\/mythkeyjewelry.com\/nb\/wp-json\/wp\/v2\/product\/1098\/revisions\/1240"}],"wp:featuredmedia":[{"embeddable":true,"href":"https:\/\/mythkeyjewelry.com\/nb\/wp-json\/wp\/v2\/media\/1099"}],"wp:attachment":[{"href":"https:\/\/mythkeyjewelry.com\/nb\/wp-json\/wp\/v2\/media?parent=1098"}],"wp:term":[{"taxonomy":"product_brand","embeddable":true,"href":"https:\/\/mythkeyjewelry.com\/nb\/wp-json\/wp\/v2\/product_brand?post=1098"},{"taxonomy":"product_cat","embeddable":true,"href":"https:\/\/mythkeyjewelry.com\/nb\/wp-json\/wp\/v2\/product_cat?post=1098"},{"taxonomy":"product_tag","embeddable":true,"href":"https:\/\/mythkeyjewelry.com\/nb\/wp-json\/wp\/v2\/product_tag?post=1098"}],"curies":[{"name":"wp","href":"https:\/\/api.w.org\/{rel}","templated":true}]}}