{"id":1131,"date":"2025-10-22T02:38:01","date_gmt":"2025-10-22T02:38:01","guid":{"rendered":"https:\/\/mythkeyjewelry.com\/?post_type=product&#038;p=1131"},"modified":"2025-10-24T02:09:42","modified_gmt":"2025-10-24T02:09:42","slug":"mythkey-oval-ruby-halo-earrings","status":"publish","type":"product","link":"https:\/\/mythkeyjewelry.com\/nb\/produkt\/mythkey-oval-ruby-halo-earrings\/","title":{"rendered":"MYTHKEY ovale rubin\u00f8reringer med halo"},"content":{"rendered":"<p>MYTHKEY Oval Ruby Halo Earrings utstr\u00e5ler lidenskap og selvsikkerhet gjennom sin levende, purpurr\u00f8de gl\u00f8d. Den ovale rubinen er innrammet av en glorie av str\u00e5lende krystaller, som symboliserer styrke, eleganse og tidl\u00f8s tiltrekningskraft. De er laget av presisjonsslipte syntetiske edelstener med eksepsjonell klarhet, rik fargestabilitet og varig glans. Enten det er til en elegant kveld eller til hverdags, gir de et streif av varme og glans til hvert \u00f8yeblikk.<\/p>","protected":false},"excerpt":{"rendered":"<p>Navn: Evighetens flamme<br \/>\nMateriale: 925 s\u00f8lv<br \/>\nSteintype: Syntetisk krystall<br \/>\nSteinst\u00f8rrelse: 5 * 8 mm<br \/>\nTotal vekt: 3,5 g<br \/>\n\u00d8redobbens lengde: 1,2 cm<br \/>\nLanserings\u00e5r\/sesong: Vinteren 2024<br \/>\nProduktkode: 24WE02<\/p>","protected":false},"featured_media":1132,"comment_status":"open","ping_status":"closed","template":"","meta":{"_acf_changed":false},"product_brand":[],"product_cat":[15],"product_tag":[],"class_list":{"0":"post-1131","1":"product","2":"type-product","3":"status-publish","4":"has-post-thumbnail","6":"product_cat-earrings","8":"first","9":"instock","10":"shipping-taxable","11":"purchasable","12":"product-type-simple","13":"wpzoom-wc-spi-has-enabled"},"acf":[],"_links":{"self":[{"href":"https:\/\/mythkeyjewelry.com\/nb\/wp-json\/wp\/v2\/product\/1131","targetHints":{"allow":["GET"]}}],"collection":[{"href":"https:\/\/mythkeyjewelry.com\/nb\/wp-json\/wp\/v2\/product"}],"about":[{"href":"https:\/\/mythkeyjewelry.com\/nb\/wp-json\/wp\/v2\/types\/product"}],"replies":[{"embeddable":true,"href":"https:\/\/mythkeyjewelry.com\/nb\/wp-json\/wp\/v2\/comments?post=1131"}],"version-history":[{"count":2,"href":"https:\/\/mythkeyjewelry.com\/nb\/wp-json\/wp\/v2\/product\/1131\/revisions"}],"predecessor-version":[{"id":1220,"href":"https:\/\/mythkeyjewelry.com\/nb\/wp-json\/wp\/v2\/product\/1131\/revisions\/1220"}],"wp:featuredmedia":[{"embeddable":true,"href":"https:\/\/mythkeyjewelry.com\/nb\/wp-json\/wp\/v2\/media\/1132"}],"wp:attachment":[{"href":"https:\/\/mythkeyjewelry.com\/nb\/wp-json\/wp\/v2\/media?parent=1131"}],"wp:term":[{"taxonomy":"product_brand","embeddable":true,"href":"https:\/\/mythkeyjewelry.com\/nb\/wp-json\/wp\/v2\/product_brand?post=1131"},{"taxonomy":"product_cat","embeddable":true,"href":"https:\/\/mythkeyjewelry.com\/nb\/wp-json\/wp\/v2\/product_cat?post=1131"},{"taxonomy":"product_tag","embeddable":true,"href":"https:\/\/mythkeyjewelry.com\/nb\/wp-json\/wp\/v2\/product_tag?post=1131"}],"curies":[{"name":"wp","href":"https:\/\/api.w.org\/{rel}","templated":true}]}}