{"id":1171,"date":"2025-10-22T05:55:11","date_gmt":"2025-10-22T05:55:11","guid":{"rendered":"https:\/\/mythkeyjewelry.com\/?post_type=product&#038;p=1171"},"modified":"2025-10-24T02:08:59","modified_gmt":"2025-10-24T02:08:59","slug":"mythkey-green-chalcedony-cabochon-diamond-halo-earrings","status":"publish","type":"product","link":"https:\/\/mythkeyjewelry.com\/nb\/produkt\/mythkey-green-chalcedony-cabochon-diamond-halo-earrings\/","title":{"rendered":"MYTHKEY Green Chalcedony Cabochon Diamond Halo Earrings"},"content":{"rendered":"<p>MYTHKEY Green Chalcedony Cabochon Diamond Halo Earrings utstr\u00e5ler ro og glans, og feirer naturens rolige skj\u00f8nnhet og det raffinerte h\u00e5ndverket. Kontrasten mellom den myke, gr\u00f8nne glansen og den str\u00e5lende glitringen skaper balanse - en harmoni mellom ro og raffinement. De er tidl\u00f8se, men forfriskende, og gir et mildt snev av eleganse til enhver anledning.<\/p>","protected":false},"excerpt":{"rendered":"<p>Navn: Eternal Green<br \/>\nMateriale: 925 s\u00f8lv<br \/>\nSteintype: Syntetisk krystall<br \/>\nSteinst\u00f8rrelse: 1 mm<br \/>\nTotal vekt: 5 g<br \/>\nLanserings\u00e5r\/sesong: V\u00e5ren 2025<br \/>\nProduktkode: 25SN01<\/p>","protected":false},"featured_media":1177,"comment_status":"open","ping_status":"closed","template":"","meta":{"_acf_changed":false},"product_brand":[],"product_cat":[15],"product_tag":[],"class_list":{"0":"post-1171","1":"product","2":"type-product","3":"status-publish","4":"has-post-thumbnail","6":"product_cat-earrings","8":"first","9":"instock","10":"shipping-taxable","11":"purchasable","12":"product-type-simple","13":"wpzoom-wc-spi-has-enabled"},"acf":[],"_links":{"self":[{"href":"https:\/\/mythkeyjewelry.com\/nb\/wp-json\/wp\/v2\/product\/1171","targetHints":{"allow":["GET"]}}],"collection":[{"href":"https:\/\/mythkeyjewelry.com\/nb\/wp-json\/wp\/v2\/product"}],"about":[{"href":"https:\/\/mythkeyjewelry.com\/nb\/wp-json\/wp\/v2\/types\/product"}],"replies":[{"embeddable":true,"href":"https:\/\/mythkeyjewelry.com\/nb\/wp-json\/wp\/v2\/comments?post=1171"}],"version-history":[{"count":2,"href":"https:\/\/mythkeyjewelry.com\/nb\/wp-json\/wp\/v2\/product\/1171\/revisions"}],"predecessor-version":[{"id":1218,"href":"https:\/\/mythkeyjewelry.com\/nb\/wp-json\/wp\/v2\/product\/1171\/revisions\/1218"}],"wp:featuredmedia":[{"embeddable":true,"href":"https:\/\/mythkeyjewelry.com\/nb\/wp-json\/wp\/v2\/media\/1177"}],"wp:attachment":[{"href":"https:\/\/mythkeyjewelry.com\/nb\/wp-json\/wp\/v2\/media?parent=1171"}],"wp:term":[{"taxonomy":"product_brand","embeddable":true,"href":"https:\/\/mythkeyjewelry.com\/nb\/wp-json\/wp\/v2\/product_brand?post=1171"},{"taxonomy":"product_cat","embeddable":true,"href":"https:\/\/mythkeyjewelry.com\/nb\/wp-json\/wp\/v2\/product_cat?post=1171"},{"taxonomy":"product_tag","embeddable":true,"href":"https:\/\/mythkeyjewelry.com\/nb\/wp-json\/wp\/v2\/product_tag?post=1171"}],"curies":[{"name":"wp","href":"https:\/\/api.w.org\/{rel}","templated":true}]}}