{"id":1188,"date":"2025-10-22T23:25:13","date_gmt":"2025-10-22T23:25:13","guid":{"rendered":"https:\/\/mythkeyjewelry.com\/?post_type=product&#038;p=1188"},"modified":"2025-10-30T04:35:54","modified_gmt":"2025-10-30T04:35:54","slug":"mythkey-1-5-carat-cushion-cut-blue-crystal-earrings","status":"publish","type":"product","link":"https:\/\/mythkeyjewelry.com\/nb\/produkt\/mythkey-1-5-carat-cushion-cut-blue-crystal-earrings\/","title":{"rendered":"MYTHKEY \u00d8redobber med 1,5 karat pute-slipte bl\u00e5 krystaller"},"content":{"rendered":"<p>MYTHKEY Blue Mirage-\u00f8reringene er str\u00e5lende og rolige, og de fanger den rolige skj\u00f8nnheten til en solbeskinnet himmel som speiler seg i vann. Den 1,5 karat store, puteformede himmelbl\u00e5 krystallen glitrer med klarhet og rolig glans, delikat innfattet for \u00e5 sikre varig glans. \u00d8redobbene er lette, men likevel i\u00f8ynefallende, og utstr\u00e5ler uanstrengt eleganse - perfekte for \u00e5 lyse opp i hverdagen eller tilf\u00f8re et forfriskende preg til kveldsantrekket.<\/p>","protected":false},"excerpt":{"rendered":"<p>Navn: Blue Mirage<br \/>\nMateriale: 925 s\u00f8lv<br \/>\nSteintype: 1,5 karat syntetisk krystall<br \/>\nSteinst\u00f8rrelse: 7*7 mm<br \/>\nTotal vekt: 2,8 g<br \/>\nLanserings\u00e5r\/sesong:Sommeren 2025<br \/>\nProduktkode: 25SSE01<\/p>","protected":false},"featured_media":1189,"comment_status":"open","ping_status":"closed","template":"","meta":{"_acf_changed":false},"product_brand":[],"product_cat":[15],"product_tag":[],"class_list":{"0":"post-1188","1":"product","2":"type-product","3":"status-publish","4":"has-post-thumbnail","6":"product_cat-earrings","8":"first","9":"instock","10":"shipping-taxable","11":"purchasable","12":"product-type-simple","13":"wpzoom-wc-spi-has-enabled"},"acf":[],"_links":{"self":[{"href":"https:\/\/mythkeyjewelry.com\/nb\/wp-json\/wp\/v2\/product\/1188","targetHints":{"allow":["GET"]}}],"collection":[{"href":"https:\/\/mythkeyjewelry.com\/nb\/wp-json\/wp\/v2\/product"}],"about":[{"href":"https:\/\/mythkeyjewelry.com\/nb\/wp-json\/wp\/v2\/types\/product"}],"replies":[{"embeddable":true,"href":"https:\/\/mythkeyjewelry.com\/nb\/wp-json\/wp\/v2\/comments?post=1188"}],"version-history":[{"count":3,"href":"https:\/\/mythkeyjewelry.com\/nb\/wp-json\/wp\/v2\/product\/1188\/revisions"}],"predecessor-version":[{"id":1216,"href":"https:\/\/mythkeyjewelry.com\/nb\/wp-json\/wp\/v2\/product\/1188\/revisions\/1216"}],"wp:featuredmedia":[{"embeddable":true,"href":"https:\/\/mythkeyjewelry.com\/nb\/wp-json\/wp\/v2\/media\/1189"}],"wp:attachment":[{"href":"https:\/\/mythkeyjewelry.com\/nb\/wp-json\/wp\/v2\/media?parent=1188"}],"wp:term":[{"taxonomy":"product_brand","embeddable":true,"href":"https:\/\/mythkeyjewelry.com\/nb\/wp-json\/wp\/v2\/product_brand?post=1188"},{"taxonomy":"product_cat","embeddable":true,"href":"https:\/\/mythkeyjewelry.com\/nb\/wp-json\/wp\/v2\/product_cat?post=1188"},{"taxonomy":"product_tag","embeddable":true,"href":"https:\/\/mythkeyjewelry.com\/nb\/wp-json\/wp\/v2\/product_tag?post=1188"}],"curies":[{"name":"wp","href":"https:\/\/api.w.org\/{rel}","templated":true}]}}