{"id":1230,"date":"2025-10-24T02:36:10","date_gmt":"2025-10-24T02:36:10","guid":{"rendered":"https:\/\/mythkeyjewelry.com\/?post_type=product&#038;p=1230"},"modified":"2025-11-01T00:36:42","modified_gmt":"2025-11-01T00:36:42","slug":"mythkey-5-carat-padparadscha-lotus-ring","status":"publish","type":"product","link":"https:\/\/mythkeyjewelry.com\/nb\/produkt\/mythkey-5-carat-padparadscha-lotus-ring\/","title":{"rendered":"MYTHKEY 5 karat Padparadscha Lotus Ring"},"content":{"rendered":"<p>MYTHKEY 5-karat Padparadscha Lotus Ring fanger den sjeldne harmonien i soloppgangens fargetoner - der myk rosa m\u00f8ter et snev av gylden flamme.5-karat Padparadscha gl\u00f8der med rolig varme, omkranset av en glorie av presisjonsslipte diamanter som blomstrer som lotusblader.5-karat Padparadscha Lotus Ring er delikat, men likevel dristig, og gjenspeiler skj\u00f8nnheten i indre styrke og ynde.5-karat Padparadscha Lotus Ring er perfekt for eleganse om kvelden eller utstr\u00e5ling om dagen, og er et uttrykk for tidl\u00f8s sofistikerthet og lysende.<\/p>","protected":false},"excerpt":{"rendered":"<p>Navn: Str\u00e5lende Aura<br \/>\nMateriale: 925 s\u00f8lv<br \/>\nHovedstein: 5 karat Padparadscha<br \/>\nSteinst\u00f8rrelse: 11*11 mm<br \/>\nTotal vekt: 7 g<br \/>\nLanserings\u00e5r\/sesong: Sommeren 2025<br \/>\nProduktkode: 25SSR02<\/p>","protected":false},"featured_media":1231,"comment_status":"open","ping_status":"closed","template":"","meta":{"_acf_changed":false},"product_brand":[],"product_cat":[30],"product_tag":[],"class_list":{"0":"post-1230","1":"product","2":"type-product","3":"status-publish","4":"has-post-thumbnail","6":"product_cat-rings","8":"first","9":"instock","10":"shipping-taxable","11":"purchasable","12":"product-type-simple","13":"wpzoom-wc-spi-has-enabled"},"acf":[],"_links":{"self":[{"href":"https:\/\/mythkeyjewelry.com\/nb\/wp-json\/wp\/v2\/product\/1230","targetHints":{"allow":["GET"]}}],"collection":[{"href":"https:\/\/mythkeyjewelry.com\/nb\/wp-json\/wp\/v2\/product"}],"about":[{"href":"https:\/\/mythkeyjewelry.com\/nb\/wp-json\/wp\/v2\/types\/product"}],"replies":[{"embeddable":true,"href":"https:\/\/mythkeyjewelry.com\/nb\/wp-json\/wp\/v2\/comments?post=1230"}],"version-history":[{"count":2,"href":"https:\/\/mythkeyjewelry.com\/nb\/wp-json\/wp\/v2\/product\/1230\/revisions"}],"predecessor-version":[{"id":1255,"href":"https:\/\/mythkeyjewelry.com\/nb\/wp-json\/wp\/v2\/product\/1230\/revisions\/1255"}],"wp:featuredmedia":[{"embeddable":true,"href":"https:\/\/mythkeyjewelry.com\/nb\/wp-json\/wp\/v2\/media\/1231"}],"wp:attachment":[{"href":"https:\/\/mythkeyjewelry.com\/nb\/wp-json\/wp\/v2\/media?parent=1230"}],"wp:term":[{"taxonomy":"product_brand","embeddable":true,"href":"https:\/\/mythkeyjewelry.com\/nb\/wp-json\/wp\/v2\/product_brand?post=1230"},{"taxonomy":"product_cat","embeddable":true,"href":"https:\/\/mythkeyjewelry.com\/nb\/wp-json\/wp\/v2\/product_cat?post=1230"},{"taxonomy":"product_tag","embeddable":true,"href":"https:\/\/mythkeyjewelry.com\/nb\/wp-json\/wp\/v2\/product_tag?post=1230"}],"curies":[{"name":"wp","href":"https:\/\/api.w.org\/{rel}","templated":true}]}}