{"id":1241,"date":"2025-10-24T03:39:04","date_gmt":"2025-10-24T03:39:04","guid":{"rendered":"https:\/\/mythkeyjewelry.com\/?post_type=product&#038;p=1241"},"modified":"2025-11-01T00:37:04","modified_gmt":"2025-11-01T00:37:04","slug":"mythkey-8-carat-emerald-cut-yellow-crystal-ring","status":"publish","type":"product","link":"https:\/\/mythkeyjewelry.com\/nb\/produkt\/mythkey-8-carat-emerald-cut-yellow-crystal-ring\/","title":{"rendered":"MYTHKEY 8 karat smaragdslipt diamantring i gul krystall"},"content":{"rendered":"<p>MYTHKEY Golden Dawn Ring fanger varmen fra den oppg\u00e5ende solen i en uts\u00f8kt 8 karat smaragdslipt gul krystall. Den gylne fargen gl\u00f8der med raffinert glans, innrammet av koniske sidestener som gjenspeiler styrke og ynde. Dette statement-smykket er laget med presisjon og eleganse og utstr\u00e5ler tidl\u00f8s optimisme - str\u00e5lende, selvsikker og uendelig fengslende.<\/p>","protected":false},"excerpt":{"rendered":"<p>Navn: Gyllent daggry<br \/>\nMateriale: 925 s\u00f8lv<br \/>\nHovedstein: 8 karat syntetisk krystall<br \/>\nSteinst\u00f8rrelse: 11*15 mm<br \/>\nTotal vekt: 8,5 g<br \/>\nLanserings\u00e5r\/sesong: Sommeren 2025<br \/>\nProduktkode: 25SSR01<\/p>","protected":false},"featured_media":1243,"comment_status":"open","ping_status":"closed","template":"","meta":{"_acf_changed":false},"product_brand":[],"product_cat":[30],"product_tag":[],"class_list":{"0":"post-1241","1":"product","2":"type-product","3":"status-publish","4":"has-post-thumbnail","6":"product_cat-rings","8":"first","9":"instock","10":"shipping-taxable","11":"purchasable","12":"product-type-simple","13":"wpzoom-wc-spi-has-enabled"},"acf":[],"_links":{"self":[{"href":"https:\/\/mythkeyjewelry.com\/nb\/wp-json\/wp\/v2\/product\/1241","targetHints":{"allow":["GET"]}}],"collection":[{"href":"https:\/\/mythkeyjewelry.com\/nb\/wp-json\/wp\/v2\/product"}],"about":[{"href":"https:\/\/mythkeyjewelry.com\/nb\/wp-json\/wp\/v2\/types\/product"}],"replies":[{"embeddable":true,"href":"https:\/\/mythkeyjewelry.com\/nb\/wp-json\/wp\/v2\/comments?post=1241"}],"version-history":[{"count":5,"href":"https:\/\/mythkeyjewelry.com\/nb\/wp-json\/wp\/v2\/product\/1241\/revisions"}],"predecessor-version":[{"id":1274,"href":"https:\/\/mythkeyjewelry.com\/nb\/wp-json\/wp\/v2\/product\/1241\/revisions\/1274"}],"wp:featuredmedia":[{"embeddable":true,"href":"https:\/\/mythkeyjewelry.com\/nb\/wp-json\/wp\/v2\/media\/1243"}],"wp:attachment":[{"href":"https:\/\/mythkeyjewelry.com\/nb\/wp-json\/wp\/v2\/media?parent=1241"}],"wp:term":[{"taxonomy":"product_brand","embeddable":true,"href":"https:\/\/mythkeyjewelry.com\/nb\/wp-json\/wp\/v2\/product_brand?post=1241"},{"taxonomy":"product_cat","embeddable":true,"href":"https:\/\/mythkeyjewelry.com\/nb\/wp-json\/wp\/v2\/product_cat?post=1241"},{"taxonomy":"product_tag","embeddable":true,"href":"https:\/\/mythkeyjewelry.com\/nb\/wp-json\/wp\/v2\/product_tag?post=1241"}],"curies":[{"name":"wp","href":"https:\/\/api.w.org\/{rel}","templated":true}]}}